{"id":714,"date":"2016-11-18T18:36:12","date_gmt":"2016-11-18T23:36:12","guid":{"rendered":"http:\/\/172.16.1.9\/sitio\/?page_id=714"},"modified":"2023-10-28T10:46:03","modified_gmt":"2023-10-28T15:46:03","slug":"planeacion-gestion-y-control","status":"publish","type":"page","link":"https:\/\/www.contraloriameta.gov.co\/?page_id=714","title":{"rendered":"Planeacion Gesti\u00f3n y Control"},"content":{"rendered":"\t\t<div data-elementor-type=\"wp-page\" data-elementor-id=\"714\" class=\"elementor elementor-714\" data-elementor-post-type=\"page\">\n\t\t\t\t<div class=\"elementor-element elementor-element-26bddc8 e-flex e-con-boxed e-con e-parent\" data-id=\"26bddc8\" data-element_type=\"container\" data-e-type=\"container\">\n\t\t\t\t\t<div class=\"e-con-inner\">\n\t\t\t\t<div class=\"elementor-element elementor-element-8ff6c55 elementor-widget__width-initial elementor-position-top elementor-widget elementor-widget-image-box\" data-id=\"8ff6c55\" data-element_type=\"widget\" data-e-type=\"widget\" data-widget_type=\"image-box.default\">\n\t\t\t\t<div class=\"elementor-widget-container\">\n\t\t\t\t\t<div class=\"elementor-image-box-wrapper\"><figure class=\"elementor-image-box-img\"><a href=\"https:\/\/www.contraloriameta.gov.co\/?page_id=1288\" tabindex=\"-1\"><img fetchpriority=\"high\" decoding=\"async\" width=\"473\" height=\"429\" src=\"https:\/\/www.contraloriameta.gov.co\/wp-content\/uploads\/ICONO-PLANES.jpg\" class=\"attachment-full size-full wp-image-19516\" alt=\"\" srcset=\"https:\/\/www.contraloriameta.gov.co\/wp-content\/uploads\/ICONO-PLANES.jpg 473w, https:\/\/www.contraloriameta.gov.co\/wp-content\/uploads\/ICONO-PLANES-300x272.jpg 300w\" sizes=\"(max-width: 473px) 100vw, 473px\" \/><\/a><\/figure><div class=\"elementor-image-box-content\"><h4 class=\"elementor-image-box-title\"><a href=\"https:\/\/www.contraloriameta.gov.co\/?page_id=1288\">Planes<\/a><\/h4><\/div><\/div>\t\t\t\t<\/div>\n\t\t\t\t<\/div>\n\t\t\t\t<div class=\"elementor-element elementor-element-4ef32d8 elementor-widget__width-initial elementor-position-top elementor-widget elementor-widget-image-box\" data-id=\"4ef32d8\" data-element_type=\"widget\" data-e-type=\"widget\" data-widget_type=\"image-box.default\">\n\t\t\t\t<div class=\"elementor-widget-container\">\n\t\t\t\t\t<div class=\"elementor-image-box-wrapper\"><figure class=\"elementor-image-box-img\"><a href=\"https:\/\/www.contraloriameta.gov.co\/?page_id=1078\" tabindex=\"-1\"><img decoding=\"async\" width=\"440\" height=\"429\" src=\"https:\/\/www.contraloriameta.gov.co\/wp-content\/uploads\/ICONO-PROCEDIMIENTO.jpg\" class=\"attachment-full size-full wp-image-19517\" alt=\"\" srcset=\"https:\/\/www.contraloriameta.gov.co\/wp-content\/uploads\/ICONO-PROCEDIMIENTO.jpg 440w, https:\/\/www.contraloriameta.gov.co\/wp-content\/uploads\/ICONO-PROCEDIMIENTO-300x293.jpg 300w\" sizes=\"(max-width: 440px) 100vw, 440px\" \/><\/a><\/figure><div class=\"elementor-image-box-content\"><h4 class=\"elementor-image-box-title\"><a href=\"https:\/\/www.contraloriameta.gov.co\/?page_id=1078\">Procedimientos<\/a><\/h4><\/div><\/div>\t\t\t\t<\/div>\n\t\t\t\t<\/div>\n\t\t\t\t<div class=\"elementor-element elementor-element-ef141be elementor-widget__width-initial elementor-position-top elementor-widget elementor-widget-image-box\" data-id=\"ef141be\" data-element_type=\"widget\" data-e-type=\"widget\" data-widget_type=\"image-box.default\">\n\t\t\t\t<div class=\"elementor-widget-container\">\n\t\t\t\t\t<div class=\"elementor-image-box-wrapper\"><figure class=\"elementor-image-box-img\"><a href=\"https:\/\/www.contraloriameta.gov.co\/?page_id=1302\" tabindex=\"-1\"><img decoding=\"async\" width=\"441\" height=\"429\" src=\"https:\/\/www.contraloriameta.gov.co\/wp-content\/uploads\/ICONO-INFORMES-DE-GESTION.jpg\" class=\"attachment-full size-full wp-image-19518\" alt=\"\" srcset=\"https:\/\/www.contraloriameta.gov.co\/wp-content\/uploads\/ICONO-INFORMES-DE-GESTION.jpg 441w, https:\/\/www.contraloriameta.gov.co\/wp-content\/uploads\/ICONO-INFORMES-DE-GESTION-300x292.jpg 300w\" sizes=\"(max-width: 441px) 100vw, 441px\" \/><\/a><\/figure><div class=\"elementor-image-box-content\"><h4 class=\"elementor-image-box-title\"><a href=\"https:\/\/www.contraloriameta.gov.co\/?page_id=1302\">Informes de gesti\u00f3n<\/a><\/h4><\/div><\/div>\t\t\t\t<\/div>\n\t\t\t\t<\/div>\n\t\t\t\t<div class=\"elementor-element elementor-element-7823c80 elementor-widget__width-initial elementor-position-top elementor-widget elementor-widget-image-box\" data-id=\"7823c80\" data-element_type=\"widget\" data-e-type=\"widget\" data-widget_type=\"image-box.default\">\n\t\t\t\t<div class=\"elementor-widget-container\">\n\t\t\t\t\t<div class=\"elementor-image-box-wrapper\"><figure class=\"elementor-image-box-img\"><a href=\"https:\/\/www.contraloriameta.gov.co\/?page_id=1335\" tabindex=\"-1\"><img loading=\"lazy\" decoding=\"async\" width=\"459\" height=\"430\" src=\"https:\/\/www.contraloriameta.gov.co\/wp-content\/uploads\/ICONO-MANUALES01.jpg\" class=\"attachment-full size-full wp-image-19515\" alt=\"\" srcset=\"https:\/\/www.contraloriameta.gov.co\/wp-content\/uploads\/ICONO-MANUALES01.jpg 459w, https:\/\/www.contraloriameta.gov.co\/wp-content\/uploads\/ICONO-MANUALES01-300x281.jpg 300w\" sizes=\"(max-width: 459px) 100vw, 459px\" \/><\/a><\/figure><div class=\"elementor-image-box-content\"><h4 class=\"elementor-image-box-title\"><a href=\"https:\/\/www.contraloriameta.gov.co\/?page_id=1335\">Manuales<\/a><\/h4><\/div><\/div>\t\t\t\t<\/div>\n\t\t\t\t<\/div>\n\t\t\t\t<div class=\"elementor-element elementor-element-b569d59 elementor-widget__width-initial elementor-position-top elementor-widget elementor-widget-image-box\" data-id=\"b569d59\" data-element_type=\"widget\" data-e-type=\"widget\" data-widget_type=\"image-box.default\">\n\t\t\t\t<div class=\"elementor-widget-container\">\n\t\t\t\t\t<div class=\"elementor-image-box-wrapper\"><figure class=\"elementor-image-box-img\"><a href=\"https:\/\/www.contraloriameta.gov.co\/?page_id=1338\" tabindex=\"-1\"><img loading=\"lazy\" decoding=\"async\" width=\"445\" height=\"429\" src=\"https:\/\/www.contraloriameta.gov.co\/wp-content\/uploads\/ICONOS-INDICADORES.jpg\" class=\"attachment-full size-full wp-image-19519\" alt=\"\" srcset=\"https:\/\/www.contraloriameta.gov.co\/wp-content\/uploads\/ICONOS-INDICADORES.jpg 445w, https:\/\/www.contraloriameta.gov.co\/wp-content\/uploads\/ICONOS-INDICADORES-300x289.jpg 300w\" sizes=\"(max-width: 445px) 100vw, 445px\" \/><\/a><\/figure><div class=\"elementor-image-box-content\"><h4 class=\"elementor-image-box-title\"><a href=\"https:\/\/www.contraloriameta.gov.co\/?page_id=1338\">Indicadores<\/a><\/h4><\/div><\/div>\t\t\t\t<\/div>\n\t\t\t\t<\/div>\n\t\t\t\t<div class=\"elementor-element elementor-element-6cc31cb elementor-widget__width-initial elementor-position-top elementor-widget elementor-widget-image-box\" data-id=\"6cc31cb\" data-element_type=\"widget\" data-e-type=\"widget\" data-widget_type=\"image-box.default\">\n\t\t\t\t<div class=\"elementor-widget-container\">\n\t\t\t\t\t<div class=\"elementor-image-box-wrapper\"><figure class=\"elementor-image-box-img\"><a href=\"https:\/\/www.contraloriameta.gov.co\/?page_id=1341\" tabindex=\"-1\"><img loading=\"lazy\" decoding=\"async\" width=\"441\" height=\"429\" src=\"https:\/\/www.contraloriameta.gov.co\/wp-content\/uploads\/ICONOS-POLITICAS.jpg\" class=\"attachment-full size-full wp-image-19520\" alt=\"\" srcset=\"https:\/\/www.contraloriameta.gov.co\/wp-content\/uploads\/ICONOS-POLITICAS.jpg 441w, https:\/\/www.contraloriameta.gov.co\/wp-content\/uploads\/ICONOS-POLITICAS-300x292.jpg 300w\" sizes=\"(max-width: 441px) 100vw, 441px\" \/><\/a><\/figure><div class=\"elementor-image-box-content\"><h4 class=\"elementor-image-box-title\"><a href=\"https:\/\/www.contraloriameta.gov.co\/?page_id=1341\">Politicas<\/a><\/h4><\/div><\/div>\t\t\t\t<\/div>\n\t\t\t\t<\/div>\n\t\t\t\t\t<\/div>\n\t\t\t\t<\/div>\n\t\t\t\t<\/div>\n\t\t","protected":false},"excerpt":{"rendered":"<p>Planes Procedimientos Informes de gesti\u00f3n Manuales Indicadores Politicas<\/p>\n","protected":false},"author":6,"featured_media":0,"parent":630,"menu_order":0,"comment_status":"closed","ping_status":"closed","template":"","meta":{"footnotes":""},"class_list":["post-714","page","type-page","status-publish","hentry"],"yoast_head":"<!-- This site is optimized with the Yoast SEO plugin v27.2 - https:\/\/yoast.com\/product\/yoast-seo-wordpress\/ -->\n<title>Planeacion Gesti\u00f3n y Control - Contralor\u00eda Departamental del Meta<\/title>\n<meta name=\"robots\" content=\"index, follow, max-snippet:-1, max-image-preview:large, max-video-preview:-1\" \/>\n<link rel=\"canonical\" href=\"https:\/\/www.contraloriameta.gov.co\/?page_id=714\" \/>\n<meta property=\"og:locale\" content=\"es_ES\" \/>\n<meta property=\"og:type\" content=\"article\" \/>\n<meta property=\"og:title\" content=\"Planeacion Gesti\u00f3n y Control - Contralor\u00eda Departamental del Meta\" \/>\n<meta property=\"og:description\" content=\"Planes Procedimientos Informes de gesti\u00f3n Manuales Indicadores Politicas\" \/>\n<meta property=\"og:url\" content=\"https:\/\/www.contraloriameta.gov.co\/?page_id=714\" \/>\n<meta property=\"og:site_name\" content=\"Contralor\u00eda Departamental del Meta\" \/>\n<meta property=\"article:publisher\" content=\"https:\/\/www.facebook.com\/ContraloriaMeta\" \/>\n<meta property=\"article:modified_time\" content=\"2023-10-28T15:46:03+00:00\" \/>\n<meta property=\"og:image\" content=\"https:\/\/www.contraloriameta.gov.co\/wp-content\/uploads\/ICONO-PLANES.jpg\" \/>\n<meta name=\"twitter:card\" content=\"summary_large_image\" \/>\n<meta name=\"twitter:site\" content=\"@ContraloriaMeta\" \/>\n<meta name=\"twitter:label1\" content=\"Tiempo de lectura\" \/>\n\t<meta name=\"twitter:data1\" content=\"2 minutos\" \/>\n<script type=\"application\/ld+json\" class=\"yoast-schema-graph\">{\"@context\":\"https:\/\/schema.org\",\"@graph\":[{\"@type\":\"WebPage\",\"@id\":\"https:\/\/www.contraloriameta.gov.co\/?page_id=714\",\"url\":\"https:\/\/www.contraloriameta.gov.co\/?page_id=714\",\"name\":\"Planeacion Gesti\u00f3n y Control - Contralor\u00eda Departamental del Meta\",\"isPartOf\":{\"@id\":\"https:\/\/www.contraloriameta.gov.co\/#website\"},\"primaryImageOfPage\":{\"@id\":\"https:\/\/www.contraloriameta.gov.co\/?page_id=714#primaryimage\"},\"image\":{\"@id\":\"https:\/\/www.contraloriameta.gov.co\/?page_id=714#primaryimage\"},\"thumbnailUrl\":\"https:\/\/www.contraloriameta.gov.co\/wp-content\/uploads\/ICONO-PLANES.jpg\",\"datePublished\":\"2016-11-18T23:36:12+00:00\",\"dateModified\":\"2023-10-28T15:46:03+00:00\",\"breadcrumb\":{\"@id\":\"https:\/\/www.contraloriameta.gov.co\/?page_id=714#breadcrumb\"},\"inLanguage\":\"es\",\"potentialAction\":[{\"@type\":\"ReadAction\",\"target\":[\"https:\/\/www.contraloriameta.gov.co\/?page_id=714\"]}]},{\"@type\":\"ImageObject\",\"inLanguage\":\"es\",\"@id\":\"https:\/\/www.contraloriameta.gov.co\/?page_id=714#primaryimage\",\"url\":\"https:\/\/www.contraloriameta.gov.co\/wp-content\/uploads\/ICONO-PLANES.jpg\",\"contentUrl\":\"https:\/\/www.contraloriameta.gov.co\/wp-content\/uploads\/ICONO-PLANES.jpg\",\"width\":473,\"height\":429},{\"@type\":\"BreadcrumbList\",\"@id\":\"https:\/\/www.contraloriameta.gov.co\/?page_id=714#breadcrumb\",\"itemListElement\":[{\"@type\":\"ListItem\",\"position\":1,\"name\":\"Portada\",\"item\":\"https:\/\/www.contraloriameta.gov.co\/\"},{\"@type\":\"ListItem\",\"position\":2,\"name\":\"Nuestra Entidad\",\"item\":\"https:\/\/www.contraloriameta.gov.co\/\"},{\"@type\":\"ListItem\",\"position\":3,\"name\":\"Planeacion Gesti\u00f3n y Control\"}]},{\"@type\":\"WebSite\",\"@id\":\"https:\/\/www.contraloriameta.gov.co\/#website\",\"url\":\"https:\/\/www.contraloriameta.gov.co\/\",\"name\":\"Contralor\u00eda Departamental del Meta\",\"description\":\"\",\"publisher\":{\"@id\":\"https:\/\/www.contraloriameta.gov.co\/#organization\"},\"potentialAction\":[{\"@type\":\"SearchAction\",\"target\":{\"@type\":\"EntryPoint\",\"urlTemplate\":\"https:\/\/www.contraloriameta.gov.co\/?s={search_term_string}\"},\"query-input\":{\"@type\":\"PropertyValueSpecification\",\"valueRequired\":true,\"valueName\":\"search_term_string\"}}],\"inLanguage\":\"es\"},{\"@type\":\"Organization\",\"@id\":\"https:\/\/www.contraloriameta.gov.co\/#organization\",\"name\":\"Contralor\u00eda Departamental del Meta\",\"url\":\"https:\/\/www.contraloriameta.gov.co\/\",\"logo\":{\"@type\":\"ImageObject\",\"inLanguage\":\"es\",\"@id\":\"https:\/\/www.contraloriameta.gov.co\/#\/schema\/logo\/image\/\",\"url\":\"https:\/\/www.contraloriameta.gov.co\/wp-content\/uploads\/LOGO_CDM_01.jpg\",\"contentUrl\":\"https:\/\/www.contraloriameta.gov.co\/wp-content\/uploads\/LOGO_CDM_01.jpg\",\"width\":2372,\"height\":876,\"caption\":\"Contralor\u00eda Departamental del Meta\"},\"image\":{\"@id\":\"https:\/\/www.contraloriameta.gov.co\/#\/schema\/logo\/image\/\"},\"sameAs\":[\"https:\/\/www.facebook.com\/ContraloriaMeta\",\"https:\/\/x.com\/ContraloriaMeta\",\"https:\/\/instagram.com\/contraloria.meta\"]}]}<\/script>\n<!-- \/ Yoast SEO plugin. -->","yoast_head_json":{"title":"Planeacion Gesti\u00f3n y Control - Contralor\u00eda Departamental del Meta","robots":{"index":"index","follow":"follow","max-snippet":"max-snippet:-1","max-image-preview":"max-image-preview:large","max-video-preview":"max-video-preview:-1"},"canonical":"https:\/\/www.contraloriameta.gov.co\/?page_id=714","og_locale":"es_ES","og_type":"article","og_title":"Planeacion Gesti\u00f3n y Control - Contralor\u00eda Departamental del Meta","og_description":"Planes Procedimientos Informes de gesti\u00f3n Manuales Indicadores Politicas","og_url":"https:\/\/www.contraloriameta.gov.co\/?page_id=714","og_site_name":"Contralor\u00eda Departamental del Meta","article_publisher":"https:\/\/www.facebook.com\/ContraloriaMeta","article_modified_time":"2023-10-28T15:46:03+00:00","og_image":[{"url":"https:\/\/www.contraloriameta.gov.co\/wp-content\/uploads\/ICONO-PLANES.jpg","type":"","width":"","height":""}],"twitter_card":"summary_large_image","twitter_site":"@ContraloriaMeta","twitter_misc":{"Tiempo de lectura":"2 minutos"},"schema":{"@context":"https:\/\/schema.org","@graph":[{"@type":"WebPage","@id":"https:\/\/www.contraloriameta.gov.co\/?page_id=714","url":"https:\/\/www.contraloriameta.gov.co\/?page_id=714","name":"Planeacion Gesti\u00f3n y Control - Contralor\u00eda Departamental del Meta","isPartOf":{"@id":"https:\/\/www.contraloriameta.gov.co\/#website"},"primaryImageOfPage":{"@id":"https:\/\/www.contraloriameta.gov.co\/?page_id=714#primaryimage"},"image":{"@id":"https:\/\/www.contraloriameta.gov.co\/?page_id=714#primaryimage"},"thumbnailUrl":"https:\/\/www.contraloriameta.gov.co\/wp-content\/uploads\/ICONO-PLANES.jpg","datePublished":"2016-11-18T23:36:12+00:00","dateModified":"2023-10-28T15:46:03+00:00","breadcrumb":{"@id":"https:\/\/www.contraloriameta.gov.co\/?page_id=714#breadcrumb"},"inLanguage":"es","potentialAction":[{"@type":"ReadAction","target":["https:\/\/www.contraloriameta.gov.co\/?page_id=714"]}]},{"@type":"ImageObject","inLanguage":"es","@id":"https:\/\/www.contraloriameta.gov.co\/?page_id=714#primaryimage","url":"https:\/\/www.contraloriameta.gov.co\/wp-content\/uploads\/ICONO-PLANES.jpg","contentUrl":"https:\/\/www.contraloriameta.gov.co\/wp-content\/uploads\/ICONO-PLANES.jpg","width":473,"height":429},{"@type":"BreadcrumbList","@id":"https:\/\/www.contraloriameta.gov.co\/?page_id=714#breadcrumb","itemListElement":[{"@type":"ListItem","position":1,"name":"Portada","item":"https:\/\/www.contraloriameta.gov.co\/"},{"@type":"ListItem","position":2,"name":"Nuestra Entidad","item":"https:\/\/www.contraloriameta.gov.co\/"},{"@type":"ListItem","position":3,"name":"Planeacion Gesti\u00f3n y Control"}]},{"@type":"WebSite","@id":"https:\/\/www.contraloriameta.gov.co\/#website","url":"https:\/\/www.contraloriameta.gov.co\/","name":"Contralor\u00eda Departamental del Meta","description":"","publisher":{"@id":"https:\/\/www.contraloriameta.gov.co\/#organization"},"potentialAction":[{"@type":"SearchAction","target":{"@type":"EntryPoint","urlTemplate":"https:\/\/www.contraloriameta.gov.co\/?s={search_term_string}"},"query-input":{"@type":"PropertyValueSpecification","valueRequired":true,"valueName":"search_term_string"}}],"inLanguage":"es"},{"@type":"Organization","@id":"https:\/\/www.contraloriameta.gov.co\/#organization","name":"Contralor\u00eda Departamental del Meta","url":"https:\/\/www.contraloriameta.gov.co\/","logo":{"@type":"ImageObject","inLanguage":"es","@id":"https:\/\/www.contraloriameta.gov.co\/#\/schema\/logo\/image\/","url":"https:\/\/www.contraloriameta.gov.co\/wp-content\/uploads\/LOGO_CDM_01.jpg","contentUrl":"https:\/\/www.contraloriameta.gov.co\/wp-content\/uploads\/LOGO_CDM_01.jpg","width":2372,"height":876,"caption":"Contralor\u00eda Departamental del Meta"},"image":{"@id":"https:\/\/www.contraloriameta.gov.co\/#\/schema\/logo\/image\/"},"sameAs":["https:\/\/www.facebook.com\/ContraloriaMeta","https:\/\/x.com\/ContraloriaMeta","https:\/\/instagram.com\/contraloria.meta"]}]}},"_links":{"self":[{"href":"https:\/\/www.contraloriameta.gov.co\/index.php?rest_route=\/wp\/v2\/pages\/714","targetHints":{"allow":["GET"]}}],"collection":[{"href":"https:\/\/www.contraloriameta.gov.co\/index.php?rest_route=\/wp\/v2\/pages"}],"about":[{"href":"https:\/\/www.contraloriameta.gov.co\/index.php?rest_route=\/wp\/v2\/types\/page"}],"author":[{"embeddable":true,"href":"https:\/\/www.contraloriameta.gov.co\/index.php?rest_route=\/wp\/v2\/users\/6"}],"replies":[{"embeddable":true,"href":"https:\/\/www.contraloriameta.gov.co\/index.php?rest_route=%2Fwp%2Fv2%2Fcomments&post=714"}],"version-history":[{"count":0,"href":"https:\/\/www.contraloriameta.gov.co\/index.php?rest_route=\/wp\/v2\/pages\/714\/revisions"}],"up":[{"embeddable":true,"href":"https:\/\/www.contraloriameta.gov.co\/index.php?rest_route=\/wp\/v2\/pages\/630"}],"wp:attachment":[{"href":"https:\/\/www.contraloriameta.gov.co\/index.php?rest_route=%2Fwp%2Fv2%2Fmedia&parent=714"}],"curies":[{"name":"wp","href":"https:\/\/api.w.org\/{rel}","templated":true}]}}