{"id":7007,"date":"2017-05-25T10:30:55","date_gmt":"2017-05-25T15:30:55","guid":{"rendered":"http:\/\/172.16.1.2:8080\/sitio\/?page_id=7007"},"modified":"2023-11-19T19:22:44","modified_gmt":"2023-11-20T00:22:44","slug":"foros","status":"publish","type":"page","link":"https:\/\/www.contraloriameta.gov.co\/?page_id=7007","title":{"rendered":"Foros"},"content":{"rendered":"\t\t<div data-elementor-type=\"wp-page\" data-elementor-id=\"7007\" class=\"elementor elementor-7007\" data-elementor-post-type=\"page\">\n\t\t\t\t<div class=\"elementor-element elementor-element-5dbac64d e-flex e-con-boxed e-con e-parent\" data-id=\"5dbac64d\" data-element_type=\"container\" data-e-type=\"container\">\n\t\t\t\t\t<div class=\"e-con-inner\">\n\t\t\t\t<div class=\"elementor-element elementor-element-767f1a25 elementor-widget elementor-widget-text-editor\" data-id=\"767f1a25\" data-element_type=\"widget\" data-e-type=\"widget\" data-widget_type=\"text-editor.default\">\n\t\t\t\t<div class=\"elementor-widget-container\">\n\t\t\t\t\t\t\t\t\t<h3>2017<\/h3><p>[download id=\u00bb12452&#8243; template=\u00bbForo Acad\u00e9mico Puerto L\u00f3pez\u00bb]<\/p><p>[download id=\u00bb12455&#8243; template=\u00bbForo Acad\u00e9mico Villavicencio\u00bb]<\/p><h3>2016<\/h3><p>[download id=\u00bb7173&#8243;]<\/p><p>[download id=\u00bb7171&#8243;]<\/p><table style=\"font-weight: 400; width: 100%;\" width=\"100%\"><tbody><tr style=\"height: 8px;\"><td style=\"background-color: #e01b95; width: 50px; text-align: center; height: 8px;\" width=\"50\"><span style=\"color: #ffffff;\"><strong>ITEM<\/strong><\/span><\/td><td style=\"background-color: #e01b95; width: 50px; text-align: center; height: 8px;\" width=\"467\"><span style=\"color: #ffffff;\"><strong>TEMARIO<\/strong><\/span><\/td><\/tr><tr style=\"height: 22px;\"><td style=\"text-align: center; height: 22px;\" width=\"50\"><strong>1<\/strong><\/td><td style=\"height: 22px;\" width=\"467\">CONCEPTOS B\u00c1SICOS DE LA PARTICIPACI\u00d3N Y GESTI\u00d3N P\u00daBLICA<\/td><\/tr><tr style=\"height: 22px;\"><td style=\"text-align: center; height: 22px;\" width=\"50\"><strong>2<\/strong><\/td><td style=\"height: 22px;\" width=\"467\">ESPACIOS, INSTANCIAS Y FORMAS DE PARTICIPACI\u00d3N<\/td><\/tr><tr style=\"height: 22px;\"><td style=\"text-align: center; height: 22px;\" width=\"50\"><strong>3<\/strong><\/td><td style=\"height: 22px;\" width=\"467\">EL CONTROL SOCIAL A LA GESTI\u00d3N P\u00daBLICA<\/td><\/tr><tr style=\"height: 22px;\"><td style=\"text-align: center; height: 22px;\" width=\"50\"><strong>4<\/strong><\/td><td style=\"height: 22px;\" width=\"467\">LAS VEEDUR\u00cdAS CIUDADANAS ( LEY 850 DE 2003)<\/td><\/tr><tr style=\"height: 44px;\"><td style=\"text-align: center; height: 44px;\" width=\"50\"><strong>5<\/strong><\/td><td style=\"height: 44px;\" width=\"467\">LAS VEEDUR\u00cdAS CIUDADANAS A LOS PROGRAMAS DE DESARROLLO TERRITORIAL &#8211; PDET<\/td><\/tr><tr style=\"height: 32px;\"><td style=\"height: 32px;\" width=\"50\"><p style=\"text-align: center;\"><strong>6<\/strong><\/p><\/td><td style=\"height: 32px;\" width=\"467\">EL PROCESO DE RENDICI\u00d3N DE CUENTAS<\/td><\/tr><\/tbody><\/table><p>\u00a0<\/p><table style=\"width: 100%;\"><tbody><tr><td style=\"width: 224px; background-color: #121c75; text-align: center;\"><span style=\"color: #ffffff;\"><strong>Documento<\/strong><\/span><\/td><td style=\"width: 224px; background-color: #121c75; text-align: center;\"><span style=\"color: #ffffff;\"><strong>Descargar<\/strong><\/span><\/td><\/tr><tr><td style=\"width: 224px;\">Ficha T\u00e9cnica Encuesta Satisfacci\u00f3n del Cliente\u00a0Foro 2018\u00a0<\/td><td style=\"width: 271px;\"><div class=\"botondescarga\">\u00a0<\/div><\/td><\/tr><tr><td style=\"width: 224px;\">Ficha T\u00e9cnica Encuesta Satisfacci\u00f3n del Cliente\u00a0Foros y Encuentros IV Trimestre 2018\u00a0\u00a0<\/td><td style=\"width: 271px;\"><div class=\"botondescarga\">\u00a0<\/div><\/td><\/tr><\/tbody><\/table>\t\t\t\t\t\t\t\t<\/div>\n\t\t\t\t<\/div>\n\t\t\t\t\t<\/div>\n\t\t\t\t<\/div>\n\t\t\t\t<\/div>\n\t\t","protected":false},"excerpt":{"rendered":"<p>2017 [download id=\u00bb12452&#8243; template=\u00bbForo Acad\u00e9mico Puerto L\u00f3pez\u00bb] [download id=\u00bb12455&#8243; template=\u00bbForo Acad\u00e9mico Villavicencio\u00bb] 2016 [download id=\u00bb7173&#8243;] [download id=\u00bb7171&#8243;] ITEM TEMARIO 1 CONCEPTOS B\u00c1SICOS DE LA PARTICIPACI\u00d3N Y GESTI\u00d3N P\u00daBLICA 2 ESPACIOS, INSTANCIAS Y FORMAS DE PARTICIPACI\u00d3N 3 EL CONTROL SOCIAL A LA GESTI\u00d3N P\u00daBLICA 4 LAS VEEDUR\u00cdAS CIUDADANAS ( LEY 850 DE 2003) 5 LAS VEEDUR\u00cdAS [&hellip;]<\/p>\n","protected":false},"author":6,"featured_media":0,"parent":6981,"menu_order":0,"comment_status":"closed","ping_status":"closed","template":"","meta":{"footnotes":""},"class_list":["post-7007","page","type-page","status-publish","hentry"],"yoast_head":"<!-- This site is optimized with the Yoast SEO plugin v27.2 - https:\/\/yoast.com\/product\/yoast-seo-wordpress\/ -->\n<title>Foros - Contralor\u00eda Departamental del Meta<\/title>\n<meta name=\"robots\" content=\"index, follow, max-snippet:-1, max-image-preview:large, max-video-preview:-1\" \/>\n<link rel=\"canonical\" href=\"https:\/\/www.contraloriameta.gov.co\/?page_id=7007\" \/>\n<meta property=\"og:locale\" content=\"es_ES\" \/>\n<meta property=\"og:type\" content=\"article\" \/>\n<meta property=\"og:title\" content=\"Foros - Contralor\u00eda Departamental del Meta\" \/>\n<meta property=\"og:description\" content=\"2017 [download id=\u00bb12452&#8243; template=\u00bbForo Acad\u00e9mico Puerto L\u00f3pez\u00bb] [download id=\u00bb12455&#8243; template=\u00bbForo Acad\u00e9mico Villavicencio\u00bb] 2016 [download id=\u00bb7173&#8243;] [download id=\u00bb7171&#8243;] ITEM TEMARIO 1 CONCEPTOS B\u00c1SICOS DE LA PARTICIPACI\u00d3N Y GESTI\u00d3N P\u00daBLICA 2 ESPACIOS, INSTANCIAS Y FORMAS DE PARTICIPACI\u00d3N 3 EL CONTROL SOCIAL A LA GESTI\u00d3N P\u00daBLICA 4 LAS VEEDUR\u00cdAS CIUDADANAS ( LEY 850 DE 2003) 5 LAS VEEDUR\u00cdAS [&hellip;]\" \/>\n<meta property=\"og:url\" content=\"https:\/\/www.contraloriameta.gov.co\/?page_id=7007\" \/>\n<meta property=\"og:site_name\" content=\"Contralor\u00eda Departamental del Meta\" \/>\n<meta property=\"article:publisher\" content=\"https:\/\/www.facebook.com\/ContraloriaMeta\" \/>\n<meta property=\"article:modified_time\" content=\"2023-11-20T00:22:44+00:00\" \/>\n<meta name=\"twitter:card\" content=\"summary_large_image\" \/>\n<meta name=\"twitter:site\" content=\"@ContraloriaMeta\" \/>\n<meta name=\"twitter:label1\" content=\"Tiempo de lectura\" \/>\n\t<meta name=\"twitter:data1\" content=\"1 minuto\" \/>\n<script type=\"application\/ld+json\" class=\"yoast-schema-graph\">{\"@context\":\"https:\/\/schema.org\",\"@graph\":[{\"@type\":\"WebPage\",\"@id\":\"https:\/\/www.contraloriameta.gov.co\/?page_id=7007\",\"url\":\"https:\/\/www.contraloriameta.gov.co\/?page_id=7007\",\"name\":\"Foros - Contralor\u00eda Departamental del Meta\",\"isPartOf\":{\"@id\":\"https:\/\/www.contraloriameta.gov.co\/#website\"},\"datePublished\":\"2017-05-25T15:30:55+00:00\",\"dateModified\":\"2023-11-20T00:22:44+00:00\",\"breadcrumb\":{\"@id\":\"https:\/\/www.contraloriameta.gov.co\/?page_id=7007#breadcrumb\"},\"inLanguage\":\"es\",\"potentialAction\":[{\"@type\":\"ReadAction\",\"target\":[\"https:\/\/www.contraloriameta.gov.co\/?page_id=7007\"]}]},{\"@type\":\"BreadcrumbList\",\"@id\":\"https:\/\/www.contraloriameta.gov.co\/?page_id=7007#breadcrumb\",\"itemListElement\":[{\"@type\":\"ListItem\",\"position\":1,\"name\":\"Portada\",\"item\":\"https:\/\/www.contraloriameta.gov.co\/\"},{\"@type\":\"ListItem\",\"position\":2,\"name\":\"Ciudadan\u00eda\",\"item\":\"https:\/\/www.contraloriameta.gov.co\/?page_id=43\"},{\"@type\":\"ListItem\",\"position\":3,\"name\":\"Satisfacci\u00f3n del Cliente\",\"item\":\"https:\/\/www.contraloriameta.gov.co\/?page_id=6981\"},{\"@type\":\"ListItem\",\"position\":4,\"name\":\"Foros\"}]},{\"@type\":\"WebSite\",\"@id\":\"https:\/\/www.contraloriameta.gov.co\/#website\",\"url\":\"https:\/\/www.contraloriameta.gov.co\/\",\"name\":\"Contralor\u00eda Departamental del Meta\",\"description\":\"\",\"publisher\":{\"@id\":\"https:\/\/www.contraloriameta.gov.co\/#organization\"},\"potentialAction\":[{\"@type\":\"SearchAction\",\"target\":{\"@type\":\"EntryPoint\",\"urlTemplate\":\"https:\/\/www.contraloriameta.gov.co\/?s={search_term_string}\"},\"query-input\":{\"@type\":\"PropertyValueSpecification\",\"valueRequired\":true,\"valueName\":\"search_term_string\"}}],\"inLanguage\":\"es\"},{\"@type\":\"Organization\",\"@id\":\"https:\/\/www.contraloriameta.gov.co\/#organization\",\"name\":\"Contralor\u00eda Departamental del Meta\",\"url\":\"https:\/\/www.contraloriameta.gov.co\/\",\"logo\":{\"@type\":\"ImageObject\",\"inLanguage\":\"es\",\"@id\":\"https:\/\/www.contraloriameta.gov.co\/#\/schema\/logo\/image\/\",\"url\":\"https:\/\/www.contraloriameta.gov.co\/wp-content\/uploads\/LOGO_CDM_01.jpg\",\"contentUrl\":\"https:\/\/www.contraloriameta.gov.co\/wp-content\/uploads\/LOGO_CDM_01.jpg\",\"width\":2372,\"height\":876,\"caption\":\"Contralor\u00eda Departamental del Meta\"},\"image\":{\"@id\":\"https:\/\/www.contraloriameta.gov.co\/#\/schema\/logo\/image\/\"},\"sameAs\":[\"https:\/\/www.facebook.com\/ContraloriaMeta\",\"https:\/\/x.com\/ContraloriaMeta\",\"https:\/\/instagram.com\/contraloria.meta\"]}]}<\/script>\n<!-- \/ Yoast SEO plugin. -->","yoast_head_json":{"title":"Foros - Contralor\u00eda Departamental del Meta","robots":{"index":"index","follow":"follow","max-snippet":"max-snippet:-1","max-image-preview":"max-image-preview:large","max-video-preview":"max-video-preview:-1"},"canonical":"https:\/\/www.contraloriameta.gov.co\/?page_id=7007","og_locale":"es_ES","og_type":"article","og_title":"Foros - Contralor\u00eda Departamental del Meta","og_description":"2017 [download id=\u00bb12452&#8243; template=\u00bbForo Acad\u00e9mico Puerto L\u00f3pez\u00bb] [download id=\u00bb12455&#8243; template=\u00bbForo Acad\u00e9mico Villavicencio\u00bb] 2016 [download id=\u00bb7173&#8243;] [download id=\u00bb7171&#8243;] ITEM TEMARIO 1 CONCEPTOS B\u00c1SICOS DE LA PARTICIPACI\u00d3N Y GESTI\u00d3N P\u00daBLICA 2 ESPACIOS, INSTANCIAS Y FORMAS DE PARTICIPACI\u00d3N 3 EL CONTROL SOCIAL A LA GESTI\u00d3N P\u00daBLICA 4 LAS VEEDUR\u00cdAS CIUDADANAS ( LEY 850 DE 2003) 5 LAS VEEDUR\u00cdAS [&hellip;]","og_url":"https:\/\/www.contraloriameta.gov.co\/?page_id=7007","og_site_name":"Contralor\u00eda Departamental del Meta","article_publisher":"https:\/\/www.facebook.com\/ContraloriaMeta","article_modified_time":"2023-11-20T00:22:44+00:00","twitter_card":"summary_large_image","twitter_site":"@ContraloriaMeta","twitter_misc":{"Tiempo de lectura":"1 minuto"},"schema":{"@context":"https:\/\/schema.org","@graph":[{"@type":"WebPage","@id":"https:\/\/www.contraloriameta.gov.co\/?page_id=7007","url":"https:\/\/www.contraloriameta.gov.co\/?page_id=7007","name":"Foros - Contralor\u00eda Departamental del Meta","isPartOf":{"@id":"https:\/\/www.contraloriameta.gov.co\/#website"},"datePublished":"2017-05-25T15:30:55+00:00","dateModified":"2023-11-20T00:22:44+00:00","breadcrumb":{"@id":"https:\/\/www.contraloriameta.gov.co\/?page_id=7007#breadcrumb"},"inLanguage":"es","potentialAction":[{"@type":"ReadAction","target":["https:\/\/www.contraloriameta.gov.co\/?page_id=7007"]}]},{"@type":"BreadcrumbList","@id":"https:\/\/www.contraloriameta.gov.co\/?page_id=7007#breadcrumb","itemListElement":[{"@type":"ListItem","position":1,"name":"Portada","item":"https:\/\/www.contraloriameta.gov.co\/"},{"@type":"ListItem","position":2,"name":"Ciudadan\u00eda","item":"https:\/\/www.contraloriameta.gov.co\/?page_id=43"},{"@type":"ListItem","position":3,"name":"Satisfacci\u00f3n del Cliente","item":"https:\/\/www.contraloriameta.gov.co\/?page_id=6981"},{"@type":"ListItem","position":4,"name":"Foros"}]},{"@type":"WebSite","@id":"https:\/\/www.contraloriameta.gov.co\/#website","url":"https:\/\/www.contraloriameta.gov.co\/","name":"Contralor\u00eda Departamental del Meta","description":"","publisher":{"@id":"https:\/\/www.contraloriameta.gov.co\/#organization"},"potentialAction":[{"@type":"SearchAction","target":{"@type":"EntryPoint","urlTemplate":"https:\/\/www.contraloriameta.gov.co\/?s={search_term_string}"},"query-input":{"@type":"PropertyValueSpecification","valueRequired":true,"valueName":"search_term_string"}}],"inLanguage":"es"},{"@type":"Organization","@id":"https:\/\/www.contraloriameta.gov.co\/#organization","name":"Contralor\u00eda Departamental del Meta","url":"https:\/\/www.contraloriameta.gov.co\/","logo":{"@type":"ImageObject","inLanguage":"es","@id":"https:\/\/www.contraloriameta.gov.co\/#\/schema\/logo\/image\/","url":"https:\/\/www.contraloriameta.gov.co\/wp-content\/uploads\/LOGO_CDM_01.jpg","contentUrl":"https:\/\/www.contraloriameta.gov.co\/wp-content\/uploads\/LOGO_CDM_01.jpg","width":2372,"height":876,"caption":"Contralor\u00eda Departamental del Meta"},"image":{"@id":"https:\/\/www.contraloriameta.gov.co\/#\/schema\/logo\/image\/"},"sameAs":["https:\/\/www.facebook.com\/ContraloriaMeta","https:\/\/x.com\/ContraloriaMeta","https:\/\/instagram.com\/contraloria.meta"]}]}},"_links":{"self":[{"href":"https:\/\/www.contraloriameta.gov.co\/index.php?rest_route=\/wp\/v2\/pages\/7007","targetHints":{"allow":["GET"]}}],"collection":[{"href":"https:\/\/www.contraloriameta.gov.co\/index.php?rest_route=\/wp\/v2\/pages"}],"about":[{"href":"https:\/\/www.contraloriameta.gov.co\/index.php?rest_route=\/wp\/v2\/types\/page"}],"author":[{"embeddable":true,"href":"https:\/\/www.contraloriameta.gov.co\/index.php?rest_route=\/wp\/v2\/users\/6"}],"replies":[{"embeddable":true,"href":"https:\/\/www.contraloriameta.gov.co\/index.php?rest_route=%2Fwp%2Fv2%2Fcomments&post=7007"}],"version-history":[{"count":0,"href":"https:\/\/www.contraloriameta.gov.co\/index.php?rest_route=\/wp\/v2\/pages\/7007\/revisions"}],"up":[{"embeddable":true,"href":"https:\/\/www.contraloriameta.gov.co\/index.php?rest_route=\/wp\/v2\/pages\/6981"}],"wp:attachment":[{"href":"https:\/\/www.contraloriameta.gov.co\/index.php?rest_route=%2Fwp%2Fv2%2Fmedia&parent=7007"}],"curies":[{"name":"wp","href":"https:\/\/api.w.org\/{rel}","templated":true}]}}