{"id":42502,"date":"2025-10-04T11:33:26","date_gmt":"2025-10-04T16:33:26","guid":{"rendered":"https:\/\/www.contraloriameta.gov.co\/?page_id=42502"},"modified":"2025-10-06T15:18:43","modified_gmt":"2025-10-06T20:18:43","slug":"lenguaje-claro","status":"publish","type":"page","link":"https:\/\/www.contraloriameta.gov.co\/?page_id=42502","title":{"rendered":"Lenguaje Claro"},"content":{"rendered":"\t\t<div data-elementor-type=\"wp-page\" data-elementor-id=\"42502\" class=\"elementor elementor-42502\" data-elementor-post-type=\"page\">\n\t\t\t\t<div class=\"elementor-element elementor-element-4be197ed e-con-full e-flex e-con e-parent\" data-id=\"4be197ed\" data-element_type=\"container\" data-e-type=\"container\">\n\t\t\t\t<div class=\"elementor-element elementor-element-7797cd1 elementor-widget elementor-widget-image\" data-id=\"7797cd1\" data-element_type=\"widget\" data-e-type=\"widget\" data-widget_type=\"image.default\">\n\t\t\t\t<div class=\"elementor-widget-container\">\n\t\t\t\t\t\t\t\t\t\t\t\t\t\t\t<img fetchpriority=\"high\" decoding=\"async\" width=\"800\" height=\"282\" src=\"https:\/\/www.contraloriameta.gov.co\/wp-content\/uploads\/imagen-2025-10-04-1024x361.gif\" class=\"attachment-large size-large wp-image-42563\" alt=\"\" srcset=\"https:\/\/www.contraloriameta.gov.co\/wp-content\/uploads\/imagen-2025-10-04-1024x361.gif 1024w, https:\/\/www.contraloriameta.gov.co\/wp-content\/uploads\/imagen-2025-10-04-300x106.gif 300w, https:\/\/www.contraloriameta.gov.co\/wp-content\/uploads\/imagen-2025-10-04-768x271.gif 768w\" sizes=\"(max-width: 800px) 100vw, 800px\" \/>\t\t\t\t\t\t\t\t\t\t\t\t\t\t\t<\/div>\n\t\t\t\t<\/div>\n\t\t\t\t<\/div>\n\t\t<div class=\"elementor-element elementor-element-08dd91b e-flex e-con-boxed e-con e-parent\" data-id=\"08dd91b\" data-element_type=\"container\" data-e-type=\"container\">\n\t\t\t\t\t<div class=\"e-con-inner\">\n\t\t\t\t<div class=\"elementor-element elementor-element-036562a elementor-widget elementor-widget-text-editor\" data-id=\"036562a\" data-element_type=\"widget\" data-e-type=\"widget\" data-widget_type=\"text-editor.default\">\n\t\t\t\t<div class=\"elementor-widget-container\">\n\t\t\t\t\t\t\t\t\t<p style=\"text-align: justify;\"><span style=\"font-family: 'Arial','sans-serif';\">El lenguaje claro es un \u00a0m\u00e9todo de comunicaci\u00f3n que busca presentar la informaci\u00f3n de forma tan sencilla, directa y comprensible que cualquier persona \u00a0pueda encontrar, entender y usar lo que necesita, sin importar su nivel educativo o conocimientos previos.<\/span><\/p><p style=\"margin: 0cm; margin-bottom: .0001pt; background-image: initial; background-position: initial; background-size: initial; background-repeat: initial; background-attachment: initial; background-origin: initial; background-clip: initial;\"><span style=\"font-family: 'Arial','sans-serif';\">Su objetivo principal es facilitar la interacci\u00f3n\u00a0<span style=\"text-align: start;\">entre<\/span> las entidades y los ciudadanos, mejorando la transparencia, la participaci\u00f3n y el acceso a la informaci\u00f3n p\u00fablica.<\/span><span style=\"color: #2e75b6;\">\u00a0<\/span><\/p><p style=\"background-image: initial; background-position: initial; background-size: initial; background-repeat: initial; background-attachment: initial; background-origin: initial; background-clip: initial;\"><span style=\"font-family: 'Arial','sans-serif';\">El lenguaje claro contribuye a la apertura legislativa al eliminar barreas con la ciudadan\u00eda.<\/span><\/p><p style=\"background-image: initial; background-position: initial; background-size: initial; background-repeat: initial; background-attachment: initial; background-origin: initial; background-clip: initial;\"><span style=\"font-family: 'Arial','sans-serif';\">Facilitar el acceso a la informaci\u00f3n y adelantar la interacci\u00f3n y participaci\u00f3n de la ciudadan\u00eda.<\/span><\/p><p style=\"background-image: initial; background-position: initial; background-size: initial; background-repeat: initial; background-attachment: initial; background-origin: initial; background-clip: initial;\"><span style=\"font-family: 'Arial','sans-serif'; color: red;\">ESTE NOS PERMITE:<\/span><\/p><ul style=\"list-style-type: circle;\"><li style=\"background-image: initial; background-position: initial; background-size: initial; background-repeat: initial; background-attachment: initial; background-origin: initial; background-clip: initial;\"><span style=\"font-family: 'Arial','sans-serif';\">Centrarnos en el prop\u00f3sito comunicativo.<\/span><\/li><li style=\"background-image: initial; background-position: initial; background-size: initial; background-repeat: initial; background-attachment: initial; background-origin: initial; background-clip: initial;\">Facilitar la comprensi\u00f3n de lo escrito o dicho.<\/li><li style=\"background-image: initial; background-position: initial; background-size: initial; background-repeat: initial; background-attachment: initial; background-origin: initial; background-clip: initial;\"><span style=\"font-family: 'Arial','sans-serif';\">Incrementar la confianza de los ciudadanos <span style=\"text-align: start;\">en\u00a0<\/span><span style=\"text-align: start;\">las instituciones.<\/span><\/span><\/li><li style=\"background-image: initial; background-position: initial; background-size: initial; background-repeat: initial; background-attachment: initial; background-origin: initial; background-clip: initial;\"><span style=\"font-family: 'Arial','sans-serif';\">Promover el ejercicio de la democracia.<\/span><\/li><\/ul>\t\t\t\t\t\t\t\t<\/div>\n\t\t\t\t<\/div>\n\t\t\t\t\t<\/div>\n\t\t\t\t<\/div>\n\t\t\t\t<\/div>\n\t\t","protected":false},"excerpt":{"rendered":"<p>El lenguaje claro es un \u00a0m\u00e9todo de comunicaci\u00f3n que busca presentar la informaci\u00f3n de forma tan sencilla, directa y comprensible que cualquier persona \u00a0pueda encontrar, entender y usar lo que necesita, sin importar su nivel educativo o conocimientos previos. Su objetivo principal es facilitar la interacci\u00f3n\u00a0entre las entidades y los ciudadanos, mejorando la transparencia, la [&hellip;]<\/p>\n","protected":false},"author":10,"featured_media":0,"parent":0,"menu_order":0,"comment_status":"closed","ping_status":"closed","template":"","meta":{"footnotes":""},"class_list":["post-42502","page","type-page","status-publish","hentry"],"yoast_head":"<!-- This site is optimized with the Yoast SEO plugin v27.2 - https:\/\/yoast.com\/product\/yoast-seo-wordpress\/ -->\n<title>Lenguaje Claro - Contralor\u00eda Departamental del Meta<\/title>\n<meta name=\"robots\" content=\"index, follow, max-snippet:-1, max-image-preview:large, max-video-preview:-1\" \/>\n<link rel=\"canonical\" href=\"https:\/\/www.contraloriameta.gov.co\/?page_id=42502\" \/>\n<meta property=\"og:locale\" content=\"es_ES\" \/>\n<meta property=\"og:type\" content=\"article\" \/>\n<meta property=\"og:title\" content=\"Lenguaje Claro - Contralor\u00eda Departamental del Meta\" \/>\n<meta property=\"og:description\" content=\"El lenguaje claro es un \u00a0m\u00e9todo de comunicaci\u00f3n que busca presentar la informaci\u00f3n de forma tan sencilla, directa y comprensible que cualquier persona \u00a0pueda encontrar, entender y usar lo que necesita, sin importar su nivel educativo o conocimientos previos. Su objetivo principal es facilitar la interacci\u00f3n\u00a0entre las entidades y los ciudadanos, mejorando la transparencia, la [&hellip;]\" \/>\n<meta property=\"og:url\" content=\"https:\/\/www.contraloriameta.gov.co\/?page_id=42502\" \/>\n<meta property=\"og:site_name\" content=\"Contralor\u00eda Departamental del Meta\" \/>\n<meta property=\"article:publisher\" content=\"https:\/\/www.facebook.com\/ContraloriaMeta\" \/>\n<meta property=\"article:modified_time\" content=\"2025-10-06T20:18:43+00:00\" \/>\n<meta property=\"og:image\" content=\"https:\/\/www.contraloriameta.gov.co\/wp-content\/uploads\/imagen-2025-10-04-1024x361.gif\" \/>\n<meta name=\"twitter:card\" content=\"summary_large_image\" \/>\n<meta name=\"twitter:site\" content=\"@ContraloriaMeta\" \/>\n<meta name=\"twitter:label1\" content=\"Tiempo de lectura\" \/>\n\t<meta name=\"twitter:data1\" content=\"1 minuto\" \/>\n<script type=\"application\/ld+json\" class=\"yoast-schema-graph\">{\"@context\":\"https:\/\/schema.org\",\"@graph\":[{\"@type\":\"WebPage\",\"@id\":\"https:\/\/www.contraloriameta.gov.co\/?page_id=42502\",\"url\":\"https:\/\/www.contraloriameta.gov.co\/?page_id=42502\",\"name\":\"Lenguaje Claro - Contralor\u00eda Departamental del Meta\",\"isPartOf\":{\"@id\":\"https:\/\/www.contraloriameta.gov.co\/#website\"},\"primaryImageOfPage\":{\"@id\":\"https:\/\/www.contraloriameta.gov.co\/?page_id=42502#primaryimage\"},\"image\":{\"@id\":\"https:\/\/www.contraloriameta.gov.co\/?page_id=42502#primaryimage\"},\"thumbnailUrl\":\"https:\/\/www.contraloriameta.gov.co\/wp-content\/uploads\/imagen-2025-10-04-1024x361.gif\",\"datePublished\":\"2025-10-04T16:33:26+00:00\",\"dateModified\":\"2025-10-06T20:18:43+00:00\",\"breadcrumb\":{\"@id\":\"https:\/\/www.contraloriameta.gov.co\/?page_id=42502#breadcrumb\"},\"inLanguage\":\"es\",\"potentialAction\":[{\"@type\":\"ReadAction\",\"target\":[\"https:\/\/www.contraloriameta.gov.co\/?page_id=42502\"]}]},{\"@type\":\"ImageObject\",\"inLanguage\":\"es\",\"@id\":\"https:\/\/www.contraloriameta.gov.co\/?page_id=42502#primaryimage\",\"url\":\"https:\/\/www.contraloriameta.gov.co\/wp-content\/uploads\/imagen-2025-10-04.gif\",\"contentUrl\":\"https:\/\/www.contraloriameta.gov.co\/wp-content\/uploads\/imagen-2025-10-04.gif\",\"width\":1473,\"height\":519},{\"@type\":\"BreadcrumbList\",\"@id\":\"https:\/\/www.contraloriameta.gov.co\/?page_id=42502#breadcrumb\",\"itemListElement\":[{\"@type\":\"ListItem\",\"position\":1,\"name\":\"Portada\",\"item\":\"https:\/\/www.contraloriameta.gov.co\/\"},{\"@type\":\"ListItem\",\"position\":2,\"name\":\"Lenguaje Claro\"}]},{\"@type\":\"WebSite\",\"@id\":\"https:\/\/www.contraloriameta.gov.co\/#website\",\"url\":\"https:\/\/www.contraloriameta.gov.co\/\",\"name\":\"Contralor\u00eda Departamental del Meta\",\"description\":\"\",\"publisher\":{\"@id\":\"https:\/\/www.contraloriameta.gov.co\/#organization\"},\"potentialAction\":[{\"@type\":\"SearchAction\",\"target\":{\"@type\":\"EntryPoint\",\"urlTemplate\":\"https:\/\/www.contraloriameta.gov.co\/?s={search_term_string}\"},\"query-input\":{\"@type\":\"PropertyValueSpecification\",\"valueRequired\":true,\"valueName\":\"search_term_string\"}}],\"inLanguage\":\"es\"},{\"@type\":\"Organization\",\"@id\":\"https:\/\/www.contraloriameta.gov.co\/#organization\",\"name\":\"Contralor\u00eda Departamental del Meta\",\"url\":\"https:\/\/www.contraloriameta.gov.co\/\",\"logo\":{\"@type\":\"ImageObject\",\"inLanguage\":\"es\",\"@id\":\"https:\/\/www.contraloriameta.gov.co\/#\/schema\/logo\/image\/\",\"url\":\"https:\/\/www.contraloriameta.gov.co\/wp-content\/uploads\/LOGO_CDM_01.jpg\",\"contentUrl\":\"https:\/\/www.contraloriameta.gov.co\/wp-content\/uploads\/LOGO_CDM_01.jpg\",\"width\":2372,\"height\":876,\"caption\":\"Contralor\u00eda Departamental del Meta\"},\"image\":{\"@id\":\"https:\/\/www.contraloriameta.gov.co\/#\/schema\/logo\/image\/\"},\"sameAs\":[\"https:\/\/www.facebook.com\/ContraloriaMeta\",\"https:\/\/x.com\/ContraloriaMeta\",\"https:\/\/instagram.com\/contraloria.meta\"]}]}<\/script>\n<!-- \/ Yoast SEO plugin. -->","yoast_head_json":{"title":"Lenguaje Claro - Contralor\u00eda Departamental del Meta","robots":{"index":"index","follow":"follow","max-snippet":"max-snippet:-1","max-image-preview":"max-image-preview:large","max-video-preview":"max-video-preview:-1"},"canonical":"https:\/\/www.contraloriameta.gov.co\/?page_id=42502","og_locale":"es_ES","og_type":"article","og_title":"Lenguaje Claro - Contralor\u00eda Departamental del Meta","og_description":"El lenguaje claro es un \u00a0m\u00e9todo de comunicaci\u00f3n que busca presentar la informaci\u00f3n de forma tan sencilla, directa y comprensible que cualquier persona \u00a0pueda encontrar, entender y usar lo que necesita, sin importar su nivel educativo o conocimientos previos. Su objetivo principal es facilitar la interacci\u00f3n\u00a0entre las entidades y los ciudadanos, mejorando la transparencia, la [&hellip;]","og_url":"https:\/\/www.contraloriameta.gov.co\/?page_id=42502","og_site_name":"Contralor\u00eda Departamental del Meta","article_publisher":"https:\/\/www.facebook.com\/ContraloriaMeta","article_modified_time":"2025-10-06T20:18:43+00:00","og_image":[{"url":"https:\/\/www.contraloriameta.gov.co\/wp-content\/uploads\/imagen-2025-10-04-1024x361.gif","type":"","width":"","height":""}],"twitter_card":"summary_large_image","twitter_site":"@ContraloriaMeta","twitter_misc":{"Tiempo de lectura":"1 minuto"},"schema":{"@context":"https:\/\/schema.org","@graph":[{"@type":"WebPage","@id":"https:\/\/www.contraloriameta.gov.co\/?page_id=42502","url":"https:\/\/www.contraloriameta.gov.co\/?page_id=42502","name":"Lenguaje Claro - Contralor\u00eda Departamental del Meta","isPartOf":{"@id":"https:\/\/www.contraloriameta.gov.co\/#website"},"primaryImageOfPage":{"@id":"https:\/\/www.contraloriameta.gov.co\/?page_id=42502#primaryimage"},"image":{"@id":"https:\/\/www.contraloriameta.gov.co\/?page_id=42502#primaryimage"},"thumbnailUrl":"https:\/\/www.contraloriameta.gov.co\/wp-content\/uploads\/imagen-2025-10-04-1024x361.gif","datePublished":"2025-10-04T16:33:26+00:00","dateModified":"2025-10-06T20:18:43+00:00","breadcrumb":{"@id":"https:\/\/www.contraloriameta.gov.co\/?page_id=42502#breadcrumb"},"inLanguage":"es","potentialAction":[{"@type":"ReadAction","target":["https:\/\/www.contraloriameta.gov.co\/?page_id=42502"]}]},{"@type":"ImageObject","inLanguage":"es","@id":"https:\/\/www.contraloriameta.gov.co\/?page_id=42502#primaryimage","url":"https:\/\/www.contraloriameta.gov.co\/wp-content\/uploads\/imagen-2025-10-04.gif","contentUrl":"https:\/\/www.contraloriameta.gov.co\/wp-content\/uploads\/imagen-2025-10-04.gif","width":1473,"height":519},{"@type":"BreadcrumbList","@id":"https:\/\/www.contraloriameta.gov.co\/?page_id=42502#breadcrumb","itemListElement":[{"@type":"ListItem","position":1,"name":"Portada","item":"https:\/\/www.contraloriameta.gov.co\/"},{"@type":"ListItem","position":2,"name":"Lenguaje Claro"}]},{"@type":"WebSite","@id":"https:\/\/www.contraloriameta.gov.co\/#website","url":"https:\/\/www.contraloriameta.gov.co\/","name":"Contralor\u00eda Departamental del Meta","description":"","publisher":{"@id":"https:\/\/www.contraloriameta.gov.co\/#organization"},"potentialAction":[{"@type":"SearchAction","target":{"@type":"EntryPoint","urlTemplate":"https:\/\/www.contraloriameta.gov.co\/?s={search_term_string}"},"query-input":{"@type":"PropertyValueSpecification","valueRequired":true,"valueName":"search_term_string"}}],"inLanguage":"es"},{"@type":"Organization","@id":"https:\/\/www.contraloriameta.gov.co\/#organization","name":"Contralor\u00eda Departamental del Meta","url":"https:\/\/www.contraloriameta.gov.co\/","logo":{"@type":"ImageObject","inLanguage":"es","@id":"https:\/\/www.contraloriameta.gov.co\/#\/schema\/logo\/image\/","url":"https:\/\/www.contraloriameta.gov.co\/wp-content\/uploads\/LOGO_CDM_01.jpg","contentUrl":"https:\/\/www.contraloriameta.gov.co\/wp-content\/uploads\/LOGO_CDM_01.jpg","width":2372,"height":876,"caption":"Contralor\u00eda Departamental del Meta"},"image":{"@id":"https:\/\/www.contraloriameta.gov.co\/#\/schema\/logo\/image\/"},"sameAs":["https:\/\/www.facebook.com\/ContraloriaMeta","https:\/\/x.com\/ContraloriaMeta","https:\/\/instagram.com\/contraloria.meta"]}]}},"_links":{"self":[{"href":"https:\/\/www.contraloriameta.gov.co\/index.php?rest_route=\/wp\/v2\/pages\/42502","targetHints":{"allow":["GET"]}}],"collection":[{"href":"https:\/\/www.contraloriameta.gov.co\/index.php?rest_route=\/wp\/v2\/pages"}],"about":[{"href":"https:\/\/www.contraloriameta.gov.co\/index.php?rest_route=\/wp\/v2\/types\/page"}],"author":[{"embeddable":true,"href":"https:\/\/www.contraloriameta.gov.co\/index.php?rest_route=\/wp\/v2\/users\/10"}],"replies":[{"embeddable":true,"href":"https:\/\/www.contraloriameta.gov.co\/index.php?rest_route=%2Fwp%2Fv2%2Fcomments&post=42502"}],"version-history":[{"count":46,"href":"https:\/\/www.contraloriameta.gov.co\/index.php?rest_route=\/wp\/v2\/pages\/42502\/revisions"}],"predecessor-version":[{"id":42648,"href":"https:\/\/www.contraloriameta.gov.co\/index.php?rest_route=\/wp\/v2\/pages\/42502\/revisions\/42648"}],"wp:attachment":[{"href":"https:\/\/www.contraloriameta.gov.co\/index.php?rest_route=%2Fwp%2Fv2%2Fmedia&parent=42502"}],"curies":[{"name":"wp","href":"https:\/\/api.w.org\/{rel}","templated":true}]}}