{"id":40877,"date":"2024-08-15T10:30:13","date_gmt":"2024-08-15T15:30:13","guid":{"rendered":"https:\/\/www.contraloriameta.gov.co\/?page_id=40877"},"modified":"2026-04-24T11:31:45","modified_gmt":"2026-04-24T16:31:45","slug":"participa","status":"publish","type":"page","link":"https:\/\/www.contraloriameta.gov.co\/?page_id=40877","title":{"rendered":"Participa"},"content":{"rendered":"\t\t<div data-elementor-type=\"wp-page\" data-elementor-id=\"40877\" class=\"elementor elementor-40877\" data-elementor-post-type=\"page\">\n\t\t\t\t<div class=\"elementor-element elementor-element-2789be0 e-flex e-con-boxed e-con e-parent\" data-id=\"2789be0\" data-element_type=\"container\" data-e-type=\"container\">\n\t\t\t\t\t<div class=\"e-con-inner\">\n\t\t\t\t<div class=\"elementor-element elementor-element-83607b5 elementor-widget elementor-widget-image\" data-id=\"83607b5\" data-element_type=\"widget\" data-e-type=\"widget\" data-widget_type=\"image.default\">\n\t\t\t\t<div class=\"elementor-widget-container\">\n\t\t\t\t\t\t\t\t\t\t\t\t\t\t\t<img fetchpriority=\"high\" decoding=\"async\" width=\"225\" height=\"225\" src=\"https:\/\/www.contraloriameta.gov.co\/wp-content\/uploads\/participa.jpeg\" class=\"attachment-medium_large size-medium_large wp-image-40886\" alt=\"\" srcset=\"https:\/\/www.contraloriameta.gov.co\/wp-content\/uploads\/participa.jpeg 225w, https:\/\/www.contraloriameta.gov.co\/wp-content\/uploads\/participa-150x150.jpeg 150w\" sizes=\"(max-width: 225px) 100vw, 225px\" \/>\t\t\t\t\t\t\t\t\t\t\t\t\t\t\t<\/div>\n\t\t\t\t<\/div>\n\t\t\t\t<div class=\"elementor-element elementor-element-548996c elementor-widget elementor-widget-heading\" data-id=\"548996c\" data-element_type=\"widget\" data-e-type=\"widget\" data-widget_type=\"heading.default\">\n\t\t\t\t<div class=\"elementor-widget-container\">\n\t\t\t\t\t<h2 class=\"elementor-heading-title elementor-size-default\">Descripci\u00f3n General<\/h2>\t\t\t\t<\/div>\n\t\t\t\t<\/div>\n\t\t\t\t\t<\/div>\n\t\t\t\t<\/div>\n\t\t<div class=\"elementor-element elementor-element-a4c650a e-flex e-con-boxed e-con e-parent\" data-id=\"a4c650a\" data-element_type=\"container\" data-e-type=\"container\">\n\t\t\t\t\t<div class=\"e-con-inner\">\n\t\t\t\t<div class=\"elementor-element elementor-element-b8dfe08 elementor-widget elementor-widget-text-editor\" data-id=\"b8dfe08\" data-element_type=\"widget\" data-e-type=\"widget\" data-widget_type=\"text-editor.default\">\n\t\t\t\t<div class=\"elementor-widget-container\">\n\t\t\t\t\t\t\t\t\t<p>El Men\u00fa Participa es una nueva categor\u00eda del men\u00fa destacado, que deben crear las entidades y organismos obligados en el encabezado principal de su sitio web. Las autoridades deben publicar en el Men\u00fa Participa los contenidos de informaci\u00f3n sobre los espacios, mecanismos y acciones que permiten la participaci\u00f3n ciudadana en el ciclo de la gesti\u00f3n p\u00fablica, esto con el prop\u00f3sito de dinamizar la vinculaci\u00f3n de la ciudadan\u00eda en las decisiones y acciones p\u00fablicas durante el diagn\u00f3stico, formulaci\u00f3n, implementaci\u00f3n, evaluaci\u00f3n y seguimiento a la gesti\u00f3n institucional a trav\u00e9s de su sitio web institucional.\u00a0<\/p><p>La estructura del Men\u00fa Participa contiene seis secciones, as\u00ed:<\/p><p>1. Participaci\u00f3n para el diagn\u00f3stico de necesidades e identificaci\u00f3n de<br \/>problemas.<br \/>2. Planeaci\u00f3n y presupuesto participativo.<br \/>3. Consulta ciudadana.<br \/>4. Colaboraci\u00f3n e innovaci\u00f3n abierta.<br \/>5. Rendici\u00f3n de cuentas.<br \/>6. Control social.<\/p><p><strong><em>\u00bfC\u00f3mo se puede participar?<\/em><\/strong><\/p><p><strong><em>\u00a0<\/em><\/strong>Participa seleccionando la secci\u00f3n de inter\u00e9s en nuestro men\u00fa de Participa, en cada una encontrar\u00e1s las indicaciones para contribuir a la construcci\u00f3n de un mejor control fiscal.<\/p><p style=\"text-align: center;\">Lo invitamos a diligenciar la siguiente encuesta de satisfacci\u00f3n de servicio:\u00a0<a href=\"https:\/\/forms.gle\/25LzskngdxWkvgqY7\" data-auth=\"NotApplicable\" data-linkindex=\"0\">https:\/\/forms.office.com\/r\/CAXZMzvgwF?origin=lprLink<\/a><\/p>\t\t\t\t\t\t\t\t<\/div>\n\t\t\t\t<\/div>\n\t\t\t\t\t<\/div>\n\t\t\t\t<\/div>\n\t\t<div class=\"elementor-element elementor-element-fb01fd8 e-flex e-con-boxed e-con e-parent\" data-id=\"fb01fd8\" data-element_type=\"container\" data-e-type=\"container\">\n\t\t\t\t\t<div class=\"e-con-inner\">\n\t\t\t\t<div class=\"elementor-element elementor-element-e60db99 elementor-widget elementor-widget-text-editor\" data-id=\"e60db99\" data-element_type=\"widget\" data-e-type=\"widget\" data-widget_type=\"text-editor.default\">\n\t\t\t\t<div class=\"elementor-widget-container\">\n\t\t\t\t\t\t\t\t\t<p style=\"text-align: right;\"><span style=\"font-size: 8pt;\">Tomado de: http:\/\/www.perladelmanacaciasesp.gov.co\/descripcion-general\/descripcion-general-727509<\/span><\/p>\t\t\t\t\t\t\t\t<\/div>\n\t\t\t\t<\/div>\n\t\t\t\t\t<\/div>\n\t\t\t\t<\/div>\n\t\t\t\t<\/div>\n\t\t","protected":false},"excerpt":{"rendered":"<p>Descripci\u00f3n General El Men\u00fa Participa es una nueva categor\u00eda del men\u00fa destacado, que deben crear las entidades y organismos obligados en el encabezado principal de su sitio web. Las autoridades deben publicar en el Men\u00fa Participa los contenidos de informaci\u00f3n sobre los espacios, mecanismos y acciones que permiten la participaci\u00f3n ciudadana en el ciclo de [&hellip;]<\/p>\n","protected":false},"author":11,"featured_media":0,"parent":0,"menu_order":0,"comment_status":"closed","ping_status":"closed","template":"","meta":{"footnotes":""},"class_list":["post-40877","page","type-page","status-publish","hentry"],"yoast_head":"<!-- This site is optimized with the Yoast SEO plugin v27.2 - https:\/\/yoast.com\/product\/yoast-seo-wordpress\/ -->\n<title>Participa - Contralor\u00eda Departamental del Meta<\/title>\n<meta name=\"robots\" content=\"index, follow, max-snippet:-1, max-image-preview:large, max-video-preview:-1\" \/>\n<link rel=\"canonical\" href=\"https:\/\/www.contraloriameta.gov.co\/?page_id=40877\" \/>\n<meta property=\"og:locale\" content=\"es_ES\" \/>\n<meta property=\"og:type\" content=\"article\" \/>\n<meta property=\"og:title\" content=\"Participa - Contralor\u00eda Departamental del Meta\" \/>\n<meta property=\"og:description\" content=\"Descripci\u00f3n General El Men\u00fa Participa es una nueva categor\u00eda del men\u00fa destacado, que deben crear las entidades y organismos obligados en el encabezado principal de su sitio web. Las autoridades deben publicar en el Men\u00fa Participa los contenidos de informaci\u00f3n sobre los espacios, mecanismos y acciones que permiten la participaci\u00f3n ciudadana en el ciclo de [&hellip;]\" \/>\n<meta property=\"og:url\" content=\"https:\/\/www.contraloriameta.gov.co\/?page_id=40877\" \/>\n<meta property=\"og:site_name\" content=\"Contralor\u00eda Departamental del Meta\" \/>\n<meta property=\"article:publisher\" content=\"https:\/\/www.facebook.com\/ContraloriaMeta\" \/>\n<meta property=\"article:modified_time\" content=\"2026-04-24T16:31:45+00:00\" \/>\n<meta property=\"og:image\" content=\"https:\/\/www.contraloriameta.gov.co\/wp-content\/uploads\/participa.jpeg\" \/>\n\t<meta property=\"og:image:width\" content=\"225\" \/>\n\t<meta property=\"og:image:height\" content=\"225\" \/>\n\t<meta property=\"og:image:type\" content=\"image\/jpeg\" \/>\n<meta name=\"twitter:card\" content=\"summary_large_image\" \/>\n<meta name=\"twitter:site\" content=\"@ContraloriaMeta\" \/>\n<meta name=\"twitter:label1\" content=\"Tiempo de lectura\" \/>\n\t<meta name=\"twitter:data1\" content=\"2 minutos\" \/>\n<script type=\"application\/ld+json\" class=\"yoast-schema-graph\">{\"@context\":\"https:\/\/schema.org\",\"@graph\":[{\"@type\":\"WebPage\",\"@id\":\"https:\/\/www.contraloriameta.gov.co\/?page_id=40877\",\"url\":\"https:\/\/www.contraloriameta.gov.co\/?page_id=40877\",\"name\":\"Participa - Contralor\u00eda Departamental del Meta\",\"isPartOf\":{\"@id\":\"https:\/\/www.contraloriameta.gov.co\/#website\"},\"primaryImageOfPage\":{\"@id\":\"https:\/\/www.contraloriameta.gov.co\/?page_id=40877#primaryimage\"},\"image\":{\"@id\":\"https:\/\/www.contraloriameta.gov.co\/?page_id=40877#primaryimage\"},\"thumbnailUrl\":\"https:\/\/www.contraloriameta.gov.co\/wp-content\/uploads\/participa.jpeg\",\"datePublished\":\"2024-08-15T15:30:13+00:00\",\"dateModified\":\"2026-04-24T16:31:45+00:00\",\"breadcrumb\":{\"@id\":\"https:\/\/www.contraloriameta.gov.co\/?page_id=40877#breadcrumb\"},\"inLanguage\":\"es\",\"potentialAction\":[{\"@type\":\"ReadAction\",\"target\":[\"https:\/\/www.contraloriameta.gov.co\/?page_id=40877\"]}]},{\"@type\":\"ImageObject\",\"inLanguage\":\"es\",\"@id\":\"https:\/\/www.contraloriameta.gov.co\/?page_id=40877#primaryimage\",\"url\":\"https:\/\/www.contraloriameta.gov.co\/wp-content\/uploads\/participa.jpeg\",\"contentUrl\":\"https:\/\/www.contraloriameta.gov.co\/wp-content\/uploads\/participa.jpeg\",\"width\":225,\"height\":225},{\"@type\":\"BreadcrumbList\",\"@id\":\"https:\/\/www.contraloriameta.gov.co\/?page_id=40877#breadcrumb\",\"itemListElement\":[{\"@type\":\"ListItem\",\"position\":1,\"name\":\"Portada\",\"item\":\"https:\/\/www.contraloriameta.gov.co\/\"},{\"@type\":\"ListItem\",\"position\":2,\"name\":\"Participa\"}]},{\"@type\":\"WebSite\",\"@id\":\"https:\/\/www.contraloriameta.gov.co\/#website\",\"url\":\"https:\/\/www.contraloriameta.gov.co\/\",\"name\":\"Contralor\u00eda Departamental del Meta\",\"description\":\"\",\"publisher\":{\"@id\":\"https:\/\/www.contraloriameta.gov.co\/#organization\"},\"potentialAction\":[{\"@type\":\"SearchAction\",\"target\":{\"@type\":\"EntryPoint\",\"urlTemplate\":\"https:\/\/www.contraloriameta.gov.co\/?s={search_term_string}\"},\"query-input\":{\"@type\":\"PropertyValueSpecification\",\"valueRequired\":true,\"valueName\":\"search_term_string\"}}],\"inLanguage\":\"es\"},{\"@type\":\"Organization\",\"@id\":\"https:\/\/www.contraloriameta.gov.co\/#organization\",\"name\":\"Contralor\u00eda Departamental del Meta\",\"url\":\"https:\/\/www.contraloriameta.gov.co\/\",\"logo\":{\"@type\":\"ImageObject\",\"inLanguage\":\"es\",\"@id\":\"https:\/\/www.contraloriameta.gov.co\/#\/schema\/logo\/image\/\",\"url\":\"https:\/\/www.contraloriameta.gov.co\/wp-content\/uploads\/LOGO_CDM_01.jpg\",\"contentUrl\":\"https:\/\/www.contraloriameta.gov.co\/wp-content\/uploads\/LOGO_CDM_01.jpg\",\"width\":2372,\"height\":876,\"caption\":\"Contralor\u00eda Departamental del Meta\"},\"image\":{\"@id\":\"https:\/\/www.contraloriameta.gov.co\/#\/schema\/logo\/image\/\"},\"sameAs\":[\"https:\/\/www.facebook.com\/ContraloriaMeta\",\"https:\/\/x.com\/ContraloriaMeta\",\"https:\/\/instagram.com\/contraloria.meta\"]}]}<\/script>\n<!-- \/ Yoast SEO plugin. -->","yoast_head_json":{"title":"Participa - Contralor\u00eda Departamental del Meta","robots":{"index":"index","follow":"follow","max-snippet":"max-snippet:-1","max-image-preview":"max-image-preview:large","max-video-preview":"max-video-preview:-1"},"canonical":"https:\/\/www.contraloriameta.gov.co\/?page_id=40877","og_locale":"es_ES","og_type":"article","og_title":"Participa - Contralor\u00eda Departamental del Meta","og_description":"Descripci\u00f3n General El Men\u00fa Participa es una nueva categor\u00eda del men\u00fa destacado, que deben crear las entidades y organismos obligados en el encabezado principal de su sitio web. Las autoridades deben publicar en el Men\u00fa Participa los contenidos de informaci\u00f3n sobre los espacios, mecanismos y acciones que permiten la participaci\u00f3n ciudadana en el ciclo de [&hellip;]","og_url":"https:\/\/www.contraloriameta.gov.co\/?page_id=40877","og_site_name":"Contralor\u00eda Departamental del Meta","article_publisher":"https:\/\/www.facebook.com\/ContraloriaMeta","article_modified_time":"2026-04-24T16:31:45+00:00","og_image":[{"width":225,"height":225,"url":"https:\/\/www.contraloriameta.gov.co\/wp-content\/uploads\/participa.jpeg","type":"image\/jpeg"}],"twitter_card":"summary_large_image","twitter_site":"@ContraloriaMeta","twitter_misc":{"Tiempo de lectura":"2 minutos"},"schema":{"@context":"https:\/\/schema.org","@graph":[{"@type":"WebPage","@id":"https:\/\/www.contraloriameta.gov.co\/?page_id=40877","url":"https:\/\/www.contraloriameta.gov.co\/?page_id=40877","name":"Participa - Contralor\u00eda Departamental del Meta","isPartOf":{"@id":"https:\/\/www.contraloriameta.gov.co\/#website"},"primaryImageOfPage":{"@id":"https:\/\/www.contraloriameta.gov.co\/?page_id=40877#primaryimage"},"image":{"@id":"https:\/\/www.contraloriameta.gov.co\/?page_id=40877#primaryimage"},"thumbnailUrl":"https:\/\/www.contraloriameta.gov.co\/wp-content\/uploads\/participa.jpeg","datePublished":"2024-08-15T15:30:13+00:00","dateModified":"2026-04-24T16:31:45+00:00","breadcrumb":{"@id":"https:\/\/www.contraloriameta.gov.co\/?page_id=40877#breadcrumb"},"inLanguage":"es","potentialAction":[{"@type":"ReadAction","target":["https:\/\/www.contraloriameta.gov.co\/?page_id=40877"]}]},{"@type":"ImageObject","inLanguage":"es","@id":"https:\/\/www.contraloriameta.gov.co\/?page_id=40877#primaryimage","url":"https:\/\/www.contraloriameta.gov.co\/wp-content\/uploads\/participa.jpeg","contentUrl":"https:\/\/www.contraloriameta.gov.co\/wp-content\/uploads\/participa.jpeg","width":225,"height":225},{"@type":"BreadcrumbList","@id":"https:\/\/www.contraloriameta.gov.co\/?page_id=40877#breadcrumb","itemListElement":[{"@type":"ListItem","position":1,"name":"Portada","item":"https:\/\/www.contraloriameta.gov.co\/"},{"@type":"ListItem","position":2,"name":"Participa"}]},{"@type":"WebSite","@id":"https:\/\/www.contraloriameta.gov.co\/#website","url":"https:\/\/www.contraloriameta.gov.co\/","name":"Contralor\u00eda Departamental del Meta","description":"","publisher":{"@id":"https:\/\/www.contraloriameta.gov.co\/#organization"},"potentialAction":[{"@type":"SearchAction","target":{"@type":"EntryPoint","urlTemplate":"https:\/\/www.contraloriameta.gov.co\/?s={search_term_string}"},"query-input":{"@type":"PropertyValueSpecification","valueRequired":true,"valueName":"search_term_string"}}],"inLanguage":"es"},{"@type":"Organization","@id":"https:\/\/www.contraloriameta.gov.co\/#organization","name":"Contralor\u00eda Departamental del Meta","url":"https:\/\/www.contraloriameta.gov.co\/","logo":{"@type":"ImageObject","inLanguage":"es","@id":"https:\/\/www.contraloriameta.gov.co\/#\/schema\/logo\/image\/","url":"https:\/\/www.contraloriameta.gov.co\/wp-content\/uploads\/LOGO_CDM_01.jpg","contentUrl":"https:\/\/www.contraloriameta.gov.co\/wp-content\/uploads\/LOGO_CDM_01.jpg","width":2372,"height":876,"caption":"Contralor\u00eda Departamental del Meta"},"image":{"@id":"https:\/\/www.contraloriameta.gov.co\/#\/schema\/logo\/image\/"},"sameAs":["https:\/\/www.facebook.com\/ContraloriaMeta","https:\/\/x.com\/ContraloriaMeta","https:\/\/instagram.com\/contraloria.meta"]}]}},"_links":{"self":[{"href":"https:\/\/www.contraloriameta.gov.co\/index.php?rest_route=\/wp\/v2\/pages\/40877","targetHints":{"allow":["GET"]}}],"collection":[{"href":"https:\/\/www.contraloriameta.gov.co\/index.php?rest_route=\/wp\/v2\/pages"}],"about":[{"href":"https:\/\/www.contraloriameta.gov.co\/index.php?rest_route=\/wp\/v2\/types\/page"}],"author":[{"embeddable":true,"href":"https:\/\/www.contraloriameta.gov.co\/index.php?rest_route=\/wp\/v2\/users\/11"}],"replies":[{"embeddable":true,"href":"https:\/\/www.contraloriameta.gov.co\/index.php?rest_route=%2Fwp%2Fv2%2Fcomments&post=40877"}],"version-history":[{"count":13,"href":"https:\/\/www.contraloriameta.gov.co\/index.php?rest_route=\/wp\/v2\/pages\/40877\/revisions"}],"predecessor-version":[{"id":43794,"href":"https:\/\/www.contraloriameta.gov.co\/index.php?rest_route=\/wp\/v2\/pages\/40877\/revisions\/43794"}],"wp:attachment":[{"href":"https:\/\/www.contraloriameta.gov.co\/index.php?rest_route=%2Fwp%2Fv2%2Fmedia&parent=40877"}],"curies":[{"name":"wp","href":"https:\/\/api.w.org\/{rel}","templated":true}]}}