{"id":40652,"date":"2024-08-14T11:03:04","date_gmt":"2024-08-14T16:03:04","guid":{"rendered":"https:\/\/www.contraloriameta.gov.co\/?page_id=40652"},"modified":"2024-08-14T11:17:14","modified_gmt":"2024-08-14T16:17:14","slug":"politica-de-derechos-de-autor","status":"publish","type":"page","link":"https:\/\/www.contraloriameta.gov.co\/?page_id=40652","title":{"rendered":"Pol\u00edtica de derechos de autor"},"content":{"rendered":"\t\t<div data-elementor-type=\"wp-page\" data-elementor-id=\"40652\" class=\"elementor elementor-40652\" data-elementor-post-type=\"page\">\n\t\t\t\t<div class=\"elementor-element elementor-element-dd06ccb e-flex e-con-boxed e-con e-parent\" data-id=\"dd06ccb\" data-element_type=\"container\" data-e-type=\"container\">\n\t\t\t\t\t<div class=\"e-con-inner\">\n\t\t\t\t<div class=\"elementor-element elementor-element-bb4c7e5 elementor-widget elementor-widget-heading\" data-id=\"bb4c7e5\" data-element_type=\"widget\" data-e-type=\"widget\" data-widget_type=\"heading.default\">\n\t\t\t\t<div class=\"elementor-widget-container\">\n\t\t\t\t\t<h2 class=\"elementor-heading-title elementor-size-default\">Pol\u00edtica de derechos de autor<\/h2>\t\t\t\t<\/div>\n\t\t\t\t<\/div>\n\t\t\t\t<div class=\"elementor-element elementor-element-237df95 elementor-widget elementor-widget-text-editor\" data-id=\"237df95\" data-element_type=\"widget\" data-e-type=\"widget\" data-widget_type=\"text-editor.default\">\n\t\t\t\t<div class=\"elementor-widget-container\">\n\t\t\t\t\t\t\t\t\t<div class=\"p-gyx662 pagelayer-row pagelayer-row-stretch-auto pagelayer-height-default\"><div class=\"pagelayer-row-holder pagelayer-row pagelayer-auto pagelayer-width-auto\"><div class=\"p-fk66289 pagelayer-col\"><div class=\"pagelayer-col-holder\"><div class=\"p-anr4775 pagelayer-text\"><div class=\"pagelayer-text-holder\"><p><strong>Alcance<\/strong><\/p><p>Al navegar y utilizar los sitios web asociados a cada uno de los servicios de la Contralor\u00eda Departamental del Meta, el usuario acepta las pol\u00edticas anteriormente mencionadas. Si el usuario no est\u00e1 de acuerdo con las pol\u00edticas mencionadas, se sugiere que se abstenga de acceder o navegar por los sitios web de nuestra Entidad.\u00a0<\/p><p>La Contralor\u00eda Departamental del Meta se reserva el derecho de actualizar, modificar en cualquier momento el presente contenido.<\/p><p>\u00a0<\/p><p><strong>Desarrollo de la pol\u00edtica<\/strong><\/p><p>El Departamento Nacional de Planeaci\u00f3n (DNP) no busca recibir\u00a0 ganancias o inter\u00e9s comercial con los contenidos o enlaces que se publican los sitios web, ni en las dem\u00e1s adscritas o vinculadas a las que se accede a trav\u00e9s de\u00a0<u><a href=\"http:\/\/www.contraloriameta.gov.co\">www.contraloriameta.gov.co<\/a><\/u>, portales transversales y aplicativos inform\u00e1ticos.<\/p><p>Al acceder al contenido de nuestros sitios web usted podr\u00e1 usar la informaci\u00f3n con fines personales o profesionales, pero no para explotaci\u00f3n comercial.\u00a0<\/p><p>Es necesario reconocer la titularidad de la Contralor\u00eda Departamental del Meta sobre los derechos de Propiedad Industrial e Intelectual del contenido, dise\u00f1o gr\u00e1fico del sitio web con cada uno de los elementos que lo componen (por ejemplo: men\u00fas, botones de navegaci\u00f3n, el c\u00f3digo fuente, textos, im\u00e1genes, texturas, gr\u00e1ficos, etc.), salvo que en los mismos se indique titularidad distinta, en cuyo caso dicho derechos corresponden a los terceros que la Contralor\u00eda Departamental del Meta indique.<\/p><p>El acceso a los sitios web y sus contenidos por parte del usuario, en ning\u00fan caso implica que la Contralor\u00eda Departamental del Meta renuncie, transmite, ceda total o parcialmente los derechos, ni confiere ning\u00fan derecho de utilizaci\u00f3n, licencia, alteraci\u00f3n, explotaci\u00f3n, reproducci\u00f3n, distribuci\u00f3n o comunicaci\u00f3n p\u00fablica de los contenidos, sin la previa y expresa autorizaci\u00f3n de la Contralor\u00eda Departamental del Meta.\u00a0<\/p><p>Recuerde que para usar los contenidos de los sitios web, portales y aplicativos inform\u00e1ticos debe tener autorizaci\u00f3n expedida por la Contralor\u00eda Departamental del Meta, la autorizaci\u00f3n incluye:\u00a0<\/p><ol><li>Cesi\u00f3n parcial o total de derechos sobre los contenidos<\/li><li>Derecho de utilizaci\u00f3n<\/li><li>Derecho de alteraci\u00f3n, explotaci\u00f3n, reproducci\u00f3n, distribuci\u00f3n o comunicaci\u00f3n de los contenidos.<\/li><\/ol><p>\u00a0<\/p><p>Respecto de los elementos publicados por el usuario, es importante aclarar que los nombres de compa\u00f1\u00edas y productos reales mencionados en los sitios web pueden ser marcas comerciales de sus respectivos propietarios. Considerando lo anterior la Contralor\u00eda Departamental del Meta no reclama la propiedad de los materiales que el usuario suministre al realizar comentarios, sugerencias, anuncios, publicaciones, sin embargo, al anunciar, publicar, subir, escribir, el usuario est\u00e1 otorgando permiso a la Contralor\u00eda Departamental del Meta para publicar y eliminar la informaci\u00f3n que ha proporcionado.<\/p><p>El usuario al anunciar, subir, escribir, suministrar informaci\u00f3n garantiza que es el propietario o de alguna manera controla todos los derechos, como se describe en los t\u00e9rminos y condiciones de uso.<\/p><p><strong>Pol\u00edtica de datos abiertos<\/strong><\/p><p>En relaci\u00f3n a los datos abiertos, cabe precisar que se\u00a0podr\u00e1 hacer uso, transformaci\u00f3n, distribuci\u00f3n, redistribuci\u00f3n, reutilizaci\u00f3n, compilaci\u00f3n, extracci\u00f3n, copia, difusi\u00f3n, modificaci\u00f3n y\/o adaptaci\u00f3n de los datos\u00a0 y de la informaci\u00f3n publicados en formato de datos abiertos en este sitio web bajo los criterios establecidos en la Licencia Creative Commons Attribution 4.0, en todo caso debe citarse la fuente de los datos objeto del uso, reh\u00faso y\/o transformaci\u00f3n, la entidad productora de los datos publicados no ser\u00e1 responsable de la utilizaci\u00f3n que de sus datos hagan las personas que transformen y\/o usen dichos datos, ni tampoco de los da\u00f1os sufridos o p\u00e9rdidas econ\u00f3micas que, de forma directa o indirecta, produzcan o puedan producir perjuicios econ\u00f3micos, materiales o sobre datos y aplicaciones, provocados por el uso y\/o transformaci\u00f3n de los datos. Esta licencia de uso se rige por la legislaci\u00f3n colombiana, independientemente del entorno jur\u00eddico del usuario, cualquier disputa que llegue a surgir en la interpretaci\u00f3n de estos t\u00e9rminos se resolver\u00e1 bajo el amparo de la Ley colombiana.<\/p><p>\u00a0<\/p><p><strong>Responsabilidades de los usuarios<\/strong><\/p><p>La Contralor\u00eda Departamental del Meta no ser\u00e1 responsable por el uso indebido que hagan los usuarios del contenido de su sitio web.<\/p><p>El usuario debe utilizar los contenidos de forma diligente, correcta y l\u00edcita, sin incurrir en actividades que infrinjan los derechos de la Contralor\u00eda Departamental del Meta o de terceros, o que puedan atentar contra la moral, las normas jur\u00eddicas, esto incluye los da\u00f1os o ataques inform\u00e1ticos, interceptaci\u00f3n de comunicaciones, infracciones al derecho de autor, usurpaci\u00f3n de identidad, revelaci\u00f3n de secretos o falsedad en los documentos.<\/p><p>El usuario se compromete a no realizar las siguientes acciones que atentan contra la reputaci\u00f3n de la Contralor\u00eda Departamental del Meta:<\/p><ol><li>Copiar, duplicar, reproducir, prestar, vender, revender, republicar, transmitir cualquier parte de este sitio web o de su contenido para uso comercial.<\/li><li>Emitir publicidad usando los contenidos e informaci\u00f3n del sitio web.\u00a0<\/li><li>Publicar, anunciar, subir, distribuir material o informaci\u00f3n, que sea inapropiada, indecente, transgresora, difamatoria, obscena o ilegal.\u00a0<\/li><li>Difamar, abusar, acosar, acechar, amenazar o de alguna forma violar los derechos de privacidad, y publicidad de otros.<\/li><li>Suprimir, eludir, o manipular el copyright (derechos de autor) y dem\u00e1s datos que identifiquen al DNP. Usar t\u00e9cnicas de embebido para esconder la marca, logo u otras porciones del sitio web sin la autorizaci\u00f3n previa y por escrito del DNP.<\/li><\/ol><ol start=\"6\"><li>Subir archivos que contengan software, material protegido por leyes de propiedad intelectual, derechos de privacidad, o publicidad a menos que el usuario sea el propietario o controle los derechos respectivos, o haya recibido el necesario consentimiento expreso.<\/li><\/ol><ol start=\"7\"><li>Falsificar o eliminar cualquier referencia al autor, referencia legal o avisos o designaciones propietarias o r\u00f3tulos del origen o fuente del software u otro material contenidos en un archivo que se sube.<\/li><li>Subir archivos que contengan virus, archivos corruptos, o cualquier otro software o programas maliciosos.<\/li><\/ol><ol start=\"9\"><li>Publicar, ofrecer a la venta o a la compra cualquier bien o servicio.<\/li><li>Dirigir o reenviar encuestas, cadenas de cartas o esquemas piramidales.\u00a0<\/li><\/ol><ol start=\"11\"><li>Recoger informaci\u00f3n incluyendo direcciones de correo electr\u00f3nico sin su consentimiento.<\/li><\/ol><ol start=\"12\"><li>Restringir o inhibir que otros usuarios puedan usar y disfrutar de los servicios de comunicaci\u00f3n.<\/li><\/ol><ol start=\"13\"><li>Usar software automatizado o proceso manual, as\u00ed como robots o spiders para copiar o monitorizar el contenido de la sede electr\u00f3nica de la Contralor\u00eda Departamental del Meta sin la autorizaci\u00f3n previa y por escrito de este \u00f3rgano de control.<\/li><\/ol><ol start=\"14\"><li>Descompilar, alquilar, vender, realizar ingenier\u00eda inversa, o crear obras derivadas de este sitio web o de su contenido.<\/li><\/ol><ol start=\"15\"><li>Realizar ataques de denegaci\u00f3n de servicio (DDOS) en contra de la infraestructura tecnol\u00f3gica de la\u00a0Contralor\u00eda Departamental del Meta que impida el correcto funcionamiento de la sede electr\u00f3nica de la misma.<\/li><\/ol><p>\u00a0<\/p><p><strong>Notificaciones y procedimientos de reclamos<\/strong><\/p><p>Cualquier notificaci\u00f3n de reclamo o violaci\u00f3n de los derechos de propiedad bajo la ley colombiana, debe ser enviada a trav\u00e9s de www.derechodeautor.gov.co.<\/p><\/div><\/div><p style=\"text-align: right;\"><span style=\"font-size: 8pt;\">Autor. https:\/\/www.contraloriaquindio.gov.co\/politica-derechos-de-autor\/<\/span><\/p><p>\u00a0<\/p><\/div><\/div><\/div><\/div><div class=\"p-8cm5112 pagelayer-row pagelayer-row-stretch-auto pagelayer-height-default\"><div class=\"pagelayer-row-holder pagelayer-row pagelayer-auto pagelayer-width-auto\"><div class=\"p-gii5125 pagelayer-col\"><div class=\"pagelayer-col-holder\"><div class=\"p-h3c8540 pagelayer-text\"><div class=\"pagelayer-text-holder\"><p>\u00a0<\/p><\/div><\/div><\/div><\/div><\/div><\/div>\t\t\t\t\t\t\t\t<\/div>\n\t\t\t\t<\/div>\n\t\t\t\t\t<\/div>\n\t\t\t\t<\/div>\n\t\t\t\t<\/div>\n\t\t","protected":false},"excerpt":{"rendered":"<p>Pol\u00edtica de derechos de autor Alcance Al navegar y utilizar los sitios web asociados a cada uno de los servicios de la Contralor\u00eda Departamental del Meta, el usuario acepta las pol\u00edticas anteriormente mencionadas. Si el usuario no est\u00e1 de acuerdo con las pol\u00edticas mencionadas, se sugiere que se abstenga de acceder o navegar por los [&hellip;]<\/p>\n","protected":false},"author":11,"featured_media":0,"parent":1341,"menu_order":0,"comment_status":"closed","ping_status":"closed","template":"","meta":{"footnotes":""},"class_list":["post-40652","page","type-page","status-publish","hentry"],"yoast_head":"<!-- This site is optimized with the Yoast SEO plugin v27.2 - https:\/\/yoast.com\/product\/yoast-seo-wordpress\/ -->\n<title>Pol\u00edtica de derechos de autor - Contralor\u00eda Departamental del Meta<\/title>\n<meta name=\"robots\" content=\"index, follow, max-snippet:-1, max-image-preview:large, max-video-preview:-1\" \/>\n<link rel=\"canonical\" href=\"https:\/\/www.contraloriameta.gov.co\/?page_id=40652\" \/>\n<meta property=\"og:locale\" content=\"es_ES\" \/>\n<meta property=\"og:type\" content=\"article\" \/>\n<meta property=\"og:title\" content=\"Pol\u00edtica de derechos de autor - Contralor\u00eda Departamental del Meta\" \/>\n<meta property=\"og:description\" content=\"Pol\u00edtica de derechos de autor Alcance Al navegar y utilizar los sitios web asociados a cada uno de los servicios de la Contralor\u00eda Departamental del Meta, el usuario acepta las pol\u00edticas anteriormente mencionadas. Si el usuario no est\u00e1 de acuerdo con las pol\u00edticas mencionadas, se sugiere que se abstenga de acceder o navegar por los [&hellip;]\" \/>\n<meta property=\"og:url\" content=\"https:\/\/www.contraloriameta.gov.co\/?page_id=40652\" \/>\n<meta property=\"og:site_name\" content=\"Contralor\u00eda Departamental del Meta\" \/>\n<meta property=\"article:publisher\" content=\"https:\/\/www.facebook.com\/ContraloriaMeta\" \/>\n<meta property=\"article:modified_time\" content=\"2024-08-14T16:17:14+00:00\" \/>\n<meta name=\"twitter:card\" content=\"summary_large_image\" \/>\n<meta name=\"twitter:site\" content=\"@ContraloriaMeta\" \/>\n<meta name=\"twitter:label1\" content=\"Tiempo de lectura\" \/>\n\t<meta name=\"twitter:data1\" content=\"5 minutos\" \/>\n<script type=\"application\/ld+json\" class=\"yoast-schema-graph\">{\"@context\":\"https:\/\/schema.org\",\"@graph\":[{\"@type\":\"WebPage\",\"@id\":\"https:\/\/www.contraloriameta.gov.co\/?page_id=40652\",\"url\":\"https:\/\/www.contraloriameta.gov.co\/?page_id=40652\",\"name\":\"Pol\u00edtica de derechos de autor - Contralor\u00eda Departamental del Meta\",\"isPartOf\":{\"@id\":\"https:\/\/www.contraloriameta.gov.co\/#website\"},\"datePublished\":\"2024-08-14T16:03:04+00:00\",\"dateModified\":\"2024-08-14T16:17:14+00:00\",\"breadcrumb\":{\"@id\":\"https:\/\/www.contraloriameta.gov.co\/?page_id=40652#breadcrumb\"},\"inLanguage\":\"es\",\"potentialAction\":[{\"@type\":\"ReadAction\",\"target\":[\"https:\/\/www.contraloriameta.gov.co\/?page_id=40652\"]}]},{\"@type\":\"BreadcrumbList\",\"@id\":\"https:\/\/www.contraloriameta.gov.co\/?page_id=40652#breadcrumb\",\"itemListElement\":[{\"@type\":\"ListItem\",\"position\":1,\"name\":\"Portada\",\"item\":\"https:\/\/www.contraloriameta.gov.co\/\"},{\"@type\":\"ListItem\",\"position\":2,\"name\":\"Nuestra Entidad\",\"item\":\"https:\/\/www.contraloriameta.gov.co\/\"},{\"@type\":\"ListItem\",\"position\":3,\"name\":\"Planeacion Gesti\u00f3n y Control\",\"item\":\"https:\/\/www.contraloriameta.gov.co\/?page_id=714\"},{\"@type\":\"ListItem\",\"position\":4,\"name\":\"Pol\u00edticas\",\"item\":\"https:\/\/www.contraloriameta.gov.co\/?page_id=1341\"},{\"@type\":\"ListItem\",\"position\":5,\"name\":\"Pol\u00edtica de derechos de autor\"}]},{\"@type\":\"WebSite\",\"@id\":\"https:\/\/www.contraloriameta.gov.co\/#website\",\"url\":\"https:\/\/www.contraloriameta.gov.co\/\",\"name\":\"Contralor\u00eda Departamental del Meta\",\"description\":\"\",\"publisher\":{\"@id\":\"https:\/\/www.contraloriameta.gov.co\/#organization\"},\"potentialAction\":[{\"@type\":\"SearchAction\",\"target\":{\"@type\":\"EntryPoint\",\"urlTemplate\":\"https:\/\/www.contraloriameta.gov.co\/?s={search_term_string}\"},\"query-input\":{\"@type\":\"PropertyValueSpecification\",\"valueRequired\":true,\"valueName\":\"search_term_string\"}}],\"inLanguage\":\"es\"},{\"@type\":\"Organization\",\"@id\":\"https:\/\/www.contraloriameta.gov.co\/#organization\",\"name\":\"Contralor\u00eda Departamental del Meta\",\"url\":\"https:\/\/www.contraloriameta.gov.co\/\",\"logo\":{\"@type\":\"ImageObject\",\"inLanguage\":\"es\",\"@id\":\"https:\/\/www.contraloriameta.gov.co\/#\/schema\/logo\/image\/\",\"url\":\"https:\/\/www.contraloriameta.gov.co\/wp-content\/uploads\/LOGO_CDM_01.jpg\",\"contentUrl\":\"https:\/\/www.contraloriameta.gov.co\/wp-content\/uploads\/LOGO_CDM_01.jpg\",\"width\":2372,\"height\":876,\"caption\":\"Contralor\u00eda Departamental del Meta\"},\"image\":{\"@id\":\"https:\/\/www.contraloriameta.gov.co\/#\/schema\/logo\/image\/\"},\"sameAs\":[\"https:\/\/www.facebook.com\/ContraloriaMeta\",\"https:\/\/x.com\/ContraloriaMeta\",\"https:\/\/instagram.com\/contraloria.meta\"]}]}<\/script>\n<!-- \/ Yoast SEO plugin. -->","yoast_head_json":{"title":"Pol\u00edtica de derechos de autor - Contralor\u00eda Departamental del Meta","robots":{"index":"index","follow":"follow","max-snippet":"max-snippet:-1","max-image-preview":"max-image-preview:large","max-video-preview":"max-video-preview:-1"},"canonical":"https:\/\/www.contraloriameta.gov.co\/?page_id=40652","og_locale":"es_ES","og_type":"article","og_title":"Pol\u00edtica de derechos de autor - Contralor\u00eda Departamental del Meta","og_description":"Pol\u00edtica de derechos de autor Alcance Al navegar y utilizar los sitios web asociados a cada uno de los servicios de la Contralor\u00eda Departamental del Meta, el usuario acepta las pol\u00edticas anteriormente mencionadas. Si el usuario no est\u00e1 de acuerdo con las pol\u00edticas mencionadas, se sugiere que se abstenga de acceder o navegar por los [&hellip;]","og_url":"https:\/\/www.contraloriameta.gov.co\/?page_id=40652","og_site_name":"Contralor\u00eda Departamental del Meta","article_publisher":"https:\/\/www.facebook.com\/ContraloriaMeta","article_modified_time":"2024-08-14T16:17:14+00:00","twitter_card":"summary_large_image","twitter_site":"@ContraloriaMeta","twitter_misc":{"Tiempo de lectura":"5 minutos"},"schema":{"@context":"https:\/\/schema.org","@graph":[{"@type":"WebPage","@id":"https:\/\/www.contraloriameta.gov.co\/?page_id=40652","url":"https:\/\/www.contraloriameta.gov.co\/?page_id=40652","name":"Pol\u00edtica de derechos de autor - Contralor\u00eda Departamental del Meta","isPartOf":{"@id":"https:\/\/www.contraloriameta.gov.co\/#website"},"datePublished":"2024-08-14T16:03:04+00:00","dateModified":"2024-08-14T16:17:14+00:00","breadcrumb":{"@id":"https:\/\/www.contraloriameta.gov.co\/?page_id=40652#breadcrumb"},"inLanguage":"es","potentialAction":[{"@type":"ReadAction","target":["https:\/\/www.contraloriameta.gov.co\/?page_id=40652"]}]},{"@type":"BreadcrumbList","@id":"https:\/\/www.contraloriameta.gov.co\/?page_id=40652#breadcrumb","itemListElement":[{"@type":"ListItem","position":1,"name":"Portada","item":"https:\/\/www.contraloriameta.gov.co\/"},{"@type":"ListItem","position":2,"name":"Nuestra Entidad","item":"https:\/\/www.contraloriameta.gov.co\/"},{"@type":"ListItem","position":3,"name":"Planeacion Gesti\u00f3n y Control","item":"https:\/\/www.contraloriameta.gov.co\/?page_id=714"},{"@type":"ListItem","position":4,"name":"Pol\u00edticas","item":"https:\/\/www.contraloriameta.gov.co\/?page_id=1341"},{"@type":"ListItem","position":5,"name":"Pol\u00edtica de derechos de autor"}]},{"@type":"WebSite","@id":"https:\/\/www.contraloriameta.gov.co\/#website","url":"https:\/\/www.contraloriameta.gov.co\/","name":"Contralor\u00eda Departamental del Meta","description":"","publisher":{"@id":"https:\/\/www.contraloriameta.gov.co\/#organization"},"potentialAction":[{"@type":"SearchAction","target":{"@type":"EntryPoint","urlTemplate":"https:\/\/www.contraloriameta.gov.co\/?s={search_term_string}"},"query-input":{"@type":"PropertyValueSpecification","valueRequired":true,"valueName":"search_term_string"}}],"inLanguage":"es"},{"@type":"Organization","@id":"https:\/\/www.contraloriameta.gov.co\/#organization","name":"Contralor\u00eda Departamental del Meta","url":"https:\/\/www.contraloriameta.gov.co\/","logo":{"@type":"ImageObject","inLanguage":"es","@id":"https:\/\/www.contraloriameta.gov.co\/#\/schema\/logo\/image\/","url":"https:\/\/www.contraloriameta.gov.co\/wp-content\/uploads\/LOGO_CDM_01.jpg","contentUrl":"https:\/\/www.contraloriameta.gov.co\/wp-content\/uploads\/LOGO_CDM_01.jpg","width":2372,"height":876,"caption":"Contralor\u00eda Departamental del Meta"},"image":{"@id":"https:\/\/www.contraloriameta.gov.co\/#\/schema\/logo\/image\/"},"sameAs":["https:\/\/www.facebook.com\/ContraloriaMeta","https:\/\/x.com\/ContraloriaMeta","https:\/\/instagram.com\/contraloria.meta"]}]}},"_links":{"self":[{"href":"https:\/\/www.contraloriameta.gov.co\/index.php?rest_route=\/wp\/v2\/pages\/40652","targetHints":{"allow":["GET"]}}],"collection":[{"href":"https:\/\/www.contraloriameta.gov.co\/index.php?rest_route=\/wp\/v2\/pages"}],"about":[{"href":"https:\/\/www.contraloriameta.gov.co\/index.php?rest_route=\/wp\/v2\/types\/page"}],"author":[{"embeddable":true,"href":"https:\/\/www.contraloriameta.gov.co\/index.php?rest_route=\/wp\/v2\/users\/11"}],"replies":[{"embeddable":true,"href":"https:\/\/www.contraloriameta.gov.co\/index.php?rest_route=%2Fwp%2Fv2%2Fcomments&post=40652"}],"version-history":[{"count":4,"href":"https:\/\/www.contraloriameta.gov.co\/index.php?rest_route=\/wp\/v2\/pages\/40652\/revisions"}],"predecessor-version":[{"id":40658,"href":"https:\/\/www.contraloriameta.gov.co\/index.php?rest_route=\/wp\/v2\/pages\/40652\/revisions\/40658"}],"up":[{"embeddable":true,"href":"https:\/\/www.contraloriameta.gov.co\/index.php?rest_route=\/wp\/v2\/pages\/1341"}],"wp:attachment":[{"href":"https:\/\/www.contraloriameta.gov.co\/index.php?rest_route=%2Fwp%2Fv2%2Fmedia&parent=40652"}],"curies":[{"name":"wp","href":"https:\/\/api.w.org\/{rel}","templated":true}]}}