{"id":23518,"date":"2021-05-26T15:31:50","date_gmt":"2021-05-26T20:31:50","guid":{"rendered":"http:\/\/www.contraloriameta.gov.co\/sitio\/?page_id=23518"},"modified":"2024-08-15T08:38:04","modified_gmt":"2024-08-15T13:38:04","slug":"audiencia-rendicion-de-cuenta-gestion-2020","status":"publish","type":"page","link":"https:\/\/www.contraloriameta.gov.co\/?page_id=23518","title":{"rendered":"Audiencia Rendici\u00f3n de Cuenta Gesti\u00f3n 2020"},"content":{"rendered":"\t\t<div data-elementor-type=\"wp-page\" data-elementor-id=\"23518\" class=\"elementor elementor-23518\" data-elementor-post-type=\"page\">\n\t\t\t\t<div class=\"elementor-element elementor-element-ca66793 e-flex e-con-boxed e-con e-parent\" data-id=\"ca66793\" data-element_type=\"container\" data-e-type=\"container\">\n\t\t\t\t\t<div class=\"e-con-inner\">\n\t\t\t\t<div class=\"elementor-element elementor-element-9fe2b4d elementor-widget elementor-widget-text-editor\" data-id=\"9fe2b4d\" data-element_type=\"widget\" data-e-type=\"widget\" data-widget_type=\"text-editor.default\">\n\t\t\t\t<div class=\"elementor-widget-container\">\n\t\t\t\t\t\t\t\t\t<table><tbody><tr><td><strong>Documento<\/strong><\/td><td><strong>Fecha<\/strong><\/td><td><strong>Tipo<\/strong><\/td><td><strong>Opci\u00f3n<\/strong><\/td><\/tr><tr><td>Informe de Gesti\u00f3n de la Vigencia 2020<\/td><td>[download_data id=\u201d22832\u2033 data=\u201dfile_date\u201d]<\/td><td>[download id=\u201d22832\u2033]<\/td><td><div class=\"botondescarga\">\u00a0<\/div><\/td><\/tr><tr><td>Video Rendici\u00f3n\u00a0de Gesti\u00f3n de la Vigencia 2020<\/td><td>26 marzo de 2021<\/td><td>Youtube<\/td><td>https:\/\/youtu.be\/_L-7F07jKew<\/td><\/tr><\/tbody><\/table>\t\t\t\t\t\t\t\t<\/div>\n\t\t\t\t<\/div>\n\t\t\t\t\t<\/div>\n\t\t\t\t<\/div>\n\t\t<div class=\"elementor-element elementor-element-fa39691 e-flex e-con-boxed e-con e-parent\" data-id=\"fa39691\" data-element_type=\"container\" data-e-type=\"container\">\n\t\t\t\t\t<div class=\"e-con-inner\">\n\t\t\t\t<div class=\"elementor-element elementor-element-d255ee4 elementor-widget elementor-widget-wpfd_choose_category\" data-id=\"d255ee4\" data-element_type=\"widget\" data-e-type=\"widget\" data-widget_type=\"wpfd_choose_category.default\">\n\t\t\t\t<div class=\"elementor-widget-container\">\n\t\t\t\t\t            <div id=\"wpfd-category-placeholder\" class=\"wpfd-category-placeholder\">\n                <img decoding=\"async\" class=\"category-icon\" style=\"background: url(https:\/\/www.contraloriameta.gov.co\/wp-content\/plugins\/wp-file-download\/app\/admin\/assets\/images\/folder_download.svg) no-repeat scroll center center #fafafa; height: 200px; border-radius: 2px; width: 100%; background-size: 200px;\" src=\"https:\/\/www.contraloriameta.gov.co\/wp-content\/plugins\/wp-file-download\/app\/admin\/assets\/images\/t.gif\" data-mce-src=\"https:\/\/www.contraloriameta.gov.co\/wp-content\/plugins\/wp-file-download\/app\/admin\/assets\/images\/t.gif\" data-mce-style=\"background: url(https:\/\/www.contraloriameta.gov.co\/wp-content\/plugins\/wp-file-download\/app\/admin\/assets\/images\/folder_download.svg) no-repeat scroll center center #fafafa; height: 200px; border-radius: 2px; width: 100%; background-size: 200px;\">\n                <span style=\"font-size: 13px; text-align: center;\">Please select a WP File Download content to activate the preview<\/span>\n            <\/div>\n        \t\t\t\t<\/div>\n\t\t\t\t<\/div>\n\t\t\t\t\t<\/div>\n\t\t\t\t<\/div>\n\t\t\t\t<\/div>\n\t\t","protected":false},"excerpt":{"rendered":"<p>Documento Fecha Tipo Opci\u00f3n Informe de Gesti\u00f3n de la Vigencia 2020 [download_data id=\u201d22832\u2033 data=\u201dfile_date\u201d] [download id=\u201d22832\u2033] \u00a0 Video Rendici\u00f3n\u00a0de Gesti\u00f3n de la Vigencia 2020 26 marzo de 2021 Youtube https:\/\/youtu.be\/_L-7F07jKew Please select a WP File Download content to activate the preview<\/p>\n","protected":false},"author":6,"featured_media":0,"parent":2796,"menu_order":0,"comment_status":"closed","ping_status":"closed","template":"","meta":{"footnotes":""},"class_list":["post-23518","page","type-page","status-publish","hentry"],"yoast_head":"<!-- This site is optimized with the Yoast SEO plugin v27.2 - https:\/\/yoast.com\/product\/yoast-seo-wordpress\/ -->\n<title>Audiencia Rendici\u00f3n de Cuenta Gesti\u00f3n 2020 - Contralor\u00eda Departamental del Meta<\/title>\n<meta name=\"robots\" content=\"index, follow, max-snippet:-1, max-image-preview:large, max-video-preview:-1\" \/>\n<link rel=\"canonical\" href=\"https:\/\/www.contraloriameta.gov.co\/?page_id=23518\" \/>\n<meta property=\"og:locale\" content=\"es_ES\" \/>\n<meta property=\"og:type\" content=\"article\" \/>\n<meta property=\"og:title\" content=\"Audiencia Rendici\u00f3n de Cuenta Gesti\u00f3n 2020 - Contralor\u00eda Departamental del Meta\" \/>\n<meta property=\"og:description\" content=\"Documento Fecha Tipo Opci\u00f3n Informe de Gesti\u00f3n de la Vigencia 2020 [download_data id=\u201d22832\u2033 data=\u201dfile_date\u201d] [download id=\u201d22832\u2033] \u00a0 Video Rendici\u00f3n\u00a0de Gesti\u00f3n de la Vigencia 2020 26 marzo de 2021 Youtube https:\/\/youtu.be\/_L-7F07jKew Please select a WP File Download content to activate the preview\" \/>\n<meta property=\"og:url\" content=\"https:\/\/www.contraloriameta.gov.co\/?page_id=23518\" \/>\n<meta property=\"og:site_name\" content=\"Contralor\u00eda Departamental del Meta\" \/>\n<meta property=\"article:publisher\" content=\"https:\/\/www.facebook.com\/ContraloriaMeta\" \/>\n<meta property=\"article:modified_time\" content=\"2024-08-15T13:38:04+00:00\" \/>\n<meta property=\"og:image\" content=\"https:\/\/www.contraloriameta.gov.co\/wp-content\/plugins\/wp-file-download\/app\/admin\/assets\/images\/t.gif\" \/>\n<meta name=\"twitter:card\" content=\"summary_large_image\" \/>\n<meta name=\"twitter:site\" content=\"@ContraloriaMeta\" \/>\n<meta name=\"twitter:label1\" content=\"Tiempo de lectura\" \/>\n\t<meta name=\"twitter:data1\" content=\"1 minuto\" \/>\n<script type=\"application\/ld+json\" class=\"yoast-schema-graph\">{\"@context\":\"https:\/\/schema.org\",\"@graph\":[{\"@type\":\"WebPage\",\"@id\":\"https:\/\/www.contraloriameta.gov.co\/?page_id=23518\",\"url\":\"https:\/\/www.contraloriameta.gov.co\/?page_id=23518\",\"name\":\"Audiencia Rendici\u00f3n de Cuenta Gesti\u00f3n 2020 - Contralor\u00eda Departamental del Meta\",\"isPartOf\":{\"@id\":\"https:\/\/www.contraloriameta.gov.co\/#website\"},\"primaryImageOfPage\":{\"@id\":\"https:\/\/www.contraloriameta.gov.co\/?page_id=23518#primaryimage\"},\"image\":{\"@id\":\"https:\/\/www.contraloriameta.gov.co\/?page_id=23518#primaryimage\"},\"thumbnailUrl\":\"https:\/\/www.contraloriameta.gov.co\/wp-content\/plugins\/wp-file-download\/app\/admin\/assets\/images\/t.gif\",\"datePublished\":\"2021-05-26T20:31:50+00:00\",\"dateModified\":\"2024-08-15T13:38:04+00:00\",\"breadcrumb\":{\"@id\":\"https:\/\/www.contraloriameta.gov.co\/?page_id=23518#breadcrumb\"},\"inLanguage\":\"es\",\"potentialAction\":[{\"@type\":\"ReadAction\",\"target\":[\"https:\/\/www.contraloriameta.gov.co\/?page_id=23518\"]}]},{\"@type\":\"ImageObject\",\"inLanguage\":\"es\",\"@id\":\"https:\/\/www.contraloriameta.gov.co\/?page_id=23518#primaryimage\",\"url\":\"https:\/\/www.contraloriameta.gov.co\/wp-content\/plugins\/wp-file-download\/app\/admin\/assets\/images\/t.gif\",\"contentUrl\":\"https:\/\/www.contraloriameta.gov.co\/wp-content\/plugins\/wp-file-download\/app\/admin\/assets\/images\/t.gif\"},{\"@type\":\"BreadcrumbList\",\"@id\":\"https:\/\/www.contraloriameta.gov.co\/?page_id=23518#breadcrumb\",\"itemListElement\":[{\"@type\":\"ListItem\",\"position\":1,\"name\":\"Portada\",\"item\":\"https:\/\/www.contraloriameta.gov.co\/\"},{\"@type\":\"ListItem\",\"position\":2,\"name\":\"Nuestra Entidad\",\"item\":\"https:\/\/www.contraloriameta.gov.co\/\"},{\"@type\":\"ListItem\",\"position\":3,\"name\":\"Rendici\u00f3n de Cuentas CDM\",\"item\":\"https:\/\/www.contraloriameta.gov.co\/?page_id=2796\"},{\"@type\":\"ListItem\",\"position\":4,\"name\":\"Audiencia Rendici\u00f3n de Cuenta Gesti\u00f3n 2020\"}]},{\"@type\":\"WebSite\",\"@id\":\"https:\/\/www.contraloriameta.gov.co\/#website\",\"url\":\"https:\/\/www.contraloriameta.gov.co\/\",\"name\":\"Contralor\u00eda Departamental del Meta\",\"description\":\"\",\"publisher\":{\"@id\":\"https:\/\/www.contraloriameta.gov.co\/#organization\"},\"potentialAction\":[{\"@type\":\"SearchAction\",\"target\":{\"@type\":\"EntryPoint\",\"urlTemplate\":\"https:\/\/www.contraloriameta.gov.co\/?s={search_term_string}\"},\"query-input\":{\"@type\":\"PropertyValueSpecification\",\"valueRequired\":true,\"valueName\":\"search_term_string\"}}],\"inLanguage\":\"es\"},{\"@type\":\"Organization\",\"@id\":\"https:\/\/www.contraloriameta.gov.co\/#organization\",\"name\":\"Contralor\u00eda Departamental del Meta\",\"url\":\"https:\/\/www.contraloriameta.gov.co\/\",\"logo\":{\"@type\":\"ImageObject\",\"inLanguage\":\"es\",\"@id\":\"https:\/\/www.contraloriameta.gov.co\/#\/schema\/logo\/image\/\",\"url\":\"https:\/\/www.contraloriameta.gov.co\/wp-content\/uploads\/LOGO_CDM_01.jpg\",\"contentUrl\":\"https:\/\/www.contraloriameta.gov.co\/wp-content\/uploads\/LOGO_CDM_01.jpg\",\"width\":2372,\"height\":876,\"caption\":\"Contralor\u00eda Departamental del Meta\"},\"image\":{\"@id\":\"https:\/\/www.contraloriameta.gov.co\/#\/schema\/logo\/image\/\"},\"sameAs\":[\"https:\/\/www.facebook.com\/ContraloriaMeta\",\"https:\/\/x.com\/ContraloriaMeta\",\"https:\/\/instagram.com\/contraloria.meta\"]}]}<\/script>\n<!-- \/ Yoast SEO plugin. -->","yoast_head_json":{"title":"Audiencia Rendici\u00f3n de Cuenta Gesti\u00f3n 2020 - Contralor\u00eda Departamental del Meta","robots":{"index":"index","follow":"follow","max-snippet":"max-snippet:-1","max-image-preview":"max-image-preview:large","max-video-preview":"max-video-preview:-1"},"canonical":"https:\/\/www.contraloriameta.gov.co\/?page_id=23518","og_locale":"es_ES","og_type":"article","og_title":"Audiencia Rendici\u00f3n de Cuenta Gesti\u00f3n 2020 - Contralor\u00eda Departamental del Meta","og_description":"Documento Fecha Tipo Opci\u00f3n Informe de Gesti\u00f3n de la Vigencia 2020 [download_data id=\u201d22832\u2033 data=\u201dfile_date\u201d] [download id=\u201d22832\u2033] \u00a0 Video Rendici\u00f3n\u00a0de Gesti\u00f3n de la Vigencia 2020 26 marzo de 2021 Youtube https:\/\/youtu.be\/_L-7F07jKew Please select a WP File Download content to activate the preview","og_url":"https:\/\/www.contraloriameta.gov.co\/?page_id=23518","og_site_name":"Contralor\u00eda Departamental del Meta","article_publisher":"https:\/\/www.facebook.com\/ContraloriaMeta","article_modified_time":"2024-08-15T13:38:04+00:00","og_image":[{"url":"https:\/\/www.contraloriameta.gov.co\/wp-content\/plugins\/wp-file-download\/app\/admin\/assets\/images\/t.gif","type":"","width":"","height":""}],"twitter_card":"summary_large_image","twitter_site":"@ContraloriaMeta","twitter_misc":{"Tiempo de lectura":"1 minuto"},"schema":{"@context":"https:\/\/schema.org","@graph":[{"@type":"WebPage","@id":"https:\/\/www.contraloriameta.gov.co\/?page_id=23518","url":"https:\/\/www.contraloriameta.gov.co\/?page_id=23518","name":"Audiencia Rendici\u00f3n de Cuenta Gesti\u00f3n 2020 - Contralor\u00eda Departamental del Meta","isPartOf":{"@id":"https:\/\/www.contraloriameta.gov.co\/#website"},"primaryImageOfPage":{"@id":"https:\/\/www.contraloriameta.gov.co\/?page_id=23518#primaryimage"},"image":{"@id":"https:\/\/www.contraloriameta.gov.co\/?page_id=23518#primaryimage"},"thumbnailUrl":"https:\/\/www.contraloriameta.gov.co\/wp-content\/plugins\/wp-file-download\/app\/admin\/assets\/images\/t.gif","datePublished":"2021-05-26T20:31:50+00:00","dateModified":"2024-08-15T13:38:04+00:00","breadcrumb":{"@id":"https:\/\/www.contraloriameta.gov.co\/?page_id=23518#breadcrumb"},"inLanguage":"es","potentialAction":[{"@type":"ReadAction","target":["https:\/\/www.contraloriameta.gov.co\/?page_id=23518"]}]},{"@type":"ImageObject","inLanguage":"es","@id":"https:\/\/www.contraloriameta.gov.co\/?page_id=23518#primaryimage","url":"https:\/\/www.contraloriameta.gov.co\/wp-content\/plugins\/wp-file-download\/app\/admin\/assets\/images\/t.gif","contentUrl":"https:\/\/www.contraloriameta.gov.co\/wp-content\/plugins\/wp-file-download\/app\/admin\/assets\/images\/t.gif"},{"@type":"BreadcrumbList","@id":"https:\/\/www.contraloriameta.gov.co\/?page_id=23518#breadcrumb","itemListElement":[{"@type":"ListItem","position":1,"name":"Portada","item":"https:\/\/www.contraloriameta.gov.co\/"},{"@type":"ListItem","position":2,"name":"Nuestra Entidad","item":"https:\/\/www.contraloriameta.gov.co\/"},{"@type":"ListItem","position":3,"name":"Rendici\u00f3n de Cuentas CDM","item":"https:\/\/www.contraloriameta.gov.co\/?page_id=2796"},{"@type":"ListItem","position":4,"name":"Audiencia Rendici\u00f3n de Cuenta Gesti\u00f3n 2020"}]},{"@type":"WebSite","@id":"https:\/\/www.contraloriameta.gov.co\/#website","url":"https:\/\/www.contraloriameta.gov.co\/","name":"Contralor\u00eda Departamental del Meta","description":"","publisher":{"@id":"https:\/\/www.contraloriameta.gov.co\/#organization"},"potentialAction":[{"@type":"SearchAction","target":{"@type":"EntryPoint","urlTemplate":"https:\/\/www.contraloriameta.gov.co\/?s={search_term_string}"},"query-input":{"@type":"PropertyValueSpecification","valueRequired":true,"valueName":"search_term_string"}}],"inLanguage":"es"},{"@type":"Organization","@id":"https:\/\/www.contraloriameta.gov.co\/#organization","name":"Contralor\u00eda Departamental del Meta","url":"https:\/\/www.contraloriameta.gov.co\/","logo":{"@type":"ImageObject","inLanguage":"es","@id":"https:\/\/www.contraloriameta.gov.co\/#\/schema\/logo\/image\/","url":"https:\/\/www.contraloriameta.gov.co\/wp-content\/uploads\/LOGO_CDM_01.jpg","contentUrl":"https:\/\/www.contraloriameta.gov.co\/wp-content\/uploads\/LOGO_CDM_01.jpg","width":2372,"height":876,"caption":"Contralor\u00eda Departamental del Meta"},"image":{"@id":"https:\/\/www.contraloriameta.gov.co\/#\/schema\/logo\/image\/"},"sameAs":["https:\/\/www.facebook.com\/ContraloriaMeta","https:\/\/x.com\/ContraloriaMeta","https:\/\/instagram.com\/contraloria.meta"]}]}},"_links":{"self":[{"href":"https:\/\/www.contraloriameta.gov.co\/index.php?rest_route=\/wp\/v2\/pages\/23518","targetHints":{"allow":["GET"]}}],"collection":[{"href":"https:\/\/www.contraloriameta.gov.co\/index.php?rest_route=\/wp\/v2\/pages"}],"about":[{"href":"https:\/\/www.contraloriameta.gov.co\/index.php?rest_route=\/wp\/v2\/types\/page"}],"author":[{"embeddable":true,"href":"https:\/\/www.contraloriameta.gov.co\/index.php?rest_route=\/wp\/v2\/users\/6"}],"replies":[{"embeddable":true,"href":"https:\/\/www.contraloriameta.gov.co\/index.php?rest_route=%2Fwp%2Fv2%2Fcomments&post=23518"}],"version-history":[{"count":4,"href":"https:\/\/www.contraloriameta.gov.co\/index.php?rest_route=\/wp\/v2\/pages\/23518\/revisions"}],"predecessor-version":[{"id":40839,"href":"https:\/\/www.contraloriameta.gov.co\/index.php?rest_route=\/wp\/v2\/pages\/23518\/revisions\/40839"}],"up":[{"embeddable":true,"href":"https:\/\/www.contraloriameta.gov.co\/index.php?rest_route=\/wp\/v2\/pages\/2796"}],"wp:attachment":[{"href":"https:\/\/www.contraloriameta.gov.co\/index.php?rest_route=%2Fwp%2Fv2%2Fmedia&parent=23518"}],"curies":[{"name":"wp","href":"https:\/\/api.w.org\/{rel}","templated":true}]}}