{"id":14109,"date":"2019-03-30T12:47:54","date_gmt":"2019-03-30T17:47:54","guid":{"rendered":"http:\/\/www.contraloriameta.gov.co\/sitio\/?page_id=14109"},"modified":"2023-11-23T14:56:21","modified_gmt":"2023-11-23T19:56:21","slug":"estrategia-de-rendicion-de-cuentas","status":"publish","type":"page","link":"https:\/\/www.contraloriameta.gov.co\/?page_id=14109","title":{"rendered":"Estrategia de Rendici\u00f3n de Cuentas"},"content":{"rendered":"\t\t<div data-elementor-type=\"wp-page\" data-elementor-id=\"14109\" class=\"elementor elementor-14109\" data-elementor-post-type=\"page\">\n\t\t\t\t<div class=\"elementor-element elementor-element-9f80b4a e-flex e-con-boxed e-con e-parent\" data-id=\"9f80b4a\" data-element_type=\"container\" data-e-type=\"container\">\n\t\t\t\t\t<div class=\"e-con-inner\">\n\t\t\t\t<div class=\"elementor-element elementor-element-eeac2b7 elementor-widget elementor-widget-heading\" data-id=\"eeac2b7\" data-element_type=\"widget\" data-e-type=\"widget\" data-widget_type=\"heading.default\">\n\t\t\t\t<div class=\"elementor-widget-container\">\n\t\t\t\t\t<h2 class=\"elementor-heading-title elementor-size-default\">\u00bfQu\u00e9 es Rendici\u00f3n de Cuentas?<\/h2>\t\t\t\t<\/div>\n\t\t\t\t<\/div>\n\t\t\t\t<div class=\"elementor-element elementor-element-b765e90 elementor-widget elementor-widget-text-editor\" data-id=\"b765e90\" data-element_type=\"widget\" data-e-type=\"widget\" data-widget_type=\"text-editor.default\">\n\t\t\t\t<div class=\"elementor-widget-container\">\n\t\t\t\t\t\t\t\t\t<p class=\"txt_info txt_left\"><i>El documento Conpes 3654 del 12 de abril de 2010, se\u00f1ala que la rendici\u00f3n de cuentas es una expresi\u00f3n de control social, que comprende acciones de petici\u00f3n de informaci\u00f3n y de explicaciones, as\u00ed como la evaluaci\u00f3n de la gesti\u00f3n, y que busca la transparencia de la gesti\u00f3n de la administraci\u00f3n p\u00fablica para logar la adopci\u00f3n de los principios de Buen Gobierno.<\/i>\u00a0<\/p><p>Es por esto que la rendici\u00f3n de cuentas presupone, pero tambi\u00e9n fortalece la transparencia del sector p\u00fablico, el concepto de responsabilidad de los gobernantes y servidores y el acceso a la informaci\u00f3n como requisitos b\u00e1sicos. Adicionalmente, la rendici\u00f3n de cuentas es una expresi\u00f3n del control social, por cuanto \u00e9ste \u00faltimo comprende acciones de petici\u00f3n de informaci\u00f3n y explicaciones, as\u00ed como la evaluaci\u00f3n de la gesti\u00f3n y la incidencia de la ciudadan\u00eda para que se ajuste a sus requerimientos.(*)<\/p><p>\u00a0<\/p><p><a href=\"https:\/\/www.contraloriameta.gov.co\/?page_id=13647#4\">NUESTRA ESTRATEGIA RESUMIDA 2019-2020<\/a><\/p>\t\t\t\t\t\t\t\t<\/div>\n\t\t\t\t<\/div>\n\t\t\t\t<div class=\"elementor-element elementor-element-6ed80f0 elementor-widget elementor-widget-wpfd_choose_category\" data-id=\"6ed80f0\" data-element_type=\"widget\" data-e-type=\"widget\" data-widget_type=\"wpfd_choose_category.default\">\n\t\t\t\t<div class=\"elementor-widget-container\">\n\t\t\t\t\t<div id=\"wpfd-elementor-category\" class=\"wpfd-elementor-category\"><script type=\"text\/x-handlebars-template\"        id=\"wpfd-template-table-categories-221\">    <div class=\"wpfd-categories \">{{#if category}}{{#with category}}<h2>{{name}}<\/h2>{{#if parent}}<a class=\"catlink backcategory\" href=\"#\" data-idcat=\"{{parent}}\">                        <i class=\"zmdi zmdi-chevron-left\"><\/i><span>Atr\u00e1s<\/span><\/a>{{\/if}}{{\/with}}{{\/if}}{{#if category.desc}}<div class=\"wpfd-category-desc\">{{category.desc}}<\/div>{{\/if}}<\/div><\/script><script type=\"text\/x-handlebars-template\" id=\"wpfd-template-table-221\">    {{#if files}}    {{#each files}}    <tr class=\"file {{class}} {{ext}}\" data-id=\"{{ID}}\" data-catid=\"{{catid}}\">        <input type=\"hidden\" class=\"wpfd_file_preview_link_download\" value=\"{{linkdownload}}\" data-filetitle=\"{{post_title}}\" data-fileicons=\"ext ext-{{ext}} wpfd-icon-set-svg\" \/>    <td class=\"file_title\"><a class=\"wpfd_downloadlink\" href=\"{{linkdownload}}\"  title=\"{{post_title}}\" target=\"{{#if remote_file}}_blank{{\/if}}\"><span class=\"extcol\">{{#if file_custom_icon}}<span class=\"icon-custom\"><img decoding=\"async\" src=\"{{file_custom_icon}}\"><\/span>{{else}}<span class=\"ext ext-{{ext}} wpfd-icon-set-svg\"><\/span>{{\/if}}<\/span><span class=\"wpfd-file-crop-title\">{{{crop_title}}}<\/span><\/a><\/td><td class=\"file_size\">{{bytesToSize size}}<\/td><td class=\"file_hits\">{{hits}}<\/td><td class=\"file_created\">{{created}}<\/td>                    <td class=\"col-download\">                <a class=\"downloadlink wpfd_downloadlink\"  href=\"{{linkdownload}}\"  style=\"background-color:#76bc58;color:#ffffff;\" target=\"{{#if remote_file}}_blank{{\/if}}\">Descargar<i class=\"zmdi zmdi-cloud-download wpfd-download\"><\/i><\/a>{{#if openpdflink}}<a class=\"openlink wpfdlightbox wpfd_previewlink\" href=\"{{openpdflink}}\"  target=\"\">Vista previa                            <i class=\"zmdi zmdi-filter-center-focus wpfd-preview\"><\/i>                        <\/a>{{else}}{{#if viewerlink}}<a                            href=\"{{viewerlink}}\"                                                        class=\"openlink wpfdlightbox wpfd_previewlink\"                            target=\"\"                            data-id=\"{{ID}}\"                            data-catid=\"{{catid}}\"                            data-file-type=\"{{ext}}\">Vista previa<i class=\"zmdi zmdi-filter-center-focus wpfd-preview\"><\/i>                        <\/a>{{\/if}}{{\/if}}            <\/td>            <\/tr>    {{\/each}}    {{\/if}}<\/script><div class=\"wpfd-content wpfd-content-table wpfd-content-multi colstyle\" data-category=\"221\"              style=\"background-color: rgba(255, 255, 255, 0);\"><input type=\"hidden\" id=\"current_category_221\" value=\"221\" \/>                    <input type=\"hidden\" id=\"current_category_slug_221\" value=\"estrategia-de-rendicion-de-cuentas\" \/>                    <input type=\"hidden\" id=\"current_ordering_221\" value=\"created_time\" \/>                    <input type=\"hidden\" id=\"current_ordering_direction_221\" value=\"desc\" \/>                    <input type=\"hidden\" id=\"page_limit_221\" value=\"10\" \/>                        <form action=\"\" id=\"adminForm-221\" class=\"wpfd-adminForm wpfd-form-search-file-category\" name=\"adminForm\" method=\"post\">                <input type=\"hidden\" id=\"wpfd_search_nonce\" name=\"wpfd_search_nonce\" value=\"91c401d37b\" \/><input type=\"hidden\" name=\"_wp_http_referer\" value=\"\/index.php?rest_route=%2Fwp%2Fv2%2Fpages%2F14109\" \/>                <div id=\"loader\" style=\"display:none; text-align: center\">                    <img decoding=\"async\" src=\"https:\/\/www.contraloriameta.gov.co\/wp-content\/plugins\/wp-file-download\/\/app\/site\/assets\/images\/searchloader.svg\" style=\"margin: 0 auto\"\/>                <\/div>                <div class=\"box-search-filter wpfd-category-search-section\">                    <div class=\"searchSection\">                        <div class=\"only-file input-group clearfix wpfd_search_input\" id=\"Search_container\">                            <img decoding=\"async\" src=\"https:\/\/www.contraloriameta.gov.co\/wp-content\/plugins\/wp-file-download\/\/app\/site\/assets\/images\/search-24.svg\" class=\"material-icons wpfd-icon-search wpfd-search-file-category-icon\" \/>                            <input type=\"text\" class=\"pull-left required txtfilename\" name=\"q\" id=\"txtfilename\" autocomplete=\"off\" placeholder=\"Search in file category...\" value=\"\" \/>                        <\/div>                        <button id=\"btnsearchbelow\" class=\"btnsearchbelow wpfd-btnsearchbelow\" type=\"button\">Buscar<\/button>                    <\/div>                    <input type=\"hidden\" id=\"filter_catid\" class=\"chzn-select filter_catid\" name=\"catid\" value=\"221\" data-cattype=\"\" data-slug=\"\" \/>                    <input type=\"hidden\" name=\"theme\" value=\"table\">                    <input type=\"hidden\" name=\"limit\" value=\"10\">                    <div id=\"wpfd-results\" class=\"wpfd-results list-results\"><\/div>                <\/div>            <\/form>        <input type=\"hidden\" id=\"wpfd_display_empty_category_message\" value=\"0\" \/><input type=\"hidden\" id=\"wpfd_empty_category_message_val\" value=\"This file category has no files to display\" \/><input type=\"hidden\" id=\"wpfd_display_empty_folder\" value=\"0\" \/><input type=\"hidden\" id=\"wpfd_is_empty_subcategories\" value=\"1\" \/><input type=\"hidden\" id=\"wpfd_is_empty_files\" value=\"1\" \/><input type=\"hidden\" id=\"wpfd_root_category_id\" class=\"wpfd_root_category_id\" value=\"221\" \/><input type=\"hidden\" id=\"wpfd_root_category_theme\" class=\"wpfd_root_category_theme\" value=\"table\" \/><input type=\"hidden\" id=\"wpfd_root_category_clone_theme_type\" class=\"wpfd_root_category_clone_theme_type\" value=\"none\" \/><input type=\"hidden\" id=\"wpfd_root_category_type\" class=\"wpfd_root_category_type\" value=\"221\" \/><input type=\"hidden\" id=\"wpfd_root_category_display_file_search\" class=\"wpfd_root_category_display_file_search\" value=\"1\" \/><div class=\"wpfd-container show_category_title\">        <div class=\"wpfd-open-tree\"><\/div>    <div class=\"wpfd-container-table  \">        <div class=\"wpfd-categories \"><h2 class=\"wpfd-category-theme-title\">Estrategia de Rendici\u00f3n de Cuentas<\/h2><div class=\"wpfd-category-desc\"><\/div><\/div>        <table class=\"wpfd-search-result wpfd-table wpfd-table-bordered wpfd-table-striped wpfd-table-0 mediaTable wpfd-theme-rows\">            <thead>                <tr>                    <th class=\"essential persist file_title\">T\u00edtulo<\/th><th class=\"optional file_size\">Tama\u00f1o<\/th><th class=\"optional file_hits\">Hits<\/th><th class=\"optional file_created\">Publicaci\u00f3n<\/th><th class=\"essential file_download file_download_tbl\">Descargar<\/th>                <\/tr>            <\/thead>            <tbody>                                            <tr class=\"file pdf\" data-id=\"40985\"                    data-catid=\"221\">                                        <input type=\"hidden\" class=\"wpfd_file_preview_link_download\" value=\"https:\/\/www.contraloriameta.gov.co\/wp-admin\/admin-ajax.php?juwpfisadmin=false&amp;action=wpfd&amp;task=file.download&amp;wpfd_category_id=221&amp;wpfd_file_id=40985\"                           data-filetitle=\"ESTRATEGIA DE RENDICION DE CUENTAS CDM 2022-2023\" data-fileicons=\"ext ext-pdf wpfd-icon-set-svg\" \/>                    <td class=\"file_title\"><a class=\"wpfd_downloadlink\" href=\"https:\/\/www.contraloriameta.gov.co\/wp-admin\/admin-ajax.php?juwpfisadmin=false&#038;action=wpfd&#038;task=file.download&#038;wpfd_category_id=221&#038;wpfd_file_id=40985\"  title=\"ESTRATEGIA DE RENDICION DE CUENTAS CDM 2022-2023\" target=\"\"><span class=\"extcol\"><span class=\"ext ext-pdf wpfd-icon-set-svg\"><\/span><\/span><span class=\"wpfd-file-crop-title\">ESTRATEGIA DE RENDICION DE CUENTAS CDM 2022-2023<\/span><\/a><\/td><td class=\"file_size\">170.18 KB<\/td><td class=\"file_hits\">242<\/td><td class=\"file_created\">16-08-2024<\/td>                                            <td class=\"file_download_tbl col-download\">                            <a class=\"downloadlink wpfd_downloadlink\"  href=\"https:\/\/www.contraloriameta.gov.co\/wp-admin\/admin-ajax.php?juwpfisadmin=false&#038;action=wpfd&#038;task=file.download&#038;wpfd_category_id=221&#038;wpfd_file_id=40985\"  style=\"background-color:#76bc58;color:#ffffff;\" target=\"\">Descargar<i class=\"zmdi zmdi-cloud-download wpfd-download\"><\/i><\/a><a                            href=\"https:\/\/docs.google.com\/viewer?url=https%3A%2F%2Fwww.contraloriameta.gov.co%2Fwp-admin%2Fadmin-ajax.php%3Fjuwpfisadmin%3Dfalse%26action%3Dwpfd%26task%3Dfile.download%26wpfd_category_id%3D221%26wpfd_file_id%3D40985%26token%3D%26preview%3D1&#038;embedded=true\"                                                        class=\"openlink wpfdlightbox wpfd_previewlink\"                            target=\"\"                            data-id=\"40985\"                            data-catid=\"221\"                            data-file-type=\"pdf\">Vista previa<i class=\"zmdi zmdi-filter-center-focus wpfd-preview\"><\/i>                        <\/a>                        <\/td>                                    <\/tr>                                                            <tr class=\"file doc\" data-id=\"36633\"                    data-catid=\"221\">                                        <input type=\"hidden\" class=\"wpfd_file_preview_link_download\" value=\"https:\/\/www.contraloriameta.gov.co\/wp-admin\/admin-ajax.php?juwpfisadmin=false&amp;action=wpfd&amp;task=file.download&amp;wpfd_category_id=221&amp;wpfd_file_id=36633\"                           data-filetitle=\"INFORME-ESTRATEGIA-RENDICION-CUENTAS-2019\" data-fileicons=\"ext ext-doc wpfd-icon-set-svg\" \/>                    <td class=\"file_title\"><a class=\"wpfd_downloadlink\" href=\"https:\/\/www.contraloriameta.gov.co\/wp-admin\/admin-ajax.php?juwpfisadmin=false&#038;action=wpfd&#038;task=file.download&#038;wpfd_category_id=221&#038;wpfd_file_id=36633\"  title=\"INFORME-ESTRATEGIA-RENDICION-CUENTAS-2019\" target=\"\"><span class=\"extcol\"><span class=\"ext ext-doc wpfd-icon-set-svg\"><\/span><\/span><span class=\"wpfd-file-crop-title\">INFORME-ESTRATEGIA-RENDICION-CUENTAS-2019<\/span><\/a><\/td><td class=\"file_size\">31.16 MB<\/td><td class=\"file_hits\">231<\/td><td class=\"file_created\">23-11-2023<\/td>                                            <td class=\"file_download_tbl col-download\">                            <a class=\"downloadlink wpfd_downloadlink\"  href=\"https:\/\/www.contraloriameta.gov.co\/wp-admin\/admin-ajax.php?juwpfisadmin=false&#038;action=wpfd&#038;task=file.download&#038;wpfd_category_id=221&#038;wpfd_file_id=36633\"  style=\"background-color:#76bc58;color:#ffffff;\" target=\"\">Descargar<i class=\"zmdi zmdi-cloud-download wpfd-download\"><\/i><\/a><a                            href=\"https:\/\/docs.google.com\/viewer?url=https%3A%2F%2Fwww.contraloriameta.gov.co%2Fwp-admin%2Fadmin-ajax.php%3Fjuwpfisadmin%3Dfalse%26action%3Dwpfd%26task%3Dfile.download%26wpfd_category_id%3D221%26wpfd_file_id%3D36633%26token%3D%26preview%3D1&#038;embedded=true\"                                                        class=\"openlink wpfdlightbox wpfd_previewlink\"                            target=\"\"                            data-id=\"36633\"                            data-catid=\"221\"                            data-file-type=\"doc\">Vista previa<i class=\"zmdi zmdi-filter-center-focus wpfd-preview\"><\/i>                        <\/a>                        <\/td>                                    <\/tr>                                                            <tr class=\"file pdf\" data-id=\"36619\"                    data-catid=\"221\">                                        <input type=\"hidden\" class=\"wpfd_file_preview_link_download\" value=\"https:\/\/www.contraloriameta.gov.co\/wp-admin\/admin-ajax.php?juwpfisadmin=false&amp;action=wpfd&amp;task=file.download&amp;wpfd_category_id=221&amp;wpfd_file_id=36619\"                           data-filetitle=\"ESTRATEGIA-DE-RENDICION-DE-CUENTAS-CDM-2019-2020\" data-fileicons=\"ext ext-pdf wpfd-icon-set-svg\" \/>                    <td class=\"file_title\"><a class=\"wpfd_downloadlink\" href=\"https:\/\/www.contraloriameta.gov.co\/wp-admin\/admin-ajax.php?juwpfisadmin=false&#038;action=wpfd&#038;task=file.download&#038;wpfd_category_id=221&#038;wpfd_file_id=36619\"  title=\"ESTRATEGIA-DE-RENDICION-DE-CUENTAS-CDM-2019-2020\" target=\"\"><span class=\"extcol\"><span class=\"ext ext-pdf wpfd-icon-set-svg\"><\/span><\/span><span class=\"wpfd-file-crop-title\">ESTRATEGIA-DE-RENDICION-DE-CUENTAS-CDM-2019-2020<\/span><\/a><\/td><td class=\"file_size\">2.27 MB<\/td><td class=\"file_hits\">280<\/td><td class=\"file_created\">23-11-2023<\/td>                                            <td class=\"file_download_tbl col-download\">                            <a class=\"downloadlink wpfd_downloadlink\"  href=\"https:\/\/www.contraloriameta.gov.co\/wp-admin\/admin-ajax.php?juwpfisadmin=false&#038;action=wpfd&#038;task=file.download&#038;wpfd_category_id=221&#038;wpfd_file_id=36619\"  style=\"background-color:#76bc58;color:#ffffff;\" target=\"\">Descargar<i class=\"zmdi zmdi-cloud-download wpfd-download\"><\/i><\/a><a                            href=\"https:\/\/docs.google.com\/viewer?url=https%3A%2F%2Fwww.contraloriameta.gov.co%2Fwp-admin%2Fadmin-ajax.php%3Fjuwpfisadmin%3Dfalse%26action%3Dwpfd%26task%3Dfile.download%26wpfd_category_id%3D221%26wpfd_file_id%3D36619%26token%3D%26preview%3D1&#038;embedded=true\"                                                        class=\"openlink wpfdlightbox wpfd_previewlink\"                            target=\"\"                            data-id=\"36619\"                            data-catid=\"221\"                            data-file-type=\"pdf\">Vista previa<i class=\"zmdi zmdi-filter-center-focus wpfd-preview\"><\/i>                        <\/a>                        <\/td>                                    <\/tr>                                        <\/tbody>        <\/table>            <\/div><\/div><\/div><\/div>\t\t\t\t<\/div>\n\t\t\t\t<\/div>\n\t\t\t\t\t<\/div>\n\t\t\t\t<\/div>\n\t\t<div class=\"elementor-element elementor-element-302e96a e-flex e-con-boxed e-con e-parent\" data-id=\"302e96a\" data-element_type=\"container\" data-e-type=\"container\">\n\t\t\t\t\t<div class=\"e-con-inner\">\n\t\t\t\t\t<\/div>\n\t\t\t\t<\/div>\n\t\t\t\t<\/div>\n\t\t","protected":false},"excerpt":{"rendered":"<p>\u00bfQu\u00e9 es Rendici\u00f3n de Cuentas? El documento Conpes 3654 del 12 de abril de 2010, se\u00f1ala que la rendici\u00f3n de cuentas es una expresi\u00f3n de control social, que comprende acciones de petici\u00f3n de informaci\u00f3n y de explicaciones, as\u00ed como la evaluaci\u00f3n de la gesti\u00f3n, y que busca la transparencia de la gesti\u00f3n de la administraci\u00f3n [&hellip;]<\/p>\n","protected":false},"author":6,"featured_media":0,"parent":2796,"menu_order":0,"comment_status":"closed","ping_status":"closed","template":"","meta":{"footnotes":""},"class_list":["post-14109","page","type-page","status-publish","hentry"],"yoast_head":"<!-- This site is optimized with the Yoast SEO plugin v27.2 - https:\/\/yoast.com\/product\/yoast-seo-wordpress\/ -->\n<title>Estrategia de Rendici\u00f3n de Cuentas - Contralor\u00eda Departamental del Meta<\/title>\n<meta name=\"robots\" content=\"index, follow, max-snippet:-1, max-image-preview:large, max-video-preview:-1\" \/>\n<link rel=\"canonical\" href=\"https:\/\/www.contraloriameta.gov.co\/?page_id=14109\" \/>\n<meta property=\"og:locale\" content=\"es_ES\" \/>\n<meta property=\"og:type\" content=\"article\" \/>\n<meta property=\"og:title\" content=\"Estrategia de Rendici\u00f3n de Cuentas - Contralor\u00eda Departamental del Meta\" \/>\n<meta property=\"og:description\" content=\"\u00bfQu\u00e9 es Rendici\u00f3n de Cuentas? El documento Conpes 3654 del 12 de abril de 2010, se\u00f1ala que la rendici\u00f3n de cuentas es una expresi\u00f3n de control social, que comprende acciones de petici\u00f3n de informaci\u00f3n y de explicaciones, as\u00ed como la evaluaci\u00f3n de la gesti\u00f3n, y que busca la transparencia de la gesti\u00f3n de la administraci\u00f3n [&hellip;]\" \/>\n<meta property=\"og:url\" content=\"https:\/\/www.contraloriameta.gov.co\/?page_id=14109\" \/>\n<meta property=\"og:site_name\" content=\"Contralor\u00eda Departamental del Meta\" \/>\n<meta property=\"article:publisher\" content=\"https:\/\/www.facebook.com\/ContraloriaMeta\" \/>\n<meta property=\"article:modified_time\" content=\"2023-11-23T19:56:21+00:00\" \/>\n<meta name=\"twitter:card\" content=\"summary_large_image\" \/>\n<meta name=\"twitter:site\" content=\"@ContraloriaMeta\" \/>\n<meta name=\"twitter:label1\" content=\"Tiempo de lectura\" \/>\n\t<meta name=\"twitter:data1\" content=\"1 minuto\" \/>\n<script type=\"application\/ld+json\" class=\"yoast-schema-graph\">{\"@context\":\"https:\/\/schema.org\",\"@graph\":[{\"@type\":\"WebPage\",\"@id\":\"https:\/\/www.contraloriameta.gov.co\/?page_id=14109\",\"url\":\"https:\/\/www.contraloriameta.gov.co\/?page_id=14109\",\"name\":\"Estrategia de Rendici\u00f3n de Cuentas - Contralor\u00eda Departamental del Meta\",\"isPartOf\":{\"@id\":\"https:\/\/www.contraloriameta.gov.co\/#website\"},\"datePublished\":\"2019-03-30T17:47:54+00:00\",\"dateModified\":\"2023-11-23T19:56:21+00:00\",\"breadcrumb\":{\"@id\":\"https:\/\/www.contraloriameta.gov.co\/?page_id=14109#breadcrumb\"},\"inLanguage\":\"es\",\"potentialAction\":[{\"@type\":\"ReadAction\",\"target\":[\"https:\/\/www.contraloriameta.gov.co\/?page_id=14109\"]}]},{\"@type\":\"BreadcrumbList\",\"@id\":\"https:\/\/www.contraloriameta.gov.co\/?page_id=14109#breadcrumb\",\"itemListElement\":[{\"@type\":\"ListItem\",\"position\":1,\"name\":\"Portada\",\"item\":\"https:\/\/www.contraloriameta.gov.co\/\"},{\"@type\":\"ListItem\",\"position\":2,\"name\":\"Nuestra Entidad\",\"item\":\"https:\/\/www.contraloriameta.gov.co\/\"},{\"@type\":\"ListItem\",\"position\":3,\"name\":\"Rendici\u00f3n de Cuentas CDM\",\"item\":\"https:\/\/www.contraloriameta.gov.co\/?page_id=2796\"},{\"@type\":\"ListItem\",\"position\":4,\"name\":\"Estrategia de Rendici\u00f3n de Cuentas\"}]},{\"@type\":\"WebSite\",\"@id\":\"https:\/\/www.contraloriameta.gov.co\/#website\",\"url\":\"https:\/\/www.contraloriameta.gov.co\/\",\"name\":\"Contralor\u00eda Departamental del Meta\",\"description\":\"\",\"publisher\":{\"@id\":\"https:\/\/www.contraloriameta.gov.co\/#organization\"},\"potentialAction\":[{\"@type\":\"SearchAction\",\"target\":{\"@type\":\"EntryPoint\",\"urlTemplate\":\"https:\/\/www.contraloriameta.gov.co\/?s={search_term_string}\"},\"query-input\":{\"@type\":\"PropertyValueSpecification\",\"valueRequired\":true,\"valueName\":\"search_term_string\"}}],\"inLanguage\":\"es\"},{\"@type\":\"Organization\",\"@id\":\"https:\/\/www.contraloriameta.gov.co\/#organization\",\"name\":\"Contralor\u00eda Departamental del Meta\",\"url\":\"https:\/\/www.contraloriameta.gov.co\/\",\"logo\":{\"@type\":\"ImageObject\",\"inLanguage\":\"es\",\"@id\":\"https:\/\/www.contraloriameta.gov.co\/#\/schema\/logo\/image\/\",\"url\":\"https:\/\/www.contraloriameta.gov.co\/wp-content\/uploads\/LOGO_CDM_01.jpg\",\"contentUrl\":\"https:\/\/www.contraloriameta.gov.co\/wp-content\/uploads\/LOGO_CDM_01.jpg\",\"width\":2372,\"height\":876,\"caption\":\"Contralor\u00eda Departamental del Meta\"},\"image\":{\"@id\":\"https:\/\/www.contraloriameta.gov.co\/#\/schema\/logo\/image\/\"},\"sameAs\":[\"https:\/\/www.facebook.com\/ContraloriaMeta\",\"https:\/\/x.com\/ContraloriaMeta\",\"https:\/\/instagram.com\/contraloria.meta\"]}]}<\/script>\n<!-- \/ Yoast SEO plugin. -->","yoast_head_json":{"title":"Estrategia de Rendici\u00f3n de Cuentas - Contralor\u00eda Departamental del Meta","robots":{"index":"index","follow":"follow","max-snippet":"max-snippet:-1","max-image-preview":"max-image-preview:large","max-video-preview":"max-video-preview:-1"},"canonical":"https:\/\/www.contraloriameta.gov.co\/?page_id=14109","og_locale":"es_ES","og_type":"article","og_title":"Estrategia de Rendici\u00f3n de Cuentas - Contralor\u00eda Departamental del Meta","og_description":"\u00bfQu\u00e9 es Rendici\u00f3n de Cuentas? El documento Conpes 3654 del 12 de abril de 2010, se\u00f1ala que la rendici\u00f3n de cuentas es una expresi\u00f3n de control social, que comprende acciones de petici\u00f3n de informaci\u00f3n y de explicaciones, as\u00ed como la evaluaci\u00f3n de la gesti\u00f3n, y que busca la transparencia de la gesti\u00f3n de la administraci\u00f3n [&hellip;]","og_url":"https:\/\/www.contraloriameta.gov.co\/?page_id=14109","og_site_name":"Contralor\u00eda Departamental del Meta","article_publisher":"https:\/\/www.facebook.com\/ContraloriaMeta","article_modified_time":"2023-11-23T19:56:21+00:00","twitter_card":"summary_large_image","twitter_site":"@ContraloriaMeta","twitter_misc":{"Tiempo de lectura":"1 minuto"},"schema":{"@context":"https:\/\/schema.org","@graph":[{"@type":"WebPage","@id":"https:\/\/www.contraloriameta.gov.co\/?page_id=14109","url":"https:\/\/www.contraloriameta.gov.co\/?page_id=14109","name":"Estrategia de Rendici\u00f3n de Cuentas - Contralor\u00eda Departamental del Meta","isPartOf":{"@id":"https:\/\/www.contraloriameta.gov.co\/#website"},"datePublished":"2019-03-30T17:47:54+00:00","dateModified":"2023-11-23T19:56:21+00:00","breadcrumb":{"@id":"https:\/\/www.contraloriameta.gov.co\/?page_id=14109#breadcrumb"},"inLanguage":"es","potentialAction":[{"@type":"ReadAction","target":["https:\/\/www.contraloriameta.gov.co\/?page_id=14109"]}]},{"@type":"BreadcrumbList","@id":"https:\/\/www.contraloriameta.gov.co\/?page_id=14109#breadcrumb","itemListElement":[{"@type":"ListItem","position":1,"name":"Portada","item":"https:\/\/www.contraloriameta.gov.co\/"},{"@type":"ListItem","position":2,"name":"Nuestra Entidad","item":"https:\/\/www.contraloriameta.gov.co\/"},{"@type":"ListItem","position":3,"name":"Rendici\u00f3n de Cuentas CDM","item":"https:\/\/www.contraloriameta.gov.co\/?page_id=2796"},{"@type":"ListItem","position":4,"name":"Estrategia de Rendici\u00f3n de Cuentas"}]},{"@type":"WebSite","@id":"https:\/\/www.contraloriameta.gov.co\/#website","url":"https:\/\/www.contraloriameta.gov.co\/","name":"Contralor\u00eda Departamental del Meta","description":"","publisher":{"@id":"https:\/\/www.contraloriameta.gov.co\/#organization"},"potentialAction":[{"@type":"SearchAction","target":{"@type":"EntryPoint","urlTemplate":"https:\/\/www.contraloriameta.gov.co\/?s={search_term_string}"},"query-input":{"@type":"PropertyValueSpecification","valueRequired":true,"valueName":"search_term_string"}}],"inLanguage":"es"},{"@type":"Organization","@id":"https:\/\/www.contraloriameta.gov.co\/#organization","name":"Contralor\u00eda Departamental del Meta","url":"https:\/\/www.contraloriameta.gov.co\/","logo":{"@type":"ImageObject","inLanguage":"es","@id":"https:\/\/www.contraloriameta.gov.co\/#\/schema\/logo\/image\/","url":"https:\/\/www.contraloriameta.gov.co\/wp-content\/uploads\/LOGO_CDM_01.jpg","contentUrl":"https:\/\/www.contraloriameta.gov.co\/wp-content\/uploads\/LOGO_CDM_01.jpg","width":2372,"height":876,"caption":"Contralor\u00eda Departamental del Meta"},"image":{"@id":"https:\/\/www.contraloriameta.gov.co\/#\/schema\/logo\/image\/"},"sameAs":["https:\/\/www.facebook.com\/ContraloriaMeta","https:\/\/x.com\/ContraloriaMeta","https:\/\/instagram.com\/contraloria.meta"]}]}},"_links":{"self":[{"href":"https:\/\/www.contraloriameta.gov.co\/index.php?rest_route=\/wp\/v2\/pages\/14109","targetHints":{"allow":["GET"]}}],"collection":[{"href":"https:\/\/www.contraloriameta.gov.co\/index.php?rest_route=\/wp\/v2\/pages"}],"about":[{"href":"https:\/\/www.contraloriameta.gov.co\/index.php?rest_route=\/wp\/v2\/types\/page"}],"author":[{"embeddable":true,"href":"https:\/\/www.contraloriameta.gov.co\/index.php?rest_route=\/wp\/v2\/users\/6"}],"replies":[{"embeddable":true,"href":"https:\/\/www.contraloriameta.gov.co\/index.php?rest_route=%2Fwp%2Fv2%2Fcomments&post=14109"}],"version-history":[{"count":0,"href":"https:\/\/www.contraloriameta.gov.co\/index.php?rest_route=\/wp\/v2\/pages\/14109\/revisions"}],"up":[{"embeddable":true,"href":"https:\/\/www.contraloriameta.gov.co\/index.php?rest_route=\/wp\/v2\/pages\/2796"}],"wp:attachment":[{"href":"https:\/\/www.contraloriameta.gov.co\/index.php?rest_route=%2Fwp%2Fv2%2Fmedia&parent=14109"}],"curies":[{"name":"wp","href":"https:\/\/api.w.org\/{rel}","templated":true}]}}