{"id":1288,"date":"2016-12-14T16:18:28","date_gmt":"2016-12-14T21:18:28","guid":{"rendered":"http:\/\/172.16.1.2:8080\/sitio\/?page_id=1288"},"modified":"2023-10-30T20:03:23","modified_gmt":"2023-10-31T01:03:23","slug":"planes","status":"publish","type":"page","link":"https:\/\/www.contraloriameta.gov.co\/?page_id=1288","title":{"rendered":"Planes"},"content":{"rendered":"\t\t<div data-elementor-type=\"wp-page\" data-elementor-id=\"1288\" class=\"elementor elementor-1288\" data-elementor-post-type=\"page\">\n\t\t\t\t<div class=\"elementor-element elementor-element-75de963 e-flex e-con-boxed e-con e-parent\" data-id=\"75de963\" data-element_type=\"container\" data-e-type=\"container\">\n\t\t\t\t\t<div class=\"e-con-inner\">\n\t\t\t\t<div class=\"elementor-element elementor-element-f398231 elementor-widget__width-initial elementor-position-top elementor-widget elementor-widget-image-box\" data-id=\"f398231\" data-element_type=\"widget\" data-e-type=\"widget\" data-widget_type=\"image-box.default\">\n\t\t\t\t<div class=\"elementor-widget-container\">\n\t\t\t\t\t<div class=\"elementor-image-box-wrapper\"><figure class=\"elementor-image-box-img\"><a href=\"https:\/\/www.contraloriameta.gov.co\/?page_id=1177\" tabindex=\"-1\"><img fetchpriority=\"high\" decoding=\"async\" width=\"629\" height=\"641\" src=\"https:\/\/www.contraloriameta.gov.co\/wp-content\/uploads\/plan-estrategico.png\" class=\"attachment-full size-full wp-image-12031\" alt=\"\" srcset=\"https:\/\/www.contraloriameta.gov.co\/wp-content\/uploads\/plan-estrategico.png 629w, https:\/\/www.contraloriameta.gov.co\/wp-content\/uploads\/plan-estrategico-294x300.png 294w\" sizes=\"(max-width: 629px) 100vw, 629px\" \/><\/a><\/figure><div class=\"elementor-image-box-content\"><h4 class=\"elementor-image-box-title\"><a href=\"https:\/\/www.contraloriameta.gov.co\/?page_id=1177\">Plan estrategico<\/a><\/h4><\/div><\/div>\t\t\t\t<\/div>\n\t\t\t\t<\/div>\n\t\t\t\t<div class=\"elementor-element elementor-element-a95ace9 elementor-widget__width-initial elementor-position-top elementor-widget elementor-widget-image-box\" data-id=\"a95ace9\" data-element_type=\"widget\" data-e-type=\"widget\" data-widget_type=\"image-box.default\">\n\t\t\t\t<div class=\"elementor-widget-container\">\n\t\t\t\t\t<div class=\"elementor-image-box-wrapper\"><figure class=\"elementor-image-box-img\"><a href=\"http:\/\/web.contraloriameta.gov.co\/sitio\/?page_id=1174\" tabindex=\"-1\"><img decoding=\"async\" width=\"628\" height=\"642\" src=\"https:\/\/www.contraloriameta.gov.co\/wp-content\/uploads\/plan-de-accion.png\" class=\"attachment-full size-full wp-image-12032\" alt=\"\" srcset=\"https:\/\/www.contraloriameta.gov.co\/wp-content\/uploads\/plan-de-accion.png 628w, https:\/\/www.contraloriameta.gov.co\/wp-content\/uploads\/plan-de-accion-293x300.png 293w\" sizes=\"(max-width: 628px) 100vw, 628px\" \/><\/a><\/figure><div class=\"elementor-image-box-content\"><h4 class=\"elementor-image-box-title\"><a href=\"http:\/\/web.contraloriameta.gov.co\/sitio\/?page_id=1174\">Plan de acci\u00f3n<\/a><\/h4><\/div><\/div>\t\t\t\t<\/div>\n\t\t\t\t<\/div>\n\t\t\t\t<div class=\"elementor-element elementor-element-82f3a16 elementor-widget__width-initial elementor-position-top elementor-widget elementor-widget-image-box\" data-id=\"82f3a16\" data-element_type=\"widget\" data-e-type=\"widget\" data-widget_type=\"image-box.default\">\n\t\t\t\t<div class=\"elementor-widget-container\">\n\t\t\t\t\t<div class=\"elementor-image-box-wrapper\"><figure class=\"elementor-image-box-img\"><a href=\"https:\/\/www.contraloriameta.gov.co\/?page_id=1193\" tabindex=\"-1\"><img decoding=\"async\" width=\"628\" height=\"642\" src=\"https:\/\/www.contraloriameta.gov.co\/wp-content\/uploads\/GESTION-TIC.png\" class=\"attachment-full size-full wp-image-13752\" alt=\"\" srcset=\"https:\/\/www.contraloriameta.gov.co\/wp-content\/uploads\/GESTION-TIC.png 628w, https:\/\/www.contraloriameta.gov.co\/wp-content\/uploads\/GESTION-TIC-293x300.png 293w\" sizes=\"(max-width: 628px) 100vw, 628px\" \/><\/a><\/figure><div class=\"elementor-image-box-content\"><h4 class=\"elementor-image-box-title\"><a href=\"https:\/\/www.contraloriameta.gov.co\/?page_id=1193\">Planes de gesti\u00f3n tecnologicas de la informaci\u00f3n y la comunicaci\u00f1on<\/a><\/h4><\/div><\/div>\t\t\t\t<\/div>\n\t\t\t\t<\/div>\n\t\t\t\t<div class=\"elementor-element elementor-element-5d6aac3 elementor-widget__width-initial elementor-position-top elementor-widget elementor-widget-image-box\" data-id=\"5d6aac3\" data-element_type=\"widget\" data-e-type=\"widget\" data-widget_type=\"image-box.default\">\n\t\t\t\t<div class=\"elementor-widget-container\">\n\t\t\t\t\t<div class=\"elementor-image-box-wrapper\"><figure class=\"elementor-image-box-img\"><a href=\"https:\/\/www.contraloriameta.gov.co\/?page_id=1183\" tabindex=\"-1\"><img loading=\"lazy\" decoding=\"async\" width=\"629\" height=\"641\" src=\"https:\/\/www.contraloriameta.gov.co\/wp-content\/uploads\/PLAN-ANTICORRUPCION.jpg\" class=\"attachment-full size-full wp-image-6803\" alt=\"\" srcset=\"https:\/\/www.contraloriameta.gov.co\/wp-content\/uploads\/PLAN-ANTICORRUPCION.jpg 629w, https:\/\/www.contraloriameta.gov.co\/wp-content\/uploads\/PLAN-ANTICORRUPCION-294x300.jpg 294w\" sizes=\"(max-width: 629px) 100vw, 629px\" \/><\/a><\/figure><div class=\"elementor-image-box-content\"><h4 class=\"elementor-image-box-title\"><a href=\"https:\/\/www.contraloriameta.gov.co\/?page_id=1183\">Planes anticorrupci\u00f3n<\/a><\/h4><\/div><\/div>\t\t\t\t<\/div>\n\t\t\t\t<\/div>\n\t\t\t\t<div class=\"elementor-element elementor-element-9d74406 elementor-widget__width-initial elementor-position-top elementor-widget elementor-widget-image-box\" data-id=\"9d74406\" data-element_type=\"widget\" data-e-type=\"widget\" data-widget_type=\"image-box.default\">\n\t\t\t\t<div class=\"elementor-widget-container\">\n\t\t\t\t\t<div class=\"elementor-image-box-wrapper\"><figure class=\"elementor-image-box-img\"><a href=\"https:\/\/www.contraloriameta.gov.co\/?page_id=1187\" tabindex=\"-1\"><img loading=\"lazy\" decoding=\"async\" width=\"629\" height=\"641\" src=\"https:\/\/www.contraloriameta.gov.co\/wp-content\/uploads\/PLAN-DE-CAPACITACION.jpg\" class=\"attachment-full size-full wp-image-6804\" alt=\"\" srcset=\"https:\/\/www.contraloriameta.gov.co\/wp-content\/uploads\/PLAN-DE-CAPACITACION.jpg 629w, https:\/\/www.contraloriameta.gov.co\/wp-content\/uploads\/PLAN-DE-CAPACITACION-294x300.jpg 294w\" sizes=\"(max-width: 629px) 100vw, 629px\" \/><\/a><\/figure><div class=\"elementor-image-box-content\"><h4 class=\"elementor-image-box-title\"><a href=\"https:\/\/www.contraloriameta.gov.co\/?page_id=1187\">Planes capacitaci\u00f3n<\/a><\/h4><\/div><\/div>\t\t\t\t<\/div>\n\t\t\t\t<\/div>\n\t\t\t\t<div class=\"elementor-element elementor-element-340ed8f elementor-widget__width-initial elementor-position-top elementor-widget elementor-widget-image-box\" data-id=\"340ed8f\" data-element_type=\"widget\" data-e-type=\"widget\" data-widget_type=\"image-box.default\">\n\t\t\t\t<div class=\"elementor-widget-container\">\n\t\t\t\t\t<div class=\"elementor-image-box-wrapper\"><figure class=\"elementor-image-box-img\"><a href=\"https:\/\/www.contraloriameta.gov.co\/?page_id=1180\" tabindex=\"-1\"><img loading=\"lazy\" decoding=\"async\" width=\"628\" height=\"641\" src=\"https:\/\/www.contraloriameta.gov.co\/wp-content\/uploads\/PLAN-DE-MEJORAMIENTO1.jpg\" class=\"attachment-full size-full wp-image-6786\" alt=\"\" srcset=\"https:\/\/www.contraloriameta.gov.co\/wp-content\/uploads\/PLAN-DE-MEJORAMIENTO1.jpg 628w, https:\/\/www.contraloriameta.gov.co\/wp-content\/uploads\/PLAN-DE-MEJORAMIENTO1-294x300.jpg 294w\" sizes=\"(max-width: 628px) 100vw, 628px\" \/><\/a><\/figure><div class=\"elementor-image-box-content\"><h4 class=\"elementor-image-box-title\"><a href=\"https:\/\/www.contraloriameta.gov.co\/?page_id=1180\">Planes mejoramiento<\/a><\/h4><\/div><\/div>\t\t\t\t<\/div>\n\t\t\t\t<\/div>\n\t\t\t\t<div class=\"elementor-element elementor-element-b45e6d5 elementor-widget__width-initial elementor-position-top elementor-widget elementor-widget-image-box\" data-id=\"b45e6d5\" data-element_type=\"widget\" data-e-type=\"widget\" data-widget_type=\"image-box.default\">\n\t\t\t\t<div class=\"elementor-widget-container\">\n\t\t\t\t\t<div class=\"elementor-image-box-wrapper\"><figure class=\"elementor-image-box-img\"><a href=\"https:\/\/www.contraloriameta.gov.co\/?page_id=1190\" tabindex=\"-1\"><img loading=\"lazy\" decoding=\"async\" width=\"629\" height=\"641\" src=\"https:\/\/www.contraloriameta.gov.co\/wp-content\/uploads\/PLAN-ARCHIVO.jpg\" class=\"attachment-full size-full wp-image-6807\" alt=\"\" srcset=\"https:\/\/www.contraloriameta.gov.co\/wp-content\/uploads\/PLAN-ARCHIVO.jpg 629w, https:\/\/www.contraloriameta.gov.co\/wp-content\/uploads\/PLAN-ARCHIVO-294x300.jpg 294w\" sizes=\"(max-width: 629px) 100vw, 629px\" \/><\/a><\/figure><div class=\"elementor-image-box-content\"><h4 class=\"elementor-image-box-title\"><a href=\"https:\/\/www.contraloriameta.gov.co\/?page_id=1190\">Planes archivo<\/a><\/h4><\/div><\/div>\t\t\t\t<\/div>\n\t\t\t\t<\/div>\n\t\t\t\t<div class=\"elementor-element elementor-element-adb9378 elementor-widget__width-initial elementor-position-top elementor-widget elementor-widget-image-box\" data-id=\"adb9378\" data-element_type=\"widget\" data-e-type=\"widget\" data-widget_type=\"image-box.default\">\n\t\t\t\t<div class=\"elementor-widget-container\">\n\t\t\t\t\t<div class=\"elementor-image-box-wrapper\"><figure class=\"elementor-image-box-img\"><a href=\"http:\/\/web.contraloriameta.gov.co\/sitio\/?page_id=12034\" tabindex=\"-1\"><img loading=\"lazy\" decoding=\"async\" width=\"629\" height=\"641\" src=\"https:\/\/www.contraloriameta.gov.co\/wp-content\/uploads\/PLAN-DE-BIENESTAR.png\" class=\"attachment-full size-full wp-image-12039\" alt=\"\" srcset=\"https:\/\/www.contraloriameta.gov.co\/wp-content\/uploads\/PLAN-DE-BIENESTAR.png 629w, https:\/\/www.contraloriameta.gov.co\/wp-content\/uploads\/PLAN-DE-BIENESTAR-294x300.png 294w\" sizes=\"(max-width: 629px) 100vw, 629px\" \/><\/a><\/figure><div class=\"elementor-image-box-content\"><h4 class=\"elementor-image-box-title\"><a href=\"http:\/\/web.contraloriameta.gov.co\/sitio\/?page_id=12034\">Planes bienestar e incentivos<\/a><\/h4><\/div><\/div>\t\t\t\t<\/div>\n\t\t\t\t<\/div>\n\t\t\t\t<div class=\"elementor-element elementor-element-4b5e362 elementor-widget__width-initial elementor-position-top elementor-widget elementor-widget-image-box\" data-id=\"4b5e362\" data-element_type=\"widget\" data-e-type=\"widget\" data-widget_type=\"image-box.default\">\n\t\t\t\t<div class=\"elementor-widget-container\">\n\t\t\t\t\t<div class=\"elementor-image-box-wrapper\"><figure class=\"elementor-image-box-img\"><a href=\"http:\/\/web.contraloriameta.gov.co\/sitio\/?page_id=11934\" tabindex=\"-1\"><img loading=\"lazy\" decoding=\"async\" width=\"629\" height=\"641\" src=\"https:\/\/www.contraloriameta.gov.co\/wp-content\/uploads\/MIPG.png\" class=\"attachment-full size-full wp-image-12042\" alt=\"\" srcset=\"https:\/\/www.contraloriameta.gov.co\/wp-content\/uploads\/MIPG.png 629w, https:\/\/www.contraloriameta.gov.co\/wp-content\/uploads\/MIPG-294x300.png 294w\" sizes=\"(max-width: 629px) 100vw, 629px\" \/><\/a><\/figure><div class=\"elementor-image-box-content\"><h4 class=\"elementor-image-box-title\"><a href=\"http:\/\/web.contraloriameta.gov.co\/sitio\/?page_id=11934\">Planes bienestar e incentivos<\/a><\/h4><\/div><\/div>\t\t\t\t<\/div>\n\t\t\t\t<\/div>\n\t\t\t\t\t<\/div>\n\t\t\t\t<\/div>\n\t\t\t\t<\/div>\n\t\t","protected":false},"excerpt":{"rendered":"<p>Plan estrategico Plan de acci\u00f3n Planes de gesti\u00f3n tecnologicas de la informaci\u00f3n y la comunicaci\u00f1on Planes anticorrupci\u00f3n Planes capacitaci\u00f3n Planes mejoramiento Planes archivo Planes bienestar e incentivos Planes bienestar e incentivos<\/p>\n","protected":false},"author":6,"featured_media":0,"parent":714,"menu_order":0,"comment_status":"closed","ping_status":"closed","template":"","meta":{"footnotes":""},"class_list":["post-1288","page","type-page","status-publish","hentry"],"yoast_head":"<!-- This site is optimized with the Yoast SEO plugin v27.2 - https:\/\/yoast.com\/product\/yoast-seo-wordpress\/ -->\n<title>Planes - Contralor\u00eda Departamental del Meta<\/title>\n<meta name=\"robots\" content=\"index, follow, max-snippet:-1, max-image-preview:large, max-video-preview:-1\" \/>\n<link rel=\"canonical\" href=\"https:\/\/www.contraloriameta.gov.co\/?page_id=1288\" \/>\n<meta property=\"og:locale\" content=\"es_ES\" \/>\n<meta property=\"og:type\" content=\"article\" \/>\n<meta property=\"og:title\" content=\"Planes - Contralor\u00eda Departamental del Meta\" \/>\n<meta property=\"og:description\" content=\"Plan estrategico Plan de acci\u00f3n Planes de gesti\u00f3n tecnologicas de la informaci\u00f3n y la comunicaci\u00f1on Planes anticorrupci\u00f3n Planes capacitaci\u00f3n Planes mejoramiento Planes archivo Planes bienestar e incentivos Planes bienestar e incentivos\" \/>\n<meta property=\"og:url\" content=\"https:\/\/www.contraloriameta.gov.co\/?page_id=1288\" \/>\n<meta property=\"og:site_name\" content=\"Contralor\u00eda Departamental del Meta\" \/>\n<meta property=\"article:publisher\" content=\"https:\/\/www.facebook.com\/ContraloriaMeta\" \/>\n<meta property=\"article:modified_time\" content=\"2023-10-31T01:03:23+00:00\" \/>\n<meta property=\"og:image\" content=\"https:\/\/www.contraloriameta.gov.co\/wp-content\/uploads\/plan-estrategico.png\" \/>\n<meta name=\"twitter:card\" content=\"summary_large_image\" \/>\n<meta name=\"twitter:site\" content=\"@ContraloriaMeta\" \/>\n<meta name=\"twitter:label1\" content=\"Tiempo de lectura\" \/>\n\t<meta name=\"twitter:data1\" content=\"2 minutos\" \/>\n<script type=\"application\/ld+json\" class=\"yoast-schema-graph\">{\"@context\":\"https:\/\/schema.org\",\"@graph\":[{\"@type\":\"WebPage\",\"@id\":\"https:\/\/www.contraloriameta.gov.co\/?page_id=1288\",\"url\":\"https:\/\/www.contraloriameta.gov.co\/?page_id=1288\",\"name\":\"Planes - Contralor\u00eda Departamental del Meta\",\"isPartOf\":{\"@id\":\"https:\/\/www.contraloriameta.gov.co\/#website\"},\"primaryImageOfPage\":{\"@id\":\"https:\/\/www.contraloriameta.gov.co\/?page_id=1288#primaryimage\"},\"image\":{\"@id\":\"https:\/\/www.contraloriameta.gov.co\/?page_id=1288#primaryimage\"},\"thumbnailUrl\":\"https:\/\/www.contraloriameta.gov.co\/wp-content\/uploads\/plan-estrategico.png\",\"datePublished\":\"2016-12-14T21:18:28+00:00\",\"dateModified\":\"2023-10-31T01:03:23+00:00\",\"breadcrumb\":{\"@id\":\"https:\/\/www.contraloriameta.gov.co\/?page_id=1288#breadcrumb\"},\"inLanguage\":\"es\",\"potentialAction\":[{\"@type\":\"ReadAction\",\"target\":[\"https:\/\/www.contraloriameta.gov.co\/?page_id=1288\"]}]},{\"@type\":\"ImageObject\",\"inLanguage\":\"es\",\"@id\":\"https:\/\/www.contraloriameta.gov.co\/?page_id=1288#primaryimage\",\"url\":\"https:\/\/www.contraloriameta.gov.co\/wp-content\/uploads\/plan-estrategico.png\",\"contentUrl\":\"https:\/\/www.contraloriameta.gov.co\/wp-content\/uploads\/plan-estrategico.png\",\"width\":629,\"height\":641},{\"@type\":\"BreadcrumbList\",\"@id\":\"https:\/\/www.contraloriameta.gov.co\/?page_id=1288#breadcrumb\",\"itemListElement\":[{\"@type\":\"ListItem\",\"position\":1,\"name\":\"Portada\",\"item\":\"https:\/\/www.contraloriameta.gov.co\/\"},{\"@type\":\"ListItem\",\"position\":2,\"name\":\"Nuestra Entidad\",\"item\":\"https:\/\/www.contraloriameta.gov.co\/\"},{\"@type\":\"ListItem\",\"position\":3,\"name\":\"Planeacion Gesti\u00f3n y Control\",\"item\":\"https:\/\/www.contraloriameta.gov.co\/?page_id=714\"},{\"@type\":\"ListItem\",\"position\":4,\"name\":\"Planes\"}]},{\"@type\":\"WebSite\",\"@id\":\"https:\/\/www.contraloriameta.gov.co\/#website\",\"url\":\"https:\/\/www.contraloriameta.gov.co\/\",\"name\":\"Contralor\u00eda Departamental del Meta\",\"description\":\"\",\"publisher\":{\"@id\":\"https:\/\/www.contraloriameta.gov.co\/#organization\"},\"potentialAction\":[{\"@type\":\"SearchAction\",\"target\":{\"@type\":\"EntryPoint\",\"urlTemplate\":\"https:\/\/www.contraloriameta.gov.co\/?s={search_term_string}\"},\"query-input\":{\"@type\":\"PropertyValueSpecification\",\"valueRequired\":true,\"valueName\":\"search_term_string\"}}],\"inLanguage\":\"es\"},{\"@type\":\"Organization\",\"@id\":\"https:\/\/www.contraloriameta.gov.co\/#organization\",\"name\":\"Contralor\u00eda Departamental del Meta\",\"url\":\"https:\/\/www.contraloriameta.gov.co\/\",\"logo\":{\"@type\":\"ImageObject\",\"inLanguage\":\"es\",\"@id\":\"https:\/\/www.contraloriameta.gov.co\/#\/schema\/logo\/image\/\",\"url\":\"https:\/\/www.contraloriameta.gov.co\/wp-content\/uploads\/LOGO_CDM_01.jpg\",\"contentUrl\":\"https:\/\/www.contraloriameta.gov.co\/wp-content\/uploads\/LOGO_CDM_01.jpg\",\"width\":2372,\"height\":876,\"caption\":\"Contralor\u00eda Departamental del Meta\"},\"image\":{\"@id\":\"https:\/\/www.contraloriameta.gov.co\/#\/schema\/logo\/image\/\"},\"sameAs\":[\"https:\/\/www.facebook.com\/ContraloriaMeta\",\"https:\/\/x.com\/ContraloriaMeta\",\"https:\/\/instagram.com\/contraloria.meta\"]}]}<\/script>\n<!-- \/ Yoast SEO plugin. -->","yoast_head_json":{"title":"Planes - Contralor\u00eda Departamental del Meta","robots":{"index":"index","follow":"follow","max-snippet":"max-snippet:-1","max-image-preview":"max-image-preview:large","max-video-preview":"max-video-preview:-1"},"canonical":"https:\/\/www.contraloriameta.gov.co\/?page_id=1288","og_locale":"es_ES","og_type":"article","og_title":"Planes - Contralor\u00eda Departamental del Meta","og_description":"Plan estrategico Plan de acci\u00f3n Planes de gesti\u00f3n tecnologicas de la informaci\u00f3n y la comunicaci\u00f1on Planes anticorrupci\u00f3n Planes capacitaci\u00f3n Planes mejoramiento Planes archivo Planes bienestar e incentivos Planes bienestar e incentivos","og_url":"https:\/\/www.contraloriameta.gov.co\/?page_id=1288","og_site_name":"Contralor\u00eda Departamental del Meta","article_publisher":"https:\/\/www.facebook.com\/ContraloriaMeta","article_modified_time":"2023-10-31T01:03:23+00:00","og_image":[{"url":"https:\/\/www.contraloriameta.gov.co\/wp-content\/uploads\/plan-estrategico.png","type":"","width":"","height":""}],"twitter_card":"summary_large_image","twitter_site":"@ContraloriaMeta","twitter_misc":{"Tiempo de lectura":"2 minutos"},"schema":{"@context":"https:\/\/schema.org","@graph":[{"@type":"WebPage","@id":"https:\/\/www.contraloriameta.gov.co\/?page_id=1288","url":"https:\/\/www.contraloriameta.gov.co\/?page_id=1288","name":"Planes - Contralor\u00eda Departamental del Meta","isPartOf":{"@id":"https:\/\/www.contraloriameta.gov.co\/#website"},"primaryImageOfPage":{"@id":"https:\/\/www.contraloriameta.gov.co\/?page_id=1288#primaryimage"},"image":{"@id":"https:\/\/www.contraloriameta.gov.co\/?page_id=1288#primaryimage"},"thumbnailUrl":"https:\/\/www.contraloriameta.gov.co\/wp-content\/uploads\/plan-estrategico.png","datePublished":"2016-12-14T21:18:28+00:00","dateModified":"2023-10-31T01:03:23+00:00","breadcrumb":{"@id":"https:\/\/www.contraloriameta.gov.co\/?page_id=1288#breadcrumb"},"inLanguage":"es","potentialAction":[{"@type":"ReadAction","target":["https:\/\/www.contraloriameta.gov.co\/?page_id=1288"]}]},{"@type":"ImageObject","inLanguage":"es","@id":"https:\/\/www.contraloriameta.gov.co\/?page_id=1288#primaryimage","url":"https:\/\/www.contraloriameta.gov.co\/wp-content\/uploads\/plan-estrategico.png","contentUrl":"https:\/\/www.contraloriameta.gov.co\/wp-content\/uploads\/plan-estrategico.png","width":629,"height":641},{"@type":"BreadcrumbList","@id":"https:\/\/www.contraloriameta.gov.co\/?page_id=1288#breadcrumb","itemListElement":[{"@type":"ListItem","position":1,"name":"Portada","item":"https:\/\/www.contraloriameta.gov.co\/"},{"@type":"ListItem","position":2,"name":"Nuestra Entidad","item":"https:\/\/www.contraloriameta.gov.co\/"},{"@type":"ListItem","position":3,"name":"Planeacion Gesti\u00f3n y Control","item":"https:\/\/www.contraloriameta.gov.co\/?page_id=714"},{"@type":"ListItem","position":4,"name":"Planes"}]},{"@type":"WebSite","@id":"https:\/\/www.contraloriameta.gov.co\/#website","url":"https:\/\/www.contraloriameta.gov.co\/","name":"Contralor\u00eda Departamental del Meta","description":"","publisher":{"@id":"https:\/\/www.contraloriameta.gov.co\/#organization"},"potentialAction":[{"@type":"SearchAction","target":{"@type":"EntryPoint","urlTemplate":"https:\/\/www.contraloriameta.gov.co\/?s={search_term_string}"},"query-input":{"@type":"PropertyValueSpecification","valueRequired":true,"valueName":"search_term_string"}}],"inLanguage":"es"},{"@type":"Organization","@id":"https:\/\/www.contraloriameta.gov.co\/#organization","name":"Contralor\u00eda Departamental del Meta","url":"https:\/\/www.contraloriameta.gov.co\/","logo":{"@type":"ImageObject","inLanguage":"es","@id":"https:\/\/www.contraloriameta.gov.co\/#\/schema\/logo\/image\/","url":"https:\/\/www.contraloriameta.gov.co\/wp-content\/uploads\/LOGO_CDM_01.jpg","contentUrl":"https:\/\/www.contraloriameta.gov.co\/wp-content\/uploads\/LOGO_CDM_01.jpg","width":2372,"height":876,"caption":"Contralor\u00eda Departamental del Meta"},"image":{"@id":"https:\/\/www.contraloriameta.gov.co\/#\/schema\/logo\/image\/"},"sameAs":["https:\/\/www.facebook.com\/ContraloriaMeta","https:\/\/x.com\/ContraloriaMeta","https:\/\/instagram.com\/contraloria.meta"]}]}},"_links":{"self":[{"href":"https:\/\/www.contraloriameta.gov.co\/index.php?rest_route=\/wp\/v2\/pages\/1288","targetHints":{"allow":["GET"]}}],"collection":[{"href":"https:\/\/www.contraloriameta.gov.co\/index.php?rest_route=\/wp\/v2\/pages"}],"about":[{"href":"https:\/\/www.contraloriameta.gov.co\/index.php?rest_route=\/wp\/v2\/types\/page"}],"author":[{"embeddable":true,"href":"https:\/\/www.contraloriameta.gov.co\/index.php?rest_route=\/wp\/v2\/users\/6"}],"replies":[{"embeddable":true,"href":"https:\/\/www.contraloriameta.gov.co\/index.php?rest_route=%2Fwp%2Fv2%2Fcomments&post=1288"}],"version-history":[{"count":0,"href":"https:\/\/www.contraloriameta.gov.co\/index.php?rest_route=\/wp\/v2\/pages\/1288\/revisions"}],"up":[{"embeddable":true,"href":"https:\/\/www.contraloriameta.gov.co\/index.php?rest_route=\/wp\/v2\/pages\/714"}],"wp:attachment":[{"href":"https:\/\/www.contraloriameta.gov.co\/index.php?rest_route=%2Fwp%2Fv2%2Fmedia&parent=1288"}],"curies":[{"name":"wp","href":"https:\/\/api.w.org\/{rel}","templated":true}]}}