{"id":12718,"date":"2018-11-28T16:07:19","date_gmt":"2018-11-28T21:07:19","guid":{"rendered":"http:\/\/www.contraloriameta.gov.co\/sitio\/?page_id=12718"},"modified":"2023-10-30T21:24:35","modified_gmt":"2023-10-31T02:24:35","slug":"enlaces-a-otras-entidades","status":"publish","type":"page","link":"https:\/\/www.contraloriameta.gov.co\/?page_id=12718","title":{"rendered":"Enlaces a otras entidades"},"content":{"rendered":"\t\t<div data-elementor-type=\"wp-page\" data-elementor-id=\"12718\" class=\"elementor elementor-12718\" data-elementor-post-type=\"page\">\n\t\t\t\t<div class=\"elementor-element elementor-element-013f6e9 e-flex e-con-boxed e-con e-parent\" data-id=\"013f6e9\" data-element_type=\"container\" data-e-type=\"container\">\n\t\t\t\t\t<div class=\"e-con-inner\">\n\t\t\t\t<div class=\"elementor-element elementor-element-1f08428 elementor-widget__width-initial elementor-position-top elementor-widget elementor-widget-image-box\" data-id=\"1f08428\" data-element_type=\"widget\" data-e-type=\"widget\" data-widget_type=\"image-box.default\">\n\t\t\t\t<div class=\"elementor-widget-container\">\n\t\t\t\t\t<div class=\"elementor-image-box-wrapper\"><figure class=\"elementor-image-box-img\"><a href=\"http:\/\/www.contraloriagen.gov.co\" tabindex=\"-1\"><img fetchpriority=\"high\" decoding=\"async\" width=\"320\" height=\"160\" src=\"https:\/\/www.contraloriameta.gov.co\/wp-content\/uploads\/contraloria.jpg\" class=\"attachment-full size-full wp-image-34100\" alt=\"\" srcset=\"https:\/\/www.contraloriameta.gov.co\/wp-content\/uploads\/contraloria.jpg 320w, https:\/\/www.contraloriameta.gov.co\/wp-content\/uploads\/contraloria-300x150.jpg 300w\" sizes=\"(max-width: 320px) 100vw, 320px\" \/><\/a><\/figure><div class=\"elementor-image-box-content\"><p class=\"elementor-image-box-description\">Ejercer el control y vigilancia fiscal a los recursos p\u00fablicos de forma oportuna, independiente y efectiva<\/p><\/div><\/div>\t\t\t\t<\/div>\n\t\t\t\t<\/div>\n\t\t\t\t<div class=\"elementor-element elementor-element-b2eae36 elementor-widget__width-initial elementor-position-top elementor-widget elementor-widget-image-box\" data-id=\"b2eae36\" data-element_type=\"widget\" data-e-type=\"widget\" data-widget_type=\"image-box.default\">\n\t\t\t\t<div class=\"elementor-widget-container\">\n\t\t\t\t\t<div class=\"elementor-image-box-wrapper\"><figure class=\"elementor-image-box-img\"><a href=\"http:\/\/www.contraloriagen.gov.co\" tabindex=\"-1\"><img decoding=\"async\" width=\"316\" height=\"159\" src=\"https:\/\/www.contraloriameta.gov.co\/wp-content\/uploads\/gobernacion-del-meta.jpg\" class=\"attachment-full size-full wp-image-1144\" alt=\"\" srcset=\"https:\/\/www.contraloriameta.gov.co\/wp-content\/uploads\/gobernacion-del-meta.jpg 316w, https:\/\/www.contraloriameta.gov.co\/wp-content\/uploads\/gobernacion-del-meta-300x151.jpg 300w\" sizes=\"(max-width: 316px) 100vw, 316px\" \/><\/a><\/figure><div class=\"elementor-image-box-content\"><p class=\"elementor-image-box-description\">Ejercer el control y vigilancia fiscal a los recursos p\u00fablicos de forma oportuna, independiente y efectiva<\/p><\/div><\/div>\t\t\t\t<\/div>\n\t\t\t\t<\/div>\n\t\t\t\t<div class=\"elementor-element elementor-element-76c5d19 elementor-widget__width-initial elementor-position-top elementor-widget elementor-widget-image-box\" data-id=\"76c5d19\" data-element_type=\"widget\" data-e-type=\"widget\" data-widget_type=\"image-box.default\">\n\t\t\t\t<div class=\"elementor-widget-container\">\n\t\t\t\t\t<div class=\"elementor-image-box-wrapper\"><figure class=\"elementor-image-box-img\"><a href=\"http:\/\/www.contraloriagen.gov.co\" tabindex=\"-1\"><img decoding=\"async\" width=\"316\" height=\"159\" src=\"https:\/\/www.contraloriameta.gov.co\/wp-content\/uploads\/presidencia-de-la-republica.jpg\" class=\"attachment-full size-full wp-image-34112\" alt=\"\" srcset=\"https:\/\/www.contraloriameta.gov.co\/wp-content\/uploads\/presidencia-de-la-republica.jpg 316w, https:\/\/www.contraloriameta.gov.co\/wp-content\/uploads\/presidencia-de-la-republica-300x151.jpg 300w\" sizes=\"(max-width: 316px) 100vw, 316px\" \/><\/a><\/figure><div class=\"elementor-image-box-content\"><p class=\"elementor-image-box-description\">Presidencia de la Rep\u00fablica, M\u00e1ximo Organo Ejecutivo<\/p><\/div><\/div>\t\t\t\t<\/div>\n\t\t\t\t<\/div>\n\t\t\t\t<div class=\"elementor-element elementor-element-f100707 elementor-widget__width-initial elementor-position-top elementor-widget elementor-widget-image-box\" data-id=\"f100707\" data-element_type=\"widget\" data-e-type=\"widget\" data-widget_type=\"image-box.default\">\n\t\t\t\t<div class=\"elementor-widget-container\">\n\t\t\t\t\t<div class=\"elementor-image-box-wrapper\"><figure class=\"elementor-image-box-img\"><a href=\"http:\/\/www.contraloriagen.gov.co\" tabindex=\"-1\"><img loading=\"lazy\" decoding=\"async\" width=\"316\" height=\"159\" src=\"https:\/\/www.contraloriameta.gov.co\/wp-content\/uploads\/LogoFiscalia.jpg\" class=\"attachment-full size-full wp-image-2266\" alt=\"\" srcset=\"https:\/\/www.contraloriameta.gov.co\/wp-content\/uploads\/LogoFiscalia.jpg 316w, https:\/\/www.contraloriameta.gov.co\/wp-content\/uploads\/LogoFiscalia-300x151.jpg 300w\" sizes=\"(max-width: 316px) 100vw, 316px\" \/><\/a><\/figure><div class=\"elementor-image-box-content\"><p class=\"elementor-image-box-description\">La Fiscal\u00eda General de la Naci\u00f3n ejerce la acci\u00f3n penal y de extinci\u00f3n de dominio en el marco del derecho constitucional al debido proceso<\/p><\/div><\/div>\t\t\t\t<\/div>\n\t\t\t\t<\/div>\n\t\t\t\t<div class=\"elementor-element elementor-element-4729c9d elementor-widget__width-initial elementor-position-top elementor-widget elementor-widget-image-box\" data-id=\"4729c9d\" data-element_type=\"widget\" data-e-type=\"widget\" data-widget_type=\"image-box.default\">\n\t\t\t\t<div class=\"elementor-widget-container\">\n\t\t\t\t\t<div class=\"elementor-image-box-wrapper\"><figure class=\"elementor-image-box-img\"><a href=\"http:\/\/www.contraloriagen.gov.co\" tabindex=\"-1\"><img loading=\"lazy\" decoding=\"async\" width=\"316\" height=\"159\" src=\"https:\/\/www.contraloriameta.gov.co\/wp-content\/uploads\/logo-procuraduria.jpg\" class=\"attachment-full size-full wp-image-2267\" alt=\"\" srcset=\"https:\/\/www.contraloriameta.gov.co\/wp-content\/uploads\/logo-procuraduria.jpg 316w, https:\/\/www.contraloriameta.gov.co\/wp-content\/uploads\/logo-procuraduria-300x151.jpg 300w\" sizes=\"(max-width: 316px) 100vw, 316px\" \/><\/a><\/figure><div class=\"elementor-image-box-content\"><p class=\"elementor-image-box-description\">Es la Entidad que representa a los ciudadanos ante el Estado. Es el m\u00e1ximo organismo del Ministerio P\u00fablico, conformado adem\u00e1s por la Defensor\u00eda del Pueblo y las personer\u00edas<\/p><\/div><\/div>\t\t\t\t<\/div>\n\t\t\t\t<\/div>\n\t\t\t\t<div class=\"elementor-element elementor-element-ab3c687 elementor-widget__width-initial elementor-position-top elementor-widget elementor-widget-image-box\" data-id=\"ab3c687\" data-element_type=\"widget\" data-e-type=\"widget\" data-widget_type=\"image-box.default\">\n\t\t\t\t<div class=\"elementor-widget-container\">\n\t\t\t\t\t<div class=\"elementor-image-box-wrapper\"><figure class=\"elementor-image-box-img\"><a href=\"http:\/\/www.contraloriagen.gov.co\" tabindex=\"-1\"><img loading=\"lazy\" decoding=\"async\" width=\"316\" height=\"159\" src=\"https:\/\/www.contraloriameta.gov.co\/wp-content\/uploads\/villavo.jpg\" class=\"attachment-full size-full wp-image-2268\" alt=\"\" srcset=\"https:\/\/www.contraloriameta.gov.co\/wp-content\/uploads\/villavo.jpg 316w, https:\/\/www.contraloriameta.gov.co\/wp-content\/uploads\/villavo-300x151.jpg 300w\" sizes=\"(max-width: 316px) 100vw, 316px\" \/><\/a><\/figure><div class=\"elementor-image-box-content\"><p class=\"elementor-image-box-description\">Ejerce el Control Fiscal y Ambiental en el Municipio de Villavicencio<\/p><\/div><\/div>\t\t\t\t<\/div>\n\t\t\t\t<\/div>\n\t\t\t\t\t<\/div>\n\t\t\t\t<\/div>\n\t\t\t\t<\/div>\n\t\t","protected":false},"excerpt":{"rendered":"<p>Ejercer el control y vigilancia fiscal a los recursos p\u00fablicos de forma oportuna, independiente y efectiva Ejercer el control y vigilancia fiscal a los recursos p\u00fablicos de forma oportuna, independiente y efectiva Presidencia de la Rep\u00fablica, M\u00e1ximo Organo Ejecutivo La Fiscal\u00eda General de la Naci\u00f3n ejerce la acci\u00f3n penal y de extinci\u00f3n de dominio en [&hellip;]<\/p>\n","protected":false},"author":6,"featured_media":0,"parent":630,"menu_order":0,"comment_status":"closed","ping_status":"closed","template":"","meta":{"footnotes":""},"class_list":["post-12718","page","type-page","status-publish","hentry"],"yoast_head":"<!-- This site is optimized with the Yoast SEO plugin v27.2 - https:\/\/yoast.com\/product\/yoast-seo-wordpress\/ -->\n<title>Enlaces a otras entidades - Contralor\u00eda Departamental del Meta<\/title>\n<meta name=\"robots\" content=\"index, follow, max-snippet:-1, max-image-preview:large, max-video-preview:-1\" \/>\n<link rel=\"canonical\" href=\"https:\/\/www.contraloriameta.gov.co\/?page_id=12718\" \/>\n<meta property=\"og:locale\" content=\"es_ES\" \/>\n<meta property=\"og:type\" content=\"article\" \/>\n<meta property=\"og:title\" content=\"Enlaces a otras entidades - Contralor\u00eda Departamental del Meta\" \/>\n<meta property=\"og:description\" content=\"Ejercer el control y vigilancia fiscal a los recursos p\u00fablicos de forma oportuna, independiente y efectiva Ejercer el control y vigilancia fiscal a los recursos p\u00fablicos de forma oportuna, independiente y efectiva Presidencia de la Rep\u00fablica, M\u00e1ximo Organo Ejecutivo La Fiscal\u00eda General de la Naci\u00f3n ejerce la acci\u00f3n penal y de extinci\u00f3n de dominio en [&hellip;]\" \/>\n<meta property=\"og:url\" content=\"https:\/\/www.contraloriameta.gov.co\/?page_id=12718\" \/>\n<meta property=\"og:site_name\" content=\"Contralor\u00eda Departamental del Meta\" \/>\n<meta property=\"article:publisher\" content=\"https:\/\/www.facebook.com\/ContraloriaMeta\" \/>\n<meta property=\"article:modified_time\" content=\"2023-10-31T02:24:35+00:00\" \/>\n<meta property=\"og:image\" content=\"https:\/\/www.contraloriameta.gov.co\/wp-content\/uploads\/contraloria.jpg\" \/>\n<meta name=\"twitter:card\" content=\"summary_large_image\" \/>\n<meta name=\"twitter:site\" content=\"@ContraloriaMeta\" \/>\n<meta name=\"twitter:label1\" content=\"Tiempo de lectura\" \/>\n\t<meta name=\"twitter:data1\" content=\"2 minutos\" \/>\n<script type=\"application\/ld+json\" class=\"yoast-schema-graph\">{\"@context\":\"https:\/\/schema.org\",\"@graph\":[{\"@type\":\"WebPage\",\"@id\":\"https:\/\/www.contraloriameta.gov.co\/?page_id=12718\",\"url\":\"https:\/\/www.contraloriameta.gov.co\/?page_id=12718\",\"name\":\"Enlaces a otras entidades - Contralor\u00eda Departamental del Meta\",\"isPartOf\":{\"@id\":\"https:\/\/www.contraloriameta.gov.co\/#website\"},\"primaryImageOfPage\":{\"@id\":\"https:\/\/www.contraloriameta.gov.co\/?page_id=12718#primaryimage\"},\"image\":{\"@id\":\"https:\/\/www.contraloriameta.gov.co\/?page_id=12718#primaryimage\"},\"thumbnailUrl\":\"https:\/\/www.contraloriameta.gov.co\/wp-content\/uploads\/contraloria.jpg\",\"datePublished\":\"2018-11-28T21:07:19+00:00\",\"dateModified\":\"2023-10-31T02:24:35+00:00\",\"breadcrumb\":{\"@id\":\"https:\/\/www.contraloriameta.gov.co\/?page_id=12718#breadcrumb\"},\"inLanguage\":\"es\",\"potentialAction\":[{\"@type\":\"ReadAction\",\"target\":[\"https:\/\/www.contraloriameta.gov.co\/?page_id=12718\"]}]},{\"@type\":\"ImageObject\",\"inLanguage\":\"es\",\"@id\":\"https:\/\/www.contraloriameta.gov.co\/?page_id=12718#primaryimage\",\"url\":\"https:\/\/www.contraloriameta.gov.co\/wp-content\/uploads\/contraloria.jpg\",\"contentUrl\":\"https:\/\/www.contraloriameta.gov.co\/wp-content\/uploads\/contraloria.jpg\",\"width\":320,\"height\":160},{\"@type\":\"BreadcrumbList\",\"@id\":\"https:\/\/www.contraloriameta.gov.co\/?page_id=12718#breadcrumb\",\"itemListElement\":[{\"@type\":\"ListItem\",\"position\":1,\"name\":\"Portada\",\"item\":\"https:\/\/www.contraloriameta.gov.co\/\"},{\"@type\":\"ListItem\",\"position\":2,\"name\":\"Nuestra Entidad\",\"item\":\"https:\/\/www.contraloriameta.gov.co\/\"},{\"@type\":\"ListItem\",\"position\":3,\"name\":\"Enlaces a otras entidades\"}]},{\"@type\":\"WebSite\",\"@id\":\"https:\/\/www.contraloriameta.gov.co\/#website\",\"url\":\"https:\/\/www.contraloriameta.gov.co\/\",\"name\":\"Contralor\u00eda Departamental del Meta\",\"description\":\"\",\"publisher\":{\"@id\":\"https:\/\/www.contraloriameta.gov.co\/#organization\"},\"potentialAction\":[{\"@type\":\"SearchAction\",\"target\":{\"@type\":\"EntryPoint\",\"urlTemplate\":\"https:\/\/www.contraloriameta.gov.co\/?s={search_term_string}\"},\"query-input\":{\"@type\":\"PropertyValueSpecification\",\"valueRequired\":true,\"valueName\":\"search_term_string\"}}],\"inLanguage\":\"es\"},{\"@type\":\"Organization\",\"@id\":\"https:\/\/www.contraloriameta.gov.co\/#organization\",\"name\":\"Contralor\u00eda Departamental del Meta\",\"url\":\"https:\/\/www.contraloriameta.gov.co\/\",\"logo\":{\"@type\":\"ImageObject\",\"inLanguage\":\"es\",\"@id\":\"https:\/\/www.contraloriameta.gov.co\/#\/schema\/logo\/image\/\",\"url\":\"https:\/\/www.contraloriameta.gov.co\/wp-content\/uploads\/LOGO_CDM_01.jpg\",\"contentUrl\":\"https:\/\/www.contraloriameta.gov.co\/wp-content\/uploads\/LOGO_CDM_01.jpg\",\"width\":2372,\"height\":876,\"caption\":\"Contralor\u00eda Departamental del Meta\"},\"image\":{\"@id\":\"https:\/\/www.contraloriameta.gov.co\/#\/schema\/logo\/image\/\"},\"sameAs\":[\"https:\/\/www.facebook.com\/ContraloriaMeta\",\"https:\/\/x.com\/ContraloriaMeta\",\"https:\/\/instagram.com\/contraloria.meta\"]}]}<\/script>\n<!-- \/ Yoast SEO plugin. -->","yoast_head_json":{"title":"Enlaces a otras entidades - Contralor\u00eda Departamental del Meta","robots":{"index":"index","follow":"follow","max-snippet":"max-snippet:-1","max-image-preview":"max-image-preview:large","max-video-preview":"max-video-preview:-1"},"canonical":"https:\/\/www.contraloriameta.gov.co\/?page_id=12718","og_locale":"es_ES","og_type":"article","og_title":"Enlaces a otras entidades - Contralor\u00eda Departamental del Meta","og_description":"Ejercer el control y vigilancia fiscal a los recursos p\u00fablicos de forma oportuna, independiente y efectiva Ejercer el control y vigilancia fiscal a los recursos p\u00fablicos de forma oportuna, independiente y efectiva Presidencia de la Rep\u00fablica, M\u00e1ximo Organo Ejecutivo La Fiscal\u00eda General de la Naci\u00f3n ejerce la acci\u00f3n penal y de extinci\u00f3n de dominio en [&hellip;]","og_url":"https:\/\/www.contraloriameta.gov.co\/?page_id=12718","og_site_name":"Contralor\u00eda Departamental del Meta","article_publisher":"https:\/\/www.facebook.com\/ContraloriaMeta","article_modified_time":"2023-10-31T02:24:35+00:00","og_image":[{"url":"https:\/\/www.contraloriameta.gov.co\/wp-content\/uploads\/contraloria.jpg","type":"","width":"","height":""}],"twitter_card":"summary_large_image","twitter_site":"@ContraloriaMeta","twitter_misc":{"Tiempo de lectura":"2 minutos"},"schema":{"@context":"https:\/\/schema.org","@graph":[{"@type":"WebPage","@id":"https:\/\/www.contraloriameta.gov.co\/?page_id=12718","url":"https:\/\/www.contraloriameta.gov.co\/?page_id=12718","name":"Enlaces a otras entidades - Contralor\u00eda Departamental del Meta","isPartOf":{"@id":"https:\/\/www.contraloriameta.gov.co\/#website"},"primaryImageOfPage":{"@id":"https:\/\/www.contraloriameta.gov.co\/?page_id=12718#primaryimage"},"image":{"@id":"https:\/\/www.contraloriameta.gov.co\/?page_id=12718#primaryimage"},"thumbnailUrl":"https:\/\/www.contraloriameta.gov.co\/wp-content\/uploads\/contraloria.jpg","datePublished":"2018-11-28T21:07:19+00:00","dateModified":"2023-10-31T02:24:35+00:00","breadcrumb":{"@id":"https:\/\/www.contraloriameta.gov.co\/?page_id=12718#breadcrumb"},"inLanguage":"es","potentialAction":[{"@type":"ReadAction","target":["https:\/\/www.contraloriameta.gov.co\/?page_id=12718"]}]},{"@type":"ImageObject","inLanguage":"es","@id":"https:\/\/www.contraloriameta.gov.co\/?page_id=12718#primaryimage","url":"https:\/\/www.contraloriameta.gov.co\/wp-content\/uploads\/contraloria.jpg","contentUrl":"https:\/\/www.contraloriameta.gov.co\/wp-content\/uploads\/contraloria.jpg","width":320,"height":160},{"@type":"BreadcrumbList","@id":"https:\/\/www.contraloriameta.gov.co\/?page_id=12718#breadcrumb","itemListElement":[{"@type":"ListItem","position":1,"name":"Portada","item":"https:\/\/www.contraloriameta.gov.co\/"},{"@type":"ListItem","position":2,"name":"Nuestra Entidad","item":"https:\/\/www.contraloriameta.gov.co\/"},{"@type":"ListItem","position":3,"name":"Enlaces a otras entidades"}]},{"@type":"WebSite","@id":"https:\/\/www.contraloriameta.gov.co\/#website","url":"https:\/\/www.contraloriameta.gov.co\/","name":"Contralor\u00eda Departamental del Meta","description":"","publisher":{"@id":"https:\/\/www.contraloriameta.gov.co\/#organization"},"potentialAction":[{"@type":"SearchAction","target":{"@type":"EntryPoint","urlTemplate":"https:\/\/www.contraloriameta.gov.co\/?s={search_term_string}"},"query-input":{"@type":"PropertyValueSpecification","valueRequired":true,"valueName":"search_term_string"}}],"inLanguage":"es"},{"@type":"Organization","@id":"https:\/\/www.contraloriameta.gov.co\/#organization","name":"Contralor\u00eda Departamental del Meta","url":"https:\/\/www.contraloriameta.gov.co\/","logo":{"@type":"ImageObject","inLanguage":"es","@id":"https:\/\/www.contraloriameta.gov.co\/#\/schema\/logo\/image\/","url":"https:\/\/www.contraloriameta.gov.co\/wp-content\/uploads\/LOGO_CDM_01.jpg","contentUrl":"https:\/\/www.contraloriameta.gov.co\/wp-content\/uploads\/LOGO_CDM_01.jpg","width":2372,"height":876,"caption":"Contralor\u00eda Departamental del Meta"},"image":{"@id":"https:\/\/www.contraloriameta.gov.co\/#\/schema\/logo\/image\/"},"sameAs":["https:\/\/www.facebook.com\/ContraloriaMeta","https:\/\/x.com\/ContraloriaMeta","https:\/\/instagram.com\/contraloria.meta"]}]}},"_links":{"self":[{"href":"https:\/\/www.contraloriameta.gov.co\/index.php?rest_route=\/wp\/v2\/pages\/12718","targetHints":{"allow":["GET"]}}],"collection":[{"href":"https:\/\/www.contraloriameta.gov.co\/index.php?rest_route=\/wp\/v2\/pages"}],"about":[{"href":"https:\/\/www.contraloriameta.gov.co\/index.php?rest_route=\/wp\/v2\/types\/page"}],"author":[{"embeddable":true,"href":"https:\/\/www.contraloriameta.gov.co\/index.php?rest_route=\/wp\/v2\/users\/6"}],"replies":[{"embeddable":true,"href":"https:\/\/www.contraloriameta.gov.co\/index.php?rest_route=%2Fwp%2Fv2%2Fcomments&post=12718"}],"version-history":[{"count":0,"href":"https:\/\/www.contraloriameta.gov.co\/index.php?rest_route=\/wp\/v2\/pages\/12718\/revisions"}],"up":[{"embeddable":true,"href":"https:\/\/www.contraloriameta.gov.co\/index.php?rest_route=\/wp\/v2\/pages\/630"}],"wp:attachment":[{"href":"https:\/\/www.contraloriameta.gov.co\/index.php?rest_route=%2Fwp%2Fv2%2Fmedia&parent=12718"}],"curies":[{"name":"wp","href":"https:\/\/api.w.org\/{rel}","templated":true}]}}