{"id":11934,"date":"2018-07-31T16:03:33","date_gmt":"2018-07-31T21:03:33","guid":{"rendered":"http:\/\/www.contraloriameta.gov.co\/sitio\/?page_id=11934"},"modified":"2023-10-28T17:28:41","modified_gmt":"2023-10-28T22:28:41","slug":"planes-integrados-al-plan-de-accion","status":"publish","type":"page","link":"https:\/\/www.contraloriameta.gov.co\/?page_id=11934","title":{"rendered":"Planes Integrados al Plan de Acci\u00f3n"},"content":{"rendered":"\t\t<div data-elementor-type=\"wp-page\" data-elementor-id=\"11934\" class=\"elementor elementor-11934\" data-elementor-post-type=\"page\">\n\t\t\t\t<div class=\"elementor-element elementor-element-6303fa1a e-flex e-con-boxed e-con e-parent\" data-id=\"6303fa1a\" data-element_type=\"container\" data-e-type=\"container\">\n\t\t\t\t\t<div class=\"e-con-inner\">\n\t\t\t\t<div class=\"elementor-element elementor-element-27fd6900 elementor-widget elementor-widget-text-editor\" data-id=\"27fd6900\" data-element_type=\"widget\" data-e-type=\"widget\" data-widget_type=\"text-editor.default\">\n\t\t\t\t<div class=\"elementor-widget-container\">\n\t\t\t\t\t\t\t\t\t<ul><li><a href=\"http:\/\/web.contraloriameta.gov.co\/sitio\/?page_id=1183\">Plan Anticorrupci\u00f3n y de Atenci\u00f3n al Ciudadano<\/a><\/li><li><a href=\"http:\/\/web.contraloriameta.gov.co\/sitio\/?page_id=6246\">Plan de Adquisiciones<\/a><\/li><li><a href=\"http:\/\/web.contraloriameta.gov.co\/sitio\/?page_id=1353\">Plan Estrat\u00e9gico de Talento Humano y otros planes<\/a><\/li><li><a href=\"http:\/\/web.contraloriameta.gov.co\/sitio\/?page_id=10110\">Plan de Seguridad y Salud en el Trabajo SGSST<\/a><\/li><li><a href=\"http:\/\/web.contraloriameta.gov.co\/sitio\/?page_id=1193\">Plan Estrat\u00e9gico de Tecnolog\u00edas de la Informaci\u00f3n y Comunicaci\u00f3n PETIC<\/a><\/li><li><a href=\"http:\/\/web.contraloriameta.gov.co\/sitio\/?page_id=1190\">Plan Institucional de Archivo PINAR<\/a><\/li><\/ul>\t\t\t\t\t\t\t\t<\/div>\n\t\t\t\t<\/div>\n\t\t\t\t\t<\/div>\n\t\t\t\t<\/div>\n\t\t\t\t<\/div>\n\t\t","protected":false},"excerpt":{"rendered":"<p>Plan Anticorrupci\u00f3n y de Atenci\u00f3n al Ciudadano Plan de Adquisiciones Plan Estrat\u00e9gico de Talento Humano y otros planes Plan de Seguridad y Salud en el Trabajo SGSST Plan Estrat\u00e9gico de Tecnolog\u00edas de la Informaci\u00f3n y Comunicaci\u00f3n PETIC Plan Institucional de Archivo PINAR<\/p>\n","protected":false},"author":6,"featured_media":0,"parent":1288,"menu_order":0,"comment_status":"closed","ping_status":"closed","template":"","meta":{"footnotes":""},"class_list":["post-11934","page","type-page","status-publish","hentry"],"yoast_head":"<!-- This site is optimized with the Yoast SEO plugin v27.2 - https:\/\/yoast.com\/product\/yoast-seo-wordpress\/ -->\n<title>Planes Integrados al Plan de Acci\u00f3n - Contralor\u00eda Departamental del Meta<\/title>\n<meta name=\"robots\" content=\"index, follow, max-snippet:-1, max-image-preview:large, max-video-preview:-1\" \/>\n<link rel=\"canonical\" href=\"https:\/\/www.contraloriameta.gov.co\/?page_id=11934\" \/>\n<meta property=\"og:locale\" content=\"es_ES\" \/>\n<meta property=\"og:type\" content=\"article\" \/>\n<meta property=\"og:title\" content=\"Planes Integrados al Plan de Acci\u00f3n - Contralor\u00eda Departamental del Meta\" \/>\n<meta property=\"og:description\" content=\"Plan Anticorrupci\u00f3n y de Atenci\u00f3n al Ciudadano Plan de Adquisiciones Plan Estrat\u00e9gico de Talento Humano y otros planes Plan de Seguridad y Salud en el Trabajo SGSST Plan Estrat\u00e9gico de Tecnolog\u00edas de la Informaci\u00f3n y Comunicaci\u00f3n PETIC Plan Institucional de Archivo PINAR\" \/>\n<meta property=\"og:url\" content=\"https:\/\/www.contraloriameta.gov.co\/?page_id=11934\" \/>\n<meta property=\"og:site_name\" content=\"Contralor\u00eda Departamental del Meta\" \/>\n<meta property=\"article:publisher\" content=\"https:\/\/www.facebook.com\/ContraloriaMeta\" \/>\n<meta property=\"article:modified_time\" content=\"2023-10-28T22:28:41+00:00\" \/>\n<meta name=\"twitter:card\" content=\"summary_large_image\" \/>\n<meta name=\"twitter:site\" content=\"@ContraloriaMeta\" \/>\n<meta name=\"twitter:label1\" content=\"Tiempo de lectura\" \/>\n\t<meta name=\"twitter:data1\" content=\"1 minuto\" \/>\n<script type=\"application\/ld+json\" class=\"yoast-schema-graph\">{\"@context\":\"https:\/\/schema.org\",\"@graph\":[{\"@type\":\"WebPage\",\"@id\":\"https:\/\/www.contraloriameta.gov.co\/?page_id=11934\",\"url\":\"https:\/\/www.contraloriameta.gov.co\/?page_id=11934\",\"name\":\"Planes Integrados al Plan de Acci\u00f3n - Contralor\u00eda Departamental del Meta\",\"isPartOf\":{\"@id\":\"https:\/\/www.contraloriameta.gov.co\/#website\"},\"datePublished\":\"2018-07-31T21:03:33+00:00\",\"dateModified\":\"2023-10-28T22:28:41+00:00\",\"breadcrumb\":{\"@id\":\"https:\/\/www.contraloriameta.gov.co\/?page_id=11934#breadcrumb\"},\"inLanguage\":\"es\",\"potentialAction\":[{\"@type\":\"ReadAction\",\"target\":[\"https:\/\/www.contraloriameta.gov.co\/?page_id=11934\"]}]},{\"@type\":\"BreadcrumbList\",\"@id\":\"https:\/\/www.contraloriameta.gov.co\/?page_id=11934#breadcrumb\",\"itemListElement\":[{\"@type\":\"ListItem\",\"position\":1,\"name\":\"Portada\",\"item\":\"https:\/\/www.contraloriameta.gov.co\/\"},{\"@type\":\"ListItem\",\"position\":2,\"name\":\"Nuestra Entidad\",\"item\":\"https:\/\/www.contraloriameta.gov.co\/\"},{\"@type\":\"ListItem\",\"position\":3,\"name\":\"Planeacion Gesti\u00f3n y Control\",\"item\":\"https:\/\/www.contraloriameta.gov.co\/?page_id=714\"},{\"@type\":\"ListItem\",\"position\":4,\"name\":\"Planes\",\"item\":\"https:\/\/www.contraloriameta.gov.co\/?page_id=1288\"},{\"@type\":\"ListItem\",\"position\":5,\"name\":\"Planes Integrados al Plan de Acci\u00f3n\"}]},{\"@type\":\"WebSite\",\"@id\":\"https:\/\/www.contraloriameta.gov.co\/#website\",\"url\":\"https:\/\/www.contraloriameta.gov.co\/\",\"name\":\"Contralor\u00eda Departamental del Meta\",\"description\":\"\",\"publisher\":{\"@id\":\"https:\/\/www.contraloriameta.gov.co\/#organization\"},\"potentialAction\":[{\"@type\":\"SearchAction\",\"target\":{\"@type\":\"EntryPoint\",\"urlTemplate\":\"https:\/\/www.contraloriameta.gov.co\/?s={search_term_string}\"},\"query-input\":{\"@type\":\"PropertyValueSpecification\",\"valueRequired\":true,\"valueName\":\"search_term_string\"}}],\"inLanguage\":\"es\"},{\"@type\":\"Organization\",\"@id\":\"https:\/\/www.contraloriameta.gov.co\/#organization\",\"name\":\"Contralor\u00eda Departamental del Meta\",\"url\":\"https:\/\/www.contraloriameta.gov.co\/\",\"logo\":{\"@type\":\"ImageObject\",\"inLanguage\":\"es\",\"@id\":\"https:\/\/www.contraloriameta.gov.co\/#\/schema\/logo\/image\/\",\"url\":\"https:\/\/www.contraloriameta.gov.co\/wp-content\/uploads\/LOGO_CDM_01.jpg\",\"contentUrl\":\"https:\/\/www.contraloriameta.gov.co\/wp-content\/uploads\/LOGO_CDM_01.jpg\",\"width\":2372,\"height\":876,\"caption\":\"Contralor\u00eda Departamental del Meta\"},\"image\":{\"@id\":\"https:\/\/www.contraloriameta.gov.co\/#\/schema\/logo\/image\/\"},\"sameAs\":[\"https:\/\/www.facebook.com\/ContraloriaMeta\",\"https:\/\/x.com\/ContraloriaMeta\",\"https:\/\/instagram.com\/contraloria.meta\"]}]}<\/script>\n<!-- \/ Yoast SEO plugin. -->","yoast_head_json":{"title":"Planes Integrados al Plan de Acci\u00f3n - Contralor\u00eda Departamental del Meta","robots":{"index":"index","follow":"follow","max-snippet":"max-snippet:-1","max-image-preview":"max-image-preview:large","max-video-preview":"max-video-preview:-1"},"canonical":"https:\/\/www.contraloriameta.gov.co\/?page_id=11934","og_locale":"es_ES","og_type":"article","og_title":"Planes Integrados al Plan de Acci\u00f3n - Contralor\u00eda Departamental del Meta","og_description":"Plan Anticorrupci\u00f3n y de Atenci\u00f3n al Ciudadano Plan de Adquisiciones Plan Estrat\u00e9gico de Talento Humano y otros planes Plan de Seguridad y Salud en el Trabajo SGSST Plan Estrat\u00e9gico de Tecnolog\u00edas de la Informaci\u00f3n y Comunicaci\u00f3n PETIC Plan Institucional de Archivo PINAR","og_url":"https:\/\/www.contraloriameta.gov.co\/?page_id=11934","og_site_name":"Contralor\u00eda Departamental del Meta","article_publisher":"https:\/\/www.facebook.com\/ContraloriaMeta","article_modified_time":"2023-10-28T22:28:41+00:00","twitter_card":"summary_large_image","twitter_site":"@ContraloriaMeta","twitter_misc":{"Tiempo de lectura":"1 minuto"},"schema":{"@context":"https:\/\/schema.org","@graph":[{"@type":"WebPage","@id":"https:\/\/www.contraloriameta.gov.co\/?page_id=11934","url":"https:\/\/www.contraloriameta.gov.co\/?page_id=11934","name":"Planes Integrados al Plan de Acci\u00f3n - Contralor\u00eda Departamental del Meta","isPartOf":{"@id":"https:\/\/www.contraloriameta.gov.co\/#website"},"datePublished":"2018-07-31T21:03:33+00:00","dateModified":"2023-10-28T22:28:41+00:00","breadcrumb":{"@id":"https:\/\/www.contraloriameta.gov.co\/?page_id=11934#breadcrumb"},"inLanguage":"es","potentialAction":[{"@type":"ReadAction","target":["https:\/\/www.contraloriameta.gov.co\/?page_id=11934"]}]},{"@type":"BreadcrumbList","@id":"https:\/\/www.contraloriameta.gov.co\/?page_id=11934#breadcrumb","itemListElement":[{"@type":"ListItem","position":1,"name":"Portada","item":"https:\/\/www.contraloriameta.gov.co\/"},{"@type":"ListItem","position":2,"name":"Nuestra Entidad","item":"https:\/\/www.contraloriameta.gov.co\/"},{"@type":"ListItem","position":3,"name":"Planeacion Gesti\u00f3n y Control","item":"https:\/\/www.contraloriameta.gov.co\/?page_id=714"},{"@type":"ListItem","position":4,"name":"Planes","item":"https:\/\/www.contraloriameta.gov.co\/?page_id=1288"},{"@type":"ListItem","position":5,"name":"Planes Integrados al Plan de Acci\u00f3n"}]},{"@type":"WebSite","@id":"https:\/\/www.contraloriameta.gov.co\/#website","url":"https:\/\/www.contraloriameta.gov.co\/","name":"Contralor\u00eda Departamental del Meta","description":"","publisher":{"@id":"https:\/\/www.contraloriameta.gov.co\/#organization"},"potentialAction":[{"@type":"SearchAction","target":{"@type":"EntryPoint","urlTemplate":"https:\/\/www.contraloriameta.gov.co\/?s={search_term_string}"},"query-input":{"@type":"PropertyValueSpecification","valueRequired":true,"valueName":"search_term_string"}}],"inLanguage":"es"},{"@type":"Organization","@id":"https:\/\/www.contraloriameta.gov.co\/#organization","name":"Contralor\u00eda Departamental del Meta","url":"https:\/\/www.contraloriameta.gov.co\/","logo":{"@type":"ImageObject","inLanguage":"es","@id":"https:\/\/www.contraloriameta.gov.co\/#\/schema\/logo\/image\/","url":"https:\/\/www.contraloriameta.gov.co\/wp-content\/uploads\/LOGO_CDM_01.jpg","contentUrl":"https:\/\/www.contraloriameta.gov.co\/wp-content\/uploads\/LOGO_CDM_01.jpg","width":2372,"height":876,"caption":"Contralor\u00eda Departamental del Meta"},"image":{"@id":"https:\/\/www.contraloriameta.gov.co\/#\/schema\/logo\/image\/"},"sameAs":["https:\/\/www.facebook.com\/ContraloriaMeta","https:\/\/x.com\/ContraloriaMeta","https:\/\/instagram.com\/contraloria.meta"]}]}},"_links":{"self":[{"href":"https:\/\/www.contraloriameta.gov.co\/index.php?rest_route=\/wp\/v2\/pages\/11934","targetHints":{"allow":["GET"]}}],"collection":[{"href":"https:\/\/www.contraloriameta.gov.co\/index.php?rest_route=\/wp\/v2\/pages"}],"about":[{"href":"https:\/\/www.contraloriameta.gov.co\/index.php?rest_route=\/wp\/v2\/types\/page"}],"author":[{"embeddable":true,"href":"https:\/\/www.contraloriameta.gov.co\/index.php?rest_route=\/wp\/v2\/users\/6"}],"replies":[{"embeddable":true,"href":"https:\/\/www.contraloriameta.gov.co\/index.php?rest_route=%2Fwp%2Fv2%2Fcomments&post=11934"}],"version-history":[{"count":1,"href":"https:\/\/www.contraloriameta.gov.co\/index.php?rest_route=\/wp\/v2\/pages\/11934\/revisions"}],"predecessor-version":[{"id":39585,"href":"https:\/\/www.contraloriameta.gov.co\/index.php?rest_route=\/wp\/v2\/pages\/11934\/revisions\/39585"}],"up":[{"embeddable":true,"href":"https:\/\/www.contraloriameta.gov.co\/index.php?rest_route=\/wp\/v2\/pages\/1288"}],"wp:attachment":[{"href":"https:\/\/www.contraloriameta.gov.co\/index.php?rest_route=%2Fwp%2Fv2%2Fmedia&parent=11934"}],"curies":[{"name":"wp","href":"https:\/\/api.w.org\/{rel}","templated":true}]}}