{"id":10591,"date":"2018-05-07T14:14:56","date_gmt":"2018-05-07T19:14:56","guid":{"rendered":"http:\/\/www.contraloriameta.gov.co\/sitio\/?page_id=10591"},"modified":"2023-11-19T18:05:25","modified_gmt":"2023-11-19T23:05:25","slug":"encuesta-efectividad-pagina-web","status":"publish","type":"page","link":"https:\/\/www.contraloriameta.gov.co\/?page_id=10591","title":{"rendered":"Encuesta satisfacci\u00f3n canales de atenci\u00f3n CDM"},"content":{"rendered":"\t\t<div data-elementor-type=\"wp-page\" data-elementor-id=\"10591\" class=\"elementor elementor-10591\" data-elementor-post-type=\"page\">\n\t\t\t\t<div class=\"elementor-element elementor-element-3a7b6921 e-flex e-con-boxed e-con e-parent\" data-id=\"3a7b6921\" data-element_type=\"container\" data-e-type=\"container\">\n\t\t\t\t\t<div class=\"e-con-inner\">\n\t\t\t\t<div class=\"elementor-element elementor-element-701056f2 elementor-widget elementor-widget-text-editor\" data-id=\"701056f2\" data-element_type=\"widget\" data-e-type=\"widget\" data-widget_type=\"text-editor.default\">\n\t\t\t\t<div class=\"elementor-widget-container\">\n\t\t\t\t\t\t\t\t\t<h3>https:\/\/forms.gle\/Lx4VMgX88AgV6ouX8<\/h3><p><img fetchpriority=\"high\" decoding=\"async\" class=\"alignnone size-large wp-image-17845\" src=\"https:\/\/www.contraloriameta.gov.co\/wp-content\/uploads\/baner-siguenos-en-redes-sociales2020-1024x292.jpg\" alt=\"baner-siguenos-en-redes-sociales2020\" width=\"1024\" height=\"292\" data-id=\"17845\" srcset=\"https:\/\/www.contraloriameta.gov.co\/wp-content\/uploads\/baner-siguenos-en-redes-sociales2020-1024x292.jpg 1024w, https:\/\/www.contraloriameta.gov.co\/wp-content\/uploads\/baner-siguenos-en-redes-sociales2020-300x85.jpg 300w, https:\/\/www.contraloriameta.gov.co\/wp-content\/uploads\/baner-siguenos-en-redes-sociales2020-768x219.jpg 768w, https:\/\/www.contraloriameta.gov.co\/wp-content\/uploads\/baner-siguenos-en-redes-sociales2020.jpg 1025w\" sizes=\"(max-width: 1024px) 100vw, 1024px\" \/><iframe src=\"https:\/\/forms.gle\/zyeBgpkpyQJQh1S5A\" width=\"1300\" height=\"720\" frameborder=\"0\" marginwidth=\"0\" marginheight=\"0\">Cargando&#8230;<\/iframe><\/p>\t\t\t\t\t\t\t\t<\/div>\n\t\t\t\t<\/div>\n\t\t\t\t\t<\/div>\n\t\t\t\t<\/div>\n\t\t\t\t<\/div>\n\t\t","protected":false},"excerpt":{"rendered":"<p>https:\/\/forms.gle\/Lx4VMgX88AgV6ouX8 Cargando&#8230;<\/p>\n","protected":false},"author":6,"featured_media":0,"parent":8055,"menu_order":0,"comment_status":"closed","ping_status":"closed","template":"","meta":{"footnotes":""},"class_list":["post-10591","page","type-page","status-publish","hentry"],"yoast_head":"<!-- This site is optimized with the Yoast SEO plugin v27.2 - https:\/\/yoast.com\/product\/yoast-seo-wordpress\/ -->\n<title>Encuesta satisfacci\u00f3n canales de atenci\u00f3n CDM - Contralor\u00eda Departamental del Meta<\/title>\n<meta name=\"robots\" content=\"index, follow, max-snippet:-1, max-image-preview:large, max-video-preview:-1\" \/>\n<link rel=\"canonical\" href=\"https:\/\/www.contraloriameta.gov.co\/?page_id=10591\" \/>\n<meta property=\"og:locale\" content=\"es_ES\" \/>\n<meta property=\"og:type\" content=\"article\" \/>\n<meta property=\"og:title\" content=\"Encuesta satisfacci\u00f3n canales de atenci\u00f3n CDM - Contralor\u00eda Departamental del Meta\" \/>\n<meta property=\"og:description\" content=\"https:\/\/forms.gle\/Lx4VMgX88AgV6ouX8 Cargando&#8230;\" \/>\n<meta property=\"og:url\" content=\"https:\/\/www.contraloriameta.gov.co\/?page_id=10591\" \/>\n<meta property=\"og:site_name\" content=\"Contralor\u00eda Departamental del Meta\" \/>\n<meta property=\"article:publisher\" content=\"https:\/\/www.facebook.com\/ContraloriaMeta\" \/>\n<meta property=\"article:modified_time\" content=\"2023-11-19T23:05:25+00:00\" \/>\n<meta property=\"og:image\" content=\"https:\/\/www.contraloriameta.gov.co\/wp-content\/uploads\/baner-siguenos-en-redes-sociales2020-1024x292.jpg\" \/>\n<meta name=\"twitter:card\" content=\"summary_large_image\" \/>\n<meta name=\"twitter:site\" content=\"@ContraloriaMeta\" \/>\n<meta name=\"twitter:label1\" content=\"Tiempo de lectura\" \/>\n\t<meta name=\"twitter:data1\" content=\"1 minuto\" \/>\n<script type=\"application\/ld+json\" class=\"yoast-schema-graph\">{\"@context\":\"https:\/\/schema.org\",\"@graph\":[{\"@type\":\"WebPage\",\"@id\":\"https:\/\/www.contraloriameta.gov.co\/?page_id=10591\",\"url\":\"https:\/\/www.contraloriameta.gov.co\/?page_id=10591\",\"name\":\"Encuesta satisfacci\u00f3n canales de atenci\u00f3n CDM - Contralor\u00eda Departamental del Meta\",\"isPartOf\":{\"@id\":\"https:\/\/www.contraloriameta.gov.co\/#website\"},\"primaryImageOfPage\":{\"@id\":\"https:\/\/www.contraloriameta.gov.co\/?page_id=10591#primaryimage\"},\"image\":{\"@id\":\"https:\/\/www.contraloriameta.gov.co\/?page_id=10591#primaryimage\"},\"thumbnailUrl\":\"https:\/\/www.contraloriameta.gov.co\/wp-content\/uploads\/baner-siguenos-en-redes-sociales2020-1024x292.jpg\",\"datePublished\":\"2018-05-07T19:14:56+00:00\",\"dateModified\":\"2023-11-19T23:05:25+00:00\",\"breadcrumb\":{\"@id\":\"https:\/\/www.contraloriameta.gov.co\/?page_id=10591#breadcrumb\"},\"inLanguage\":\"es\",\"potentialAction\":[{\"@type\":\"ReadAction\",\"target\":[\"https:\/\/www.contraloriameta.gov.co\/?page_id=10591\"]}]},{\"@type\":\"ImageObject\",\"inLanguage\":\"es\",\"@id\":\"https:\/\/www.contraloriameta.gov.co\/?page_id=10591#primaryimage\",\"url\":\"https:\/\/www.contraloriameta.gov.co\/wp-content\/uploads\/baner-siguenos-en-redes-sociales2020.jpg\",\"contentUrl\":\"https:\/\/www.contraloriameta.gov.co\/wp-content\/uploads\/baner-siguenos-en-redes-sociales2020.jpg\",\"width\":1025,\"height\":292},{\"@type\":\"BreadcrumbList\",\"@id\":\"https:\/\/www.contraloriameta.gov.co\/?page_id=10591#breadcrumb\",\"itemListElement\":[{\"@type\":\"ListItem\",\"position\":1,\"name\":\"Portada\",\"item\":\"https:\/\/www.contraloriameta.gov.co\/\"},{\"@type\":\"ListItem\",\"position\":2,\"name\":\"Ciudadan\u00eda\",\"item\":\"https:\/\/www.contraloriameta.gov.co\/?page_id=43\"},{\"@type\":\"ListItem\",\"position\":3,\"name\":\"Satisfacci\u00f3n del Cliente\",\"item\":\"https:\/\/www.contraloriameta.gov.co\/?page_id=6981\"},{\"@type\":\"ListItem\",\"position\":4,\"name\":\"Encuestas\",\"item\":\"https:\/\/www.contraloriameta.gov.co\/?page_id=8055\"},{\"@type\":\"ListItem\",\"position\":5,\"name\":\"Encuesta satisfacci\u00f3n canales de atenci\u00f3n CDM\"}]},{\"@type\":\"WebSite\",\"@id\":\"https:\/\/www.contraloriameta.gov.co\/#website\",\"url\":\"https:\/\/www.contraloriameta.gov.co\/\",\"name\":\"Contralor\u00eda Departamental del Meta\",\"description\":\"\",\"publisher\":{\"@id\":\"https:\/\/www.contraloriameta.gov.co\/#organization\"},\"potentialAction\":[{\"@type\":\"SearchAction\",\"target\":{\"@type\":\"EntryPoint\",\"urlTemplate\":\"https:\/\/www.contraloriameta.gov.co\/?s={search_term_string}\"},\"query-input\":{\"@type\":\"PropertyValueSpecification\",\"valueRequired\":true,\"valueName\":\"search_term_string\"}}],\"inLanguage\":\"es\"},{\"@type\":\"Organization\",\"@id\":\"https:\/\/www.contraloriameta.gov.co\/#organization\",\"name\":\"Contralor\u00eda Departamental del Meta\",\"url\":\"https:\/\/www.contraloriameta.gov.co\/\",\"logo\":{\"@type\":\"ImageObject\",\"inLanguage\":\"es\",\"@id\":\"https:\/\/www.contraloriameta.gov.co\/#\/schema\/logo\/image\/\",\"url\":\"https:\/\/www.contraloriameta.gov.co\/wp-content\/uploads\/LOGO_CDM_01.jpg\",\"contentUrl\":\"https:\/\/www.contraloriameta.gov.co\/wp-content\/uploads\/LOGO_CDM_01.jpg\",\"width\":2372,\"height\":876,\"caption\":\"Contralor\u00eda Departamental del Meta\"},\"image\":{\"@id\":\"https:\/\/www.contraloriameta.gov.co\/#\/schema\/logo\/image\/\"},\"sameAs\":[\"https:\/\/www.facebook.com\/ContraloriaMeta\",\"https:\/\/x.com\/ContraloriaMeta\",\"https:\/\/instagram.com\/contraloria.meta\"]}]}<\/script>\n<!-- \/ Yoast SEO plugin. -->","yoast_head_json":{"title":"Encuesta satisfacci\u00f3n canales de atenci\u00f3n CDM - Contralor\u00eda Departamental del Meta","robots":{"index":"index","follow":"follow","max-snippet":"max-snippet:-1","max-image-preview":"max-image-preview:large","max-video-preview":"max-video-preview:-1"},"canonical":"https:\/\/www.contraloriameta.gov.co\/?page_id=10591","og_locale":"es_ES","og_type":"article","og_title":"Encuesta satisfacci\u00f3n canales de atenci\u00f3n CDM - Contralor\u00eda Departamental del Meta","og_description":"https:\/\/forms.gle\/Lx4VMgX88AgV6ouX8 Cargando&#8230;","og_url":"https:\/\/www.contraloriameta.gov.co\/?page_id=10591","og_site_name":"Contralor\u00eda Departamental del Meta","article_publisher":"https:\/\/www.facebook.com\/ContraloriaMeta","article_modified_time":"2023-11-19T23:05:25+00:00","og_image":[{"url":"https:\/\/www.contraloriameta.gov.co\/wp-content\/uploads\/baner-siguenos-en-redes-sociales2020-1024x292.jpg","type":"","width":"","height":""}],"twitter_card":"summary_large_image","twitter_site":"@ContraloriaMeta","twitter_misc":{"Tiempo de lectura":"1 minuto"},"schema":{"@context":"https:\/\/schema.org","@graph":[{"@type":"WebPage","@id":"https:\/\/www.contraloriameta.gov.co\/?page_id=10591","url":"https:\/\/www.contraloriameta.gov.co\/?page_id=10591","name":"Encuesta satisfacci\u00f3n canales de atenci\u00f3n CDM - Contralor\u00eda Departamental del Meta","isPartOf":{"@id":"https:\/\/www.contraloriameta.gov.co\/#website"},"primaryImageOfPage":{"@id":"https:\/\/www.contraloriameta.gov.co\/?page_id=10591#primaryimage"},"image":{"@id":"https:\/\/www.contraloriameta.gov.co\/?page_id=10591#primaryimage"},"thumbnailUrl":"https:\/\/www.contraloriameta.gov.co\/wp-content\/uploads\/baner-siguenos-en-redes-sociales2020-1024x292.jpg","datePublished":"2018-05-07T19:14:56+00:00","dateModified":"2023-11-19T23:05:25+00:00","breadcrumb":{"@id":"https:\/\/www.contraloriameta.gov.co\/?page_id=10591#breadcrumb"},"inLanguage":"es","potentialAction":[{"@type":"ReadAction","target":["https:\/\/www.contraloriameta.gov.co\/?page_id=10591"]}]},{"@type":"ImageObject","inLanguage":"es","@id":"https:\/\/www.contraloriameta.gov.co\/?page_id=10591#primaryimage","url":"https:\/\/www.contraloriameta.gov.co\/wp-content\/uploads\/baner-siguenos-en-redes-sociales2020.jpg","contentUrl":"https:\/\/www.contraloriameta.gov.co\/wp-content\/uploads\/baner-siguenos-en-redes-sociales2020.jpg","width":1025,"height":292},{"@type":"BreadcrumbList","@id":"https:\/\/www.contraloriameta.gov.co\/?page_id=10591#breadcrumb","itemListElement":[{"@type":"ListItem","position":1,"name":"Portada","item":"https:\/\/www.contraloriameta.gov.co\/"},{"@type":"ListItem","position":2,"name":"Ciudadan\u00eda","item":"https:\/\/www.contraloriameta.gov.co\/?page_id=43"},{"@type":"ListItem","position":3,"name":"Satisfacci\u00f3n del Cliente","item":"https:\/\/www.contraloriameta.gov.co\/?page_id=6981"},{"@type":"ListItem","position":4,"name":"Encuestas","item":"https:\/\/www.contraloriameta.gov.co\/?page_id=8055"},{"@type":"ListItem","position":5,"name":"Encuesta satisfacci\u00f3n canales de atenci\u00f3n CDM"}]},{"@type":"WebSite","@id":"https:\/\/www.contraloriameta.gov.co\/#website","url":"https:\/\/www.contraloriameta.gov.co\/","name":"Contralor\u00eda Departamental del Meta","description":"","publisher":{"@id":"https:\/\/www.contraloriameta.gov.co\/#organization"},"potentialAction":[{"@type":"SearchAction","target":{"@type":"EntryPoint","urlTemplate":"https:\/\/www.contraloriameta.gov.co\/?s={search_term_string}"},"query-input":{"@type":"PropertyValueSpecification","valueRequired":true,"valueName":"search_term_string"}}],"inLanguage":"es"},{"@type":"Organization","@id":"https:\/\/www.contraloriameta.gov.co\/#organization","name":"Contralor\u00eda Departamental del Meta","url":"https:\/\/www.contraloriameta.gov.co\/","logo":{"@type":"ImageObject","inLanguage":"es","@id":"https:\/\/www.contraloriameta.gov.co\/#\/schema\/logo\/image\/","url":"https:\/\/www.contraloriameta.gov.co\/wp-content\/uploads\/LOGO_CDM_01.jpg","contentUrl":"https:\/\/www.contraloriameta.gov.co\/wp-content\/uploads\/LOGO_CDM_01.jpg","width":2372,"height":876,"caption":"Contralor\u00eda Departamental del Meta"},"image":{"@id":"https:\/\/www.contraloriameta.gov.co\/#\/schema\/logo\/image\/"},"sameAs":["https:\/\/www.facebook.com\/ContraloriaMeta","https:\/\/x.com\/ContraloriaMeta","https:\/\/instagram.com\/contraloria.meta"]}]}},"_links":{"self":[{"href":"https:\/\/www.contraloriameta.gov.co\/index.php?rest_route=\/wp\/v2\/pages\/10591","targetHints":{"allow":["GET"]}}],"collection":[{"href":"https:\/\/www.contraloriameta.gov.co\/index.php?rest_route=\/wp\/v2\/pages"}],"about":[{"href":"https:\/\/www.contraloriameta.gov.co\/index.php?rest_route=\/wp\/v2\/types\/page"}],"author":[{"embeddable":true,"href":"https:\/\/www.contraloriameta.gov.co\/index.php?rest_route=\/wp\/v2\/users\/6"}],"replies":[{"embeddable":true,"href":"https:\/\/www.contraloriameta.gov.co\/index.php?rest_route=%2Fwp%2Fv2%2Fcomments&post=10591"}],"version-history":[{"count":0,"href":"https:\/\/www.contraloriameta.gov.co\/index.php?rest_route=\/wp\/v2\/pages\/10591\/revisions"}],"up":[{"embeddable":true,"href":"https:\/\/www.contraloriameta.gov.co\/index.php?rest_route=\/wp\/v2\/pages\/8055"}],"wp:attachment":[{"href":"https:\/\/www.contraloriameta.gov.co\/index.php?rest_route=%2Fwp%2Fv2%2Fmedia&parent=10591"}],"curies":[{"name":"wp","href":"https:\/\/api.w.org\/{rel}","templated":true}]}}