{"id":10553,"date":"2017-09-30T15:12:22","date_gmt":"2017-09-30T20:12:22","guid":{"rendered":"http:\/\/www.contraloriameta.gov.co\/sitio\/?page_id=10553"},"modified":"2025-08-12T14:25:56","modified_gmt":"2025-08-12T19:25:56","slug":"radique-su-pqrs","status":"publish","type":"page","link":"https:\/\/www.contraloriameta.gov.co\/?page_id=10553","title":{"rendered":"Radique su PQRSD"},"content":{"rendered":"\t\t<div data-elementor-type=\"wp-page\" data-elementor-id=\"10553\" class=\"elementor elementor-10553\" data-elementor-post-type=\"page\">\n\t\t\t\t<div class=\"elementor-element elementor-element-525c0853 e-flex e-con-boxed e-con e-parent\" data-id=\"525c0853\" data-element_type=\"container\" data-e-type=\"container\">\n\t\t\t\t\t<div class=\"e-con-inner\">\n\t\t\t\t<div class=\"elementor-element elementor-element-3676e8f elementor-widget elementor-widget-heading\" data-id=\"3676e8f\" data-element_type=\"widget\" data-e-type=\"widget\" data-widget_type=\"heading.default\">\n\t\t\t\t<div class=\"elementor-widget-container\">\n\t\t\t\t\t<h2 class=\"elementor-heading-title elementor-size-default\">Sistema de Informaci\u00f3n PQRSD<\/h2>\t\t\t\t<\/div>\n\t\t\t\t<\/div>\n\t\t\t\t<div class=\"elementor-element elementor-element-efc2563 elementor-widget elementor-widget-text-editor\" data-id=\"efc2563\" data-element_type=\"widget\" data-e-type=\"widget\" data-widget_type=\"text-editor.default\">\n\t\t\t\t<div class=\"elementor-widget-container\">\n\t\t\t\t\t\t\t\t\t<p>Con el diligenciamiento del presente formulario, el titular de los datos personales entiende y autoriza que toda la informaci\u00f3n personal incluida, puede ser tratada por la CONTRALOR\u00cdA DEPARTAMENTAL DEL META, dicha informaci\u00f3n solo ser\u00e1 tenida en cuenta para el tr\u00e1mite de la PQRS o denuncia. El Ente de Control est\u00e1 comprometido en garantizar los derechos del titular(es ) de la informaci\u00f3n de acuerdo con lo establecido en la Ley 1581 de 2012 y en el Decreto 1377 de 2013, por ello adopt\u00f3 la Pol\u00edtica de Tratamiento de Datos la cual puede ser consultada en nuestro portal institucional.<\/p><p><br \/>En la gesti\u00f3n y respuesta a las solicitudes de acceso a la informaci\u00f3n, la Contralor\u00eda Departamental del Meta aplica el principio de gratuidad, por lo tanto, no cobra costos adicionales a los de reproducci\u00f3n de la informaci\u00f3n. De acuerdo a la Presente Resoluci\u00f3n;<\/p>\t\t\t\t\t\t\t\t<\/div>\n\t\t\t\t<\/div>\n\t\t\t\t<div class=\"elementor-element elementor-element-7419344 elementor-widget elementor-widget-heading\" data-id=\"7419344\" data-element_type=\"widget\" data-e-type=\"widget\" data-widget_type=\"heading.default\">\n\t\t\t\t<div class=\"elementor-widget-container\">\n\t\t\t\t\t<h2 class=\"elementor-heading-title elementor-size-default\"><a href=\"http:\/\/190.145.53.116\/peticiones\"><h2><strong><a href=\"http:\/\/190.145.53.116\/PETICIONES\/\">Haz clic aqu\u00ed para diligenciar Nuestro Formulario de PQRS<\/a><\/strong><\/h2><\/a><\/h2>\t\t\t\t<\/div>\n\t\t\t\t<\/div>\n\t\t\t\t<div class=\"elementor-element elementor-element-f0f020d elementor-widget elementor-widget-image\" data-id=\"f0f020d\" data-element_type=\"widget\" data-e-type=\"widget\" data-widget_type=\"image.default\">\n\t\t\t\t<div class=\"elementor-widget-container\">\n\t\t\t\t\t\t\t\t\t\t\t\t\t\t\t\t<a href=\"https:\/\/pqrsd.contraloriameta.gov.co\/\">\n\t\t\t\t\t\t\t<img decoding=\"async\" width=\"142\" height=\"140\" src=\"https:\/\/www.contraloriameta.gov.co\/wp-content\/uploads\/BOTON-PQRS-1.png\" class=\"attachment-large size-large wp-image-34017\" alt=\"\" \/>\t\t\t\t\t\t\t\t<\/a>\n\t\t\t\t\t\t\t\t\t\t\t\t\t\t\t<\/div>\n\t\t\t\t<\/div>\n\t\t\t\t\t<\/div>\n\t\t\t\t<\/div>\n\t\t\t\t<\/div>\n\t\t","protected":false},"excerpt":{"rendered":"<p>Sistema de Informaci\u00f3n PQRSD Con el diligenciamiento del presente formulario, el titular de los datos personales entiende y autoriza que toda la informaci\u00f3n personal incluida, puede ser tratada por la CONTRALOR\u00cdA DEPARTAMENTAL DEL META, dicha informaci\u00f3n solo ser\u00e1 tenida en cuenta para el tr\u00e1mite de la PQRS o denuncia. El Ente de Control est\u00e1 comprometido [&hellip;]<\/p>\n","protected":false},"author":6,"featured_media":0,"parent":6125,"menu_order":0,"comment_status":"closed","ping_status":"closed","template":"","meta":{"footnotes":""},"class_list":["post-10553","page","type-page","status-publish","hentry"],"yoast_head":"<!-- This site is optimized with the Yoast SEO plugin v27.2 - https:\/\/yoast.com\/product\/yoast-seo-wordpress\/ -->\n<title>Radique su PQRSD - Contralor\u00eda Departamental del Meta<\/title>\n<meta name=\"robots\" content=\"index, follow, max-snippet:-1, max-image-preview:large, max-video-preview:-1\" \/>\n<link rel=\"canonical\" href=\"https:\/\/www.contraloriameta.gov.co\/?page_id=10553\" \/>\n<meta property=\"og:locale\" content=\"es_ES\" \/>\n<meta property=\"og:type\" content=\"article\" \/>\n<meta property=\"og:title\" content=\"Radique su PQRSD - Contralor\u00eda Departamental del Meta\" \/>\n<meta property=\"og:description\" content=\"Sistema de Informaci\u00f3n PQRSD Con el diligenciamiento del presente formulario, el titular de los datos personales entiende y autoriza que toda la informaci\u00f3n personal incluida, puede ser tratada por la CONTRALOR\u00cdA DEPARTAMENTAL DEL META, dicha informaci\u00f3n solo ser\u00e1 tenida en cuenta para el tr\u00e1mite de la PQRS o denuncia. El Ente de Control est\u00e1 comprometido [&hellip;]\" \/>\n<meta property=\"og:url\" content=\"https:\/\/www.contraloriameta.gov.co\/?page_id=10553\" \/>\n<meta property=\"og:site_name\" content=\"Contralor\u00eda Departamental del Meta\" \/>\n<meta property=\"article:publisher\" content=\"https:\/\/www.facebook.com\/ContraloriaMeta\" \/>\n<meta property=\"article:modified_time\" content=\"2025-08-12T19:25:56+00:00\" \/>\n<meta property=\"og:image\" content=\"https:\/\/www.contraloriameta.gov.co\/wp-content\/uploads\/BOTON-PQRS-1.png\" \/>\n<meta name=\"twitter:card\" content=\"summary_large_image\" \/>\n<meta name=\"twitter:site\" content=\"@ContraloriaMeta\" \/>\n<meta name=\"twitter:label1\" content=\"Tiempo de lectura\" \/>\n\t<meta name=\"twitter:data1\" content=\"1 minuto\" \/>\n<script type=\"application\/ld+json\" class=\"yoast-schema-graph\">{\"@context\":\"https:\/\/schema.org\",\"@graph\":[{\"@type\":\"WebPage\",\"@id\":\"https:\/\/www.contraloriameta.gov.co\/?page_id=10553\",\"url\":\"https:\/\/www.contraloriameta.gov.co\/?page_id=10553\",\"name\":\"Radique su PQRSD - Contralor\u00eda Departamental del Meta\",\"isPartOf\":{\"@id\":\"https:\/\/www.contraloriameta.gov.co\/#website\"},\"primaryImageOfPage\":{\"@id\":\"https:\/\/www.contraloriameta.gov.co\/?page_id=10553#primaryimage\"},\"image\":{\"@id\":\"https:\/\/www.contraloriameta.gov.co\/?page_id=10553#primaryimage\"},\"thumbnailUrl\":\"https:\/\/www.contraloriameta.gov.co\/wp-content\/uploads\/BOTON-PQRS-1.png\",\"datePublished\":\"2017-09-30T20:12:22+00:00\",\"dateModified\":\"2025-08-12T19:25:56+00:00\",\"breadcrumb\":{\"@id\":\"https:\/\/www.contraloriameta.gov.co\/?page_id=10553#breadcrumb\"},\"inLanguage\":\"es\",\"potentialAction\":[{\"@type\":\"ReadAction\",\"target\":[\"https:\/\/www.contraloriameta.gov.co\/?page_id=10553\"]}]},{\"@type\":\"ImageObject\",\"inLanguage\":\"es\",\"@id\":\"https:\/\/www.contraloriameta.gov.co\/?page_id=10553#primaryimage\",\"url\":\"https:\/\/www.contraloriameta.gov.co\/wp-content\/uploads\/BOTON-PQRS-1.png\",\"contentUrl\":\"https:\/\/www.contraloriameta.gov.co\/wp-content\/uploads\/BOTON-PQRS-1.png\",\"width\":142,\"height\":140},{\"@type\":\"BreadcrumbList\",\"@id\":\"https:\/\/www.contraloriameta.gov.co\/?page_id=10553#breadcrumb\",\"itemListElement\":[{\"@type\":\"ListItem\",\"position\":1,\"name\":\"Portada\",\"item\":\"https:\/\/www.contraloriameta.gov.co\/\"},{\"@type\":\"ListItem\",\"position\":2,\"name\":\"Ciudadan\u00eda\",\"item\":\"https:\/\/www.contraloriameta.gov.co\/?page_id=43\"},{\"@type\":\"ListItem\",\"position\":3,\"name\":\"P.Q.R.S\",\"item\":\"https:\/\/www.contraloriameta.gov.co\/?page_id=6125\"},{\"@type\":\"ListItem\",\"position\":4,\"name\":\"Radique su PQRSD\"}]},{\"@type\":\"WebSite\",\"@id\":\"https:\/\/www.contraloriameta.gov.co\/#website\",\"url\":\"https:\/\/www.contraloriameta.gov.co\/\",\"name\":\"Contralor\u00eda Departamental del Meta\",\"description\":\"\",\"publisher\":{\"@id\":\"https:\/\/www.contraloriameta.gov.co\/#organization\"},\"potentialAction\":[{\"@type\":\"SearchAction\",\"target\":{\"@type\":\"EntryPoint\",\"urlTemplate\":\"https:\/\/www.contraloriameta.gov.co\/?s={search_term_string}\"},\"query-input\":{\"@type\":\"PropertyValueSpecification\",\"valueRequired\":true,\"valueName\":\"search_term_string\"}}],\"inLanguage\":\"es\"},{\"@type\":\"Organization\",\"@id\":\"https:\/\/www.contraloriameta.gov.co\/#organization\",\"name\":\"Contralor\u00eda Departamental del Meta\",\"url\":\"https:\/\/www.contraloriameta.gov.co\/\",\"logo\":{\"@type\":\"ImageObject\",\"inLanguage\":\"es\",\"@id\":\"https:\/\/www.contraloriameta.gov.co\/#\/schema\/logo\/image\/\",\"url\":\"https:\/\/www.contraloriameta.gov.co\/wp-content\/uploads\/LOGO_CDM_01.jpg\",\"contentUrl\":\"https:\/\/www.contraloriameta.gov.co\/wp-content\/uploads\/LOGO_CDM_01.jpg\",\"width\":2372,\"height\":876,\"caption\":\"Contralor\u00eda Departamental del Meta\"},\"image\":{\"@id\":\"https:\/\/www.contraloriameta.gov.co\/#\/schema\/logo\/image\/\"},\"sameAs\":[\"https:\/\/www.facebook.com\/ContraloriaMeta\",\"https:\/\/x.com\/ContraloriaMeta\",\"https:\/\/instagram.com\/contraloria.meta\"]}]}<\/script>\n<!-- \/ Yoast SEO plugin. -->","yoast_head_json":{"title":"Radique su PQRSD - Contralor\u00eda Departamental del Meta","robots":{"index":"index","follow":"follow","max-snippet":"max-snippet:-1","max-image-preview":"max-image-preview:large","max-video-preview":"max-video-preview:-1"},"canonical":"https:\/\/www.contraloriameta.gov.co\/?page_id=10553","og_locale":"es_ES","og_type":"article","og_title":"Radique su PQRSD - Contralor\u00eda Departamental del Meta","og_description":"Sistema de Informaci\u00f3n PQRSD Con el diligenciamiento del presente formulario, el titular de los datos personales entiende y autoriza que toda la informaci\u00f3n personal incluida, puede ser tratada por la CONTRALOR\u00cdA DEPARTAMENTAL DEL META, dicha informaci\u00f3n solo ser\u00e1 tenida en cuenta para el tr\u00e1mite de la PQRS o denuncia. El Ente de Control est\u00e1 comprometido [&hellip;]","og_url":"https:\/\/www.contraloriameta.gov.co\/?page_id=10553","og_site_name":"Contralor\u00eda Departamental del Meta","article_publisher":"https:\/\/www.facebook.com\/ContraloriaMeta","article_modified_time":"2025-08-12T19:25:56+00:00","og_image":[{"url":"https:\/\/www.contraloriameta.gov.co\/wp-content\/uploads\/BOTON-PQRS-1.png","type":"","width":"","height":""}],"twitter_card":"summary_large_image","twitter_site":"@ContraloriaMeta","twitter_misc":{"Tiempo de lectura":"1 minuto"},"schema":{"@context":"https:\/\/schema.org","@graph":[{"@type":"WebPage","@id":"https:\/\/www.contraloriameta.gov.co\/?page_id=10553","url":"https:\/\/www.contraloriameta.gov.co\/?page_id=10553","name":"Radique su PQRSD - Contralor\u00eda Departamental del Meta","isPartOf":{"@id":"https:\/\/www.contraloriameta.gov.co\/#website"},"primaryImageOfPage":{"@id":"https:\/\/www.contraloriameta.gov.co\/?page_id=10553#primaryimage"},"image":{"@id":"https:\/\/www.contraloriameta.gov.co\/?page_id=10553#primaryimage"},"thumbnailUrl":"https:\/\/www.contraloriameta.gov.co\/wp-content\/uploads\/BOTON-PQRS-1.png","datePublished":"2017-09-30T20:12:22+00:00","dateModified":"2025-08-12T19:25:56+00:00","breadcrumb":{"@id":"https:\/\/www.contraloriameta.gov.co\/?page_id=10553#breadcrumb"},"inLanguage":"es","potentialAction":[{"@type":"ReadAction","target":["https:\/\/www.contraloriameta.gov.co\/?page_id=10553"]}]},{"@type":"ImageObject","inLanguage":"es","@id":"https:\/\/www.contraloriameta.gov.co\/?page_id=10553#primaryimage","url":"https:\/\/www.contraloriameta.gov.co\/wp-content\/uploads\/BOTON-PQRS-1.png","contentUrl":"https:\/\/www.contraloriameta.gov.co\/wp-content\/uploads\/BOTON-PQRS-1.png","width":142,"height":140},{"@type":"BreadcrumbList","@id":"https:\/\/www.contraloriameta.gov.co\/?page_id=10553#breadcrumb","itemListElement":[{"@type":"ListItem","position":1,"name":"Portada","item":"https:\/\/www.contraloriameta.gov.co\/"},{"@type":"ListItem","position":2,"name":"Ciudadan\u00eda","item":"https:\/\/www.contraloriameta.gov.co\/?page_id=43"},{"@type":"ListItem","position":3,"name":"P.Q.R.S","item":"https:\/\/www.contraloriameta.gov.co\/?page_id=6125"},{"@type":"ListItem","position":4,"name":"Radique su PQRSD"}]},{"@type":"WebSite","@id":"https:\/\/www.contraloriameta.gov.co\/#website","url":"https:\/\/www.contraloriameta.gov.co\/","name":"Contralor\u00eda Departamental del Meta","description":"","publisher":{"@id":"https:\/\/www.contraloriameta.gov.co\/#organization"},"potentialAction":[{"@type":"SearchAction","target":{"@type":"EntryPoint","urlTemplate":"https:\/\/www.contraloriameta.gov.co\/?s={search_term_string}"},"query-input":{"@type":"PropertyValueSpecification","valueRequired":true,"valueName":"search_term_string"}}],"inLanguage":"es"},{"@type":"Organization","@id":"https:\/\/www.contraloriameta.gov.co\/#organization","name":"Contralor\u00eda Departamental del Meta","url":"https:\/\/www.contraloriameta.gov.co\/","logo":{"@type":"ImageObject","inLanguage":"es","@id":"https:\/\/www.contraloriameta.gov.co\/#\/schema\/logo\/image\/","url":"https:\/\/www.contraloriameta.gov.co\/wp-content\/uploads\/LOGO_CDM_01.jpg","contentUrl":"https:\/\/www.contraloriameta.gov.co\/wp-content\/uploads\/LOGO_CDM_01.jpg","width":2372,"height":876,"caption":"Contralor\u00eda Departamental del Meta"},"image":{"@id":"https:\/\/www.contraloriameta.gov.co\/#\/schema\/logo\/image\/"},"sameAs":["https:\/\/www.facebook.com\/ContraloriaMeta","https:\/\/x.com\/ContraloriaMeta","https:\/\/instagram.com\/contraloria.meta"]}]}},"_links":{"self":[{"href":"https:\/\/www.contraloriameta.gov.co\/index.php?rest_route=\/wp\/v2\/pages\/10553","targetHints":{"allow":["GET"]}}],"collection":[{"href":"https:\/\/www.contraloriameta.gov.co\/index.php?rest_route=\/wp\/v2\/pages"}],"about":[{"href":"https:\/\/www.contraloriameta.gov.co\/index.php?rest_route=\/wp\/v2\/types\/page"}],"author":[{"embeddable":true,"href":"https:\/\/www.contraloriameta.gov.co\/index.php?rest_route=\/wp\/v2\/users\/6"}],"replies":[{"embeddable":true,"href":"https:\/\/www.contraloriameta.gov.co\/index.php?rest_route=%2Fwp%2Fv2%2Fcomments&post=10553"}],"version-history":[{"count":22,"href":"https:\/\/www.contraloriameta.gov.co\/index.php?rest_route=\/wp\/v2\/pages\/10553\/revisions"}],"predecessor-version":[{"id":42374,"href":"https:\/\/www.contraloriameta.gov.co\/index.php?rest_route=\/wp\/v2\/pages\/10553\/revisions\/42374"}],"up":[{"embeddable":true,"href":"https:\/\/www.contraloriameta.gov.co\/index.php?rest_route=\/wp\/v2\/pages\/6125"}],"wp:attachment":[{"href":"https:\/\/www.contraloriameta.gov.co\/index.php?rest_route=%2Fwp%2Fv2%2Fmedia&parent=10553"}],"curies":[{"name":"wp","href":"https:\/\/api.w.org\/{rel}","templated":true}]}}