{"id":1002,"date":"2016-12-02T18:14:43","date_gmt":"2016-12-02T23:14:43","guid":{"rendered":"http:\/\/172.16.1.2:8080\/sitio\/?page_id=1002"},"modified":"2024-08-14T15:50:52","modified_gmt":"2024-08-14T20:50:52","slug":"directorio","status":"publish","type":"page","link":"https:\/\/www.contraloriameta.gov.co\/?page_id=1002","title":{"rendered":"Directorio"},"content":{"rendered":"\t\t<div data-elementor-type=\"wp-page\" data-elementor-id=\"1002\" class=\"elementor elementor-1002\" data-elementor-post-type=\"page\">\n\t\t\t\t<div class=\"elementor-element elementor-element-dfbbdfb e-flex e-con-boxed e-con e-parent\" data-id=\"dfbbdfb\" data-element_type=\"container\" data-e-type=\"container\">\n\t\t\t\t\t<div class=\"e-con-inner\">\n\t\t\t\t<div class=\"elementor-element elementor-element-86f4fee elementor-widget elementor-widget-heading\" data-id=\"86f4fee\" data-element_type=\"widget\" data-e-type=\"widget\" data-widget_type=\"heading.default\">\n\t\t\t\t<div class=\"elementor-widget-container\">\n\t\t\t\t\t<h2 class=\"elementor-heading-title elementor-size-default\">Directorio telef\u00f3nico de funcionarios<\/h2>\t\t\t\t<\/div>\n\t\t\t\t<\/div>\n\t\t\t\t<div class=\"elementor-element elementor-element-f88d01f elementor-widget elementor-widget-text-editor\" data-id=\"f88d01f\" data-element_type=\"widget\" data-e-type=\"widget\" data-widget_type=\"text-editor.default\">\n\t\t\t\t<div class=\"elementor-widget-container\">\n\t\t\t\t\t\t\t\t\t<p>\u00a0<\/p><table width=\"1115\"><tbody><tr><td width=\"454\"><h5><strong>NOMBRES<\/strong><\/h5><\/td><td width=\"77\"><h5><strong>N\u00daMERO<\/strong><\/h5><\/td><td width=\"209\"><h5><strong>DIRECCION<\/strong><\/h5><\/td><td width=\"375\"><h5><strong>CORREOS\u00a0<\/strong><\/h5><\/td><\/tr><tr><td>Almac\u00e9n Contralor\u00eda Departamental del Meta<\/td><td>6086704119<\/td><td>Carrera 34 No. 35 &#8211; 38 Barzal Bajo<\/td><td>almacen@contraloriameta.gov.co<\/td><\/tr><tr><td>Ana Cecilia Velandia Herrera<\/td><td>6086704119<\/td><td>Carrera 34 No. 35 &#8211; 38 Barzal Bajo<\/td><td>ana.velandia@contraloriameta.gov.co<\/td><\/tr><tr><td>Ana Mar\u00eda Pulido Moreno<\/td><td>6086704119<\/td><td>Carrera 34 No. 35 &#8211; 38 Barzal Bajo<\/td><td>ana.pulido@contraloriameta.gov.co<\/td><\/tr><tr><td>Andr\u00e9s Leonardo Jim\u00e9nez Carrillo<\/td><td>6086704119<\/td><td>Carrera 34 No. 35 &#8211; 38 Barzal Bajo<\/td><td>andres.jimenez@contraloriameta.gov.co<\/td><\/tr><tr><td>Antonio Medina S\u00e1nchez<\/td><td>6086704119<\/td><td>Carrera 34 No. 35 &#8211; 38 Barzal Bajo<\/td><td>antonio.medina@contraloriameta.gov.co<\/td><\/tr><tr><td>Ariolfo Cruz Cristancho<\/td><td>6086704119<\/td><td>Carrera 34 No. 35 &#8211; 38 Barzal Bajo<\/td><td>ariolfo.cruz@contraloriameta.gov.co<\/td><\/tr><tr><td>Auditor\u00edas Contralor\u00eda Departamental del Meta<\/td><td>6086704119<\/td><td>Carrera 34 No. 35 &#8211; 38 Barzal Bajo<\/td><td>controlfiscal@contraloriameta.gov.co<\/td><\/tr><tr><td>Beatriz Benavides G\u00f3mez<\/td><td>6086704119<\/td><td>Carrera 34 No. 35 &#8211; 38 Barzal Bajo<\/td><td>beatriz.benavides@contraloriameta.gov.co<\/td><\/tr><tr><td>Bonny Darhyll Brayan Galindo Santos<\/td><td>6086704119<\/td><td>Carrera 34 No. 35 &#8211; 38 Barzal Bajo<\/td><td>contabilidad@contraloriameta.gov.co<\/td><\/tr><tr><td>Carlos Hern\u00e1n P\u00e9rez Cespedes<\/td><td>6086704119<\/td><td>Carrera 34 No. 35 &#8211; 38 Barzal Bajo<\/td><td>carlos.perez@contraloriameta.gov.co<\/td><\/tr><tr><td>C\u00e9sar Augusto Cruz Cristancho<\/td><td>6086704119<\/td><td>Carrera 34 No. 35 &#8211; 38 Barzal Bajo<\/td><td>cesar.cruz@contraloriameta.gov.co<\/td><\/tr><tr><td>Clara Patricia V\u00e1squez Ardila<\/td><td>6086704119<\/td><td>Carrera 34 No. 35 &#8211; 38 Barzal Bajo<\/td><td>clara.vasquez@contraloriameta.gov.co<\/td><\/tr><tr><td>Claudia Milena S\u00e1nchez Rojas<\/td><td>6086704119<\/td><td>Carrera 34 No. 35 &#8211; 38 Barzal Bajo<\/td><td>claudia.sanchez@contraloriameta.gov.co<\/td><\/tr><tr><td>Contralor Departamental del Meta<\/td><td>6086704119<\/td><td>Carrera 34 No. 35 &#8211; 38 Barzal Bajo<\/td><td>despacho@contraloriameta.gov.co<\/td><\/tr><tr><td>Contralor\u00eda Auxiliar de Responsabilidad Fiscal y Jurisdicci\u00f3n Coactiva<\/td><td>6086704119<\/td><td>Carrera 34 No. 35 &#8211; 38 Barzal Bajo<\/td><td>coactiva@contraloriameta.gov.co<\/td><\/tr><tr><td>Contralor\u00eda Auxiliar de Responsabilidad Fiscal y Jurisdicci\u00f3n Coactiva<\/td><td>6086704119<\/td><td>Carrera 34 No. 35 &#8211; 38 Barzal Bajo<\/td><td>responsabilidad_fiscal@contraloriameta.gov.co<\/td><\/tr><tr><td>Deivy Johan Su\u00e1rez Riveros<\/td><td>6086704119<\/td><td>Carrera 34 No. 35 &#8211; 38 Barzal Bajo<\/td><td>deivy.suarez@contraloriameta.gov.co<\/td><\/tr><tr><td>Diana Patricia Falla Rey<\/td><td>6086704119<\/td><td>Carrera 34 No. 35 &#8211; 38 Barzal Bajo<\/td><td>diana.falla@contraloriameta.gov.co<\/td><\/tr><tr><td>Diego Alexander De La Hoz Ordo\u00f1ez<\/td><td>6086704119<\/td><td>Carrera 34 No. 35 &#8211; 38 Barzal Bajo<\/td><td>diego.delahoz@contraloriameta.gov.co<\/td><\/tr><tr><td>Erika Tatiana Barney<\/td><td>6086704119<\/td><td>Carrera 34 No. 35 &#8211; 38 Barzal Bajo<\/td><td>erika.barney@contraloriameta.gov.co<\/td><\/tr><tr><td>Gesti\u00f3n Documental Contralor\u00eda Departamental del Meta<\/td><td>6086704119<\/td><td>Carrera 34 No. 35 &#8211; 38 Barzal Bajo<\/td><td>gestiondocumental@contraloriameta.gov.co<\/td><\/tr><tr><td>Ginna Lorena Mendoza Rodas<\/td><td>6086704119<\/td><td>Carrera 34 No. 35 &#8211; 38 Barzal Bajo<\/td><td>ginna.mendoza@contraloriameta.gov.co<\/td><\/tr><tr><td>Gloria Aurora Guzm\u00e1n<\/td><td>6086704119<\/td><td>Carrera 34 No. 35 &#8211; 38 Barzal Bajo<\/td><td>gloria.guzman@contraloriameta.gov.co<\/td><\/tr><tr><td>Hern\u00e1n Mauricio Quintero Ram\u00edrez<\/td><td>6086704119<\/td><td>Carrera 34 No. 35 &#8211; 38 Barzal Bajo<\/td><td>hernan.quintero@contraloriameta.gov.co<\/td><\/tr><tr><td>Jaime Londo\u00f1o Fl\u00f3rez<\/td><td>6086704119<\/td><td>Carrera 34 No. 35 &#8211; 38 Barzal Bajo<\/td><td>jaime.londono@contraloriameta.gov.co<\/td><\/tr><tr><td>Jhefferson Duvan Romero Triana<\/td><td>6086704119<\/td><td>Carrera 34 No. 35 &#8211; 38 Barzal Bajo<\/td><td>jhefferson.romero@contraloriameta.gov.co<\/td><\/tr><tr><td>Jos\u00e9 Dar\u00edo Torres Aguilera<\/td><td>6086704119<\/td><td>Carrera 34 No. 35 &#8211; 38 Barzal Bajo<\/td><td>jose.torres@contraloriameta.gov.co<\/td><\/tr><tr><td>Jos\u00e9 David Ballesteros Cano<\/td><td>6086704119<\/td><td>Carrera 34 No. 35 &#8211; 38 Barzal Bajo<\/td><td>jose.ballesteros@contraloriameta.gov.co<\/td><\/tr><tr><td>Jos\u00e9 Elias Vargas Ardila<\/td><td>6086704119<\/td><td>Carrera 34 No. 35 &#8211; 38 Barzal Bajo<\/td><td>jose.vargas@contraloriameta.gov.co<\/td><\/tr><tr><td>Juan Camilo Beltr\u00e1n Polan\u00eda<\/td><td>6086704119<\/td><td>Carrera 34 No. 35 &#8211; 38 Barzal Bajo<\/td><td>juan.beltran@contraloriameta.gov.co<\/td><\/tr><tr><td>Juan Carlos Granados Prieto<\/td><td>6086704119<\/td><td>Carrera 34 No. 35 &#8211; 38 Barzal Bajo<\/td><td>juan.granados@contraloriameta.gov.co<\/td><\/tr><tr><td>Karen Jazbleidy Amaya Monroy<\/td><td>6086704119<\/td><td>Carrera 34 No. 35 &#8211; 38 Barzal Bajo<\/td><td>karen.amaya@contraloriameta.gov.co<\/td><\/tr><tr><td>Laura Estefan\u00eda Restrepo Ramos<\/td><td>6086704119<\/td><td>Carrera 34 No. 35 &#8211; 38 Barzal Bajo<\/td><td>laura.restrepo@contraloriameta.gov.co<\/td><\/tr><tr><td>Laura Sof\u00eda Amado Quiroga<\/td><td>6086704119<\/td><td>Carrera 34 No. 35 &#8211; 38 Barzal Bajo<\/td><td>laura.amado@contraloriameta.gov.co<\/td><\/tr><tr><td>Leidi Stepfhani Beltr\u00e1n Granados<\/td><td>6086704119<\/td><td>Carrera 34 No. 35 &#8211; 38 Barzal Bajo<\/td><td>leidi.granados@contraloriameta.gov.co<\/td><\/tr><tr><td>Ligia Dunia Barrera Ord\u00faz<\/td><td>6086704119<\/td><td>Carrera 34 No. 35 &#8211; 38 Barzal Bajo<\/td><td>ligia.barrera@contraloriameta.gov.co<\/td><\/tr><tr><td>Luz Adriana Mart\u00ednez Arce<\/td><td>6086704119<\/td><td>Carrera 34 No. 35 &#8211; 38 Barzal Bajo<\/td><td>luz.martinez@contraloriameta.gov.co<\/td><\/tr><tr><td>Luz Denith Casas G\u00f3mez<\/td><td>6086704119<\/td><td>Carrera 34 No. 35 &#8211; 38 Barzal Bajo<\/td><td>luz.casas@contraloriameta.gov.co<\/td><\/tr><tr><td>Luz Matilde Mora Hern\u00e1ndez<\/td><td>6086704119<\/td><td>Carrera 34 No. 35 &#8211; 38 Barzal Bajo<\/td><td>luz.mora@contraloriameta.gov.co<\/td><\/tr><tr><td>Mesa de Ayuda Contralor\u00eda Departamental del Meta<\/td><td>6086704119<\/td><td>Carrera 34 No. 35 &#8211; 38 Barzal Bajo<\/td><td>mesadeayuda@contraloriameta.gov.co<\/td><\/tr><tr><td>Milton Gonz\u00e1lez Gonz\u00e1lez<\/td><td>6086704119<\/td><td>Carrera 34 No. 35 &#8211; 38 Barzal Bajo<\/td><td>control.fiscal@contraloriameta.gov.co<\/td><\/tr><tr><td>Milton Gonz\u00e1lez Gonz\u00e1lez<\/td><td>6086704119<\/td><td>Carrera 34 No. 35 &#8211; 38 Barzal Bajo<\/td><td>milton.gonzalez@contraloriameta.gov.co<\/td><\/tr><tr><td>M\u00f3nica Patricia Rey P\u00e9rez<\/td><td>6086704119<\/td><td>Carrera 34 No. 35 &#8211; 38 Barzal Bajo<\/td><td>tesoreria@contraloriameta.gov.co<\/td><\/tr><tr><td>M\u00f3nica V\u00e1squez Emperador<\/td><td>6086704119<\/td><td>Carrera 34 No. 35 &#8211; 38 Barzal Bajo<\/td><td>monica.vasquez@contraloriameta.gov.co<\/td><\/tr><tr><td>Nohora Rocio Garnica Lozano<\/td><td>6086704119<\/td><td>Carrera 34 No. 35 &#8211; 38 Barzal Bajo<\/td><td>controlinterno@contraloriameta.gov.co<\/td><\/tr><tr><td>Notificaciones Judiciales Contralor\u00eda Departamental del Meta<\/td><td>6086704119<\/td><td>Carrera 34 No. 35 &#8211; 38 Barzal Bajo<\/td><td>notificacionesjudiciales@contraloriameta.gov.co<\/td><\/tr><tr><td>Oficina de Sistemas Contralor\u00eda Departamental del Meta<\/td><td>6086704119<\/td><td>Carrera 34 No. 35 &#8211; 38 Barzal Bajo<\/td><td>sistemas@contraloriameta.gov.co<\/td><\/tr><tr><td>Paola\u00a0 Andrea Onatra Romero<\/td><td>6086704119<\/td><td>Carrera 34 No. 35 &#8211; 38 Barzal Bajo<\/td><td>paola.onatra@contraloriameta.gov.co<\/td><\/tr><tr><td>Participaci\u00f3n Ciudadana Contralor\u00eda Departamental del Meta<\/td><td>6086704119<\/td><td>Carrera 34 No. 35 &#8211; 38 Barzal Bajo<\/td><td>Participacionciudadana@contraloriameta.gov.co<\/td><\/tr><tr><td>Patricia Fierro Cruz<\/td><td>6086704119<\/td><td>Carrera 34 No. 35 &#8211; 38 Barzal Bajo<\/td><td>patricia.fierro@contraloriameta.gov.co<\/td><\/tr><tr><td>Planeaci\u00f3n Contralor\u00eda Departamental del Meta<\/td><td>6086704119<\/td><td>Carrera 34 No. 35 &#8211; 38 Barzal Bajo<\/td><td>planeacion@contraloriameta.gov.co<\/td><\/tr><tr><td>Rafael Ernesto Pedraza Riveros<\/td><td>6086704119<\/td><td>Carrera 34 No. 35 &#8211; 38 Barzal Bajo<\/td><td>rafael.pedraza@contraloriameta.gov.co<\/td><\/tr><tr><td>Sandra Liliana Vargas Cordero<\/td><td>6086704119<\/td><td>Carrera 34 No. 35 &#8211; 38 Barzal Bajo<\/td><td>sandra.vargas@contraloriameta.gov.co<\/td><\/tr><tr><td>Sandra Milena Casta\u00f1o P\u00e1ez<\/td><td>6086704119<\/td><td>Carrera 34 No. 35 &#8211; 38 Barzal Bajo<\/td><td>sandra.castano@contraloriameta.gov.co<\/td><\/tr><tr><td>Sandra Milena Casta\u00f1o Paez<\/td><td>6086704119<\/td><td>Carrera 34 No. 35 &#8211; 38 Barzal Bajo<\/td><td>talentohumano@contraloriameta.gov.co<\/td><\/tr><tr><td>Secretaria CARFJC<\/td><td>6086704119<\/td><td>Carrera 34 No. 35 &#8211; 38 Barzal Bajo<\/td><td>secretariacomunrfjc@contraloriameta.gov.co<\/td><\/tr><tr><td>Secretaria Despacho Contralor\u00eda Departamental del Meta<\/td><td>6086704119<\/td><td>Carrera 34 No. 35 &#8211; 38 Barzal Bajo<\/td><td>secretariadespacho@contraloriameta.gov.co<\/td><\/tr><tr><td>Secretar\u00eda General Contralor\u00eda Departamental del Meta<\/td><td>6086704119<\/td><td>Carrera 34 No. 35 &#8211; 38 Barzal Bajo<\/td><td>secretariageneral@contraloriameta.gov.co<\/td><\/tr><tr><td>Secretar\u00eda Participaci\u00f3n Ciudadana Contralor\u00eda Departamental del Meta<\/td><td>6086704119<\/td><td>Carrera 34 No. 35 &#8211; 38 Barzal Bajo<\/td><td>secretariaparticipacionciudadana@contraloriameta.gov.co<\/td><\/tr><tr><td>Sonia Rosalba Celis Lozada<\/td><td>6086704119<\/td><td>Carrera 34 No. 35 &#8211; 38 Barzal Bajo<\/td><td>sonia.celis@contraloriameta.gov.co<\/td><\/tr><tr><td>Uber Castro Peralta<\/td><td>6086704119<\/td><td>Carrera 34 No. 35 &#8211; 38 Barzal Bajo<\/td><td>uber.castro@contraloriameta.gov.co<\/td><\/tr><tr><td>Ventanilla \u00danica Contralor\u00eda Departamental del Meta<\/td><td>6086704119<\/td><td>Carrera 34 No. 35 &#8211; 38 Barzal Bajo<\/td><td>ventanilla-unica@contraloriameta.gov.co<\/td><\/tr><tr><td>Wilson Casteblanco Acevedo<\/td><td>6086704119<\/td><td>Carrera 34 No. 35 &#8211; 38 Barzal Bajo<\/td><td>wilson.casteblanco@contraloriameta.gov.co<\/td><\/tr><\/tbody><\/table>\t\t\t\t\t\t\t\t<\/div>\n\t\t\t\t<\/div>\n\t\t\t\t\t<\/div>\n\t\t\t\t<\/div>\n\t\t<div class=\"elementor-element elementor-element-7d80f1e e-flex e-con-boxed e-con e-parent\" data-id=\"7d80f1e\" data-element_type=\"container\" data-e-type=\"container\">\n\t\t\t\t\t<div class=\"e-con-inner\">\n\t\t\t\t<div class=\"elementor-element elementor-element-2f64d9b elementor-widget elementor-widget-text-editor\" data-id=\"2f64d9b\" data-element_type=\"widget\" data-e-type=\"widget\" data-widget_type=\"text-editor.default\">\n\t\t\t\t<div class=\"elementor-widget-container\">\n\t\t\t\t\t\t\t\t\t<table width=\"710\"><tbody><tr><td style=\"text-align: center;\" colspan=\"4\" width=\"544\"><h5><strong>\u00a0\u00a0\u00a0\u00a0\u00a0\u00a0\u00a0\u00a0\u00a0\u00a0\u00a0\u00a0\u00a0\u00a0\u00a0\u00a0\u00a0\u00a0\u00a0\u00a0\u00a0\u00a0\u00a0\u00a0\u00a0\u00a0\u00a0\u00a0\u00a0\u00a0\u00a0\u00a0\u00a0\u00a0\u00a0\u00a0\u00a0\u00a0\u00a0\u00a0\u00a0\u00a0\u00a0 DIRECTORIO DE DEPENDENCIAS\u00a0<\/strong><\/h5><\/td><\/tr><tr><td><strong>DEPENDENCIA<\/strong><\/td><td><strong>CORREOS\u00a0<\/strong><\/td><td><strong>TELEFONO<\/strong><\/td><td><strong>EXTENSION\u00a0<\/strong><\/td><\/tr><tr><td>VENTANILLA\u00a0<\/td><td><a href=\"mailto:ventanilla-unica@contraloriameta.gov.co\">ventanilla-unica@contraloriameta.gov.co<\/a><\/td><td>(608) 6704119<\/td><td>100<\/td><\/tr><tr><td>DESPACHO<\/td><td><a href=\"mailto:despacho@contraloriameta.gov.co\">despacho@contraloriameta.gov.co<\/a><\/td><td>(608) 6704069<\/td><td>400-401<\/td><\/tr><tr><td>SECRETARIA DESPACHO<\/td><td><a href=\"mailto:secretaria@contraloriameta.gov.co\">secretaria@contraloriameta.gov.co<\/a><\/td><td>\u00a0<\/td><td>401<\/td><\/tr><tr><td>ASESOR JUR\u00cdDICO DESPACHO<\/td><td><a href=\"mailto:notificacionesjudiciales@contraloriameta.gov.co\">notificacionesjudiciales@contraloriameta.gov.co<\/a><\/td><td>\u00a0<\/td><td>404<\/td><\/tr><tr><td>SECRETARIA GENERAL<\/td><td><a href=\"mailto:secretaria-general@contraloriameta.gov.co\">secretaria-general@contraloriameta.gov.co<\/a><\/td><td>\u00a0<\/td><td>402<\/td><\/tr><tr><td>OFICINA DE AUDITORIA CONTROL INTERNO<\/td><td><a href=\"mailto:controlinterno@contraloriameta.gov.co\">controlinterno@contraloriameta.gov.co<\/a><\/td><td>\u00a0<\/td><td>503<\/td><\/tr><tr><td>OFICINA ASESORA DE PLANEACI\u00d3N<\/td><td>planeacion@contraloriameta.gov.co<\/td><td>\u00a0<\/td><td>407<\/td><\/tr><tr><td>OFICINA DE INFORM\u00c1TICA<\/td><td><a href=\"mailto:sistemas@contraloriameta.gov.co\">sistemas@contraloriameta.gov.co<\/a><\/td><td>\u00a0<\/td><td>202-203<\/td><\/tr><tr><td>TESORERIA<\/td><td><a href=\"mailto:tesoreria@contraloriameta.gov.co\">tesoreria@contraloriameta.gov.co<\/a><\/td><td>\u00a0<\/td><td>201<\/td><\/tr><tr><td>CONTABILIDAD\u00a0<\/td><td><a href=\"mailto:contabilidad@contraloriameta.gov.co\">contabilidad@contraloriameta.gov.co<\/a><\/td><td>\u00a0<\/td><td>200<\/td><\/tr><tr><td>OFICINA DE CONTROL F\u00cdSCAL PARTICIPATIVO<\/td><td><a href=\"mailto:participacionciudadana@contraloriameta.gov.co\">participacionciudadana@contraloriameta.gov.co<\/a><\/td><td>\u00a0<\/td><td>305<\/td><\/tr><tr><td>RESPONSABILIDAD FISCAL\u00a0<\/td><td><a href=\"mailto:responsabilidad_fiscal@contraloriameta.gov.co\">responsabilidad_fiscal@contraloriameta.gov.co<\/a><\/td><td>\u00a0<\/td><td>501<\/td><\/tr><tr><td>CONTROL FISCAL\u00a0<\/td><td><a href=\"mailto:control.fiscal@contraloriameta.gov.co\">control.fiscal@contraloriameta.gov.co<\/a><\/td><td>\u00a0<\/td><td>300<\/td><\/tr><tr><td>SANCIONATORIOS<\/td><td><a href=\"mailto:ligia.barrera@contraloriameta.gov.co\">ligia.barrera@contraloriameta.gov.co<\/a><\/td><td>\u00a0<\/td><td>103<\/td><\/tr><tr><td width=\"235\">PROCESOS DE RESPONSABILIDAD FISCAL &#8211; COATIVA<\/td><td><a href=\"mailto:coativa@contraloria.gov.co\">coativa@contraloria.gov.co<\/a><\/td><td>\u00a0<\/td><td>507<\/td><\/tr><\/tbody><\/table>\t\t\t\t\t\t\t\t<\/div>\n\t\t\t\t<\/div>\n\t\t\t\t\t<\/div>\n\t\t\t\t<\/div>\n\t\t\t\t<\/div>\n\t\t","protected":false},"excerpt":{"rendered":"<p>Directorio telef\u00f3nico de funcionarios \u00a0 NOMBRES N\u00daMERO DIRECCION CORREOS\u00a0 Almac\u00e9n Contralor\u00eda Departamental del Meta 6086704119 Carrera 34 No. 35 &#8211; 38 Barzal Bajo almacen@contraloriameta.gov.co Ana Cecilia Velandia Herrera 6086704119 Carrera 34 No. 35 &#8211; 38 Barzal Bajo ana.velandia@contraloriameta.gov.co Ana Mar\u00eda Pulido Moreno 6086704119 Carrera 34 No. 35 &#8211; 38 Barzal Bajo ana.pulido@contraloriameta.gov.co Andr\u00e9s Leonardo Jim\u00e9nez [&hellip;]<\/p>\n","protected":false},"author":6,"featured_media":0,"parent":723,"menu_order":1,"comment_status":"closed","ping_status":"closed","template":"","meta":{"footnotes":""},"class_list":["post-1002","page","type-page","status-publish","hentry"],"yoast_head":"<!-- This site is optimized with the Yoast SEO plugin v27.2 - https:\/\/yoast.com\/product\/yoast-seo-wordpress\/ -->\n<title>Directorio - Contralor\u00eda Departamental del Meta<\/title>\n<meta name=\"robots\" content=\"index, follow, max-snippet:-1, max-image-preview:large, max-video-preview:-1\" \/>\n<link rel=\"canonical\" href=\"https:\/\/www.contraloriameta.gov.co\/?page_id=1002\" \/>\n<meta property=\"og:locale\" content=\"es_ES\" \/>\n<meta property=\"og:type\" content=\"article\" \/>\n<meta property=\"og:title\" content=\"Directorio - Contralor\u00eda Departamental del Meta\" \/>\n<meta property=\"og:description\" content=\"Directorio telef\u00f3nico de funcionarios \u00a0 NOMBRES N\u00daMERO DIRECCION CORREOS\u00a0 Almac\u00e9n Contralor\u00eda Departamental del Meta 6086704119 Carrera 34 No. 35 &#8211; 38 Barzal Bajo almacen@contraloriameta.gov.co Ana Cecilia Velandia Herrera 6086704119 Carrera 34 No. 35 &#8211; 38 Barzal Bajo ana.velandia@contraloriameta.gov.co Ana Mar\u00eda Pulido Moreno 6086704119 Carrera 34 No. 35 &#8211; 38 Barzal Bajo ana.pulido@contraloriameta.gov.co Andr\u00e9s Leonardo Jim\u00e9nez [&hellip;]\" \/>\n<meta property=\"og:url\" content=\"https:\/\/www.contraloriameta.gov.co\/?page_id=1002\" \/>\n<meta property=\"og:site_name\" content=\"Contralor\u00eda Departamental del Meta\" \/>\n<meta property=\"article:publisher\" content=\"https:\/\/www.facebook.com\/ContraloriaMeta\" \/>\n<meta property=\"article:modified_time\" content=\"2024-08-14T20:50:52+00:00\" \/>\n<meta name=\"twitter:card\" content=\"summary_large_image\" \/>\n<meta name=\"twitter:site\" content=\"@ContraloriaMeta\" \/>\n<meta name=\"twitter:label1\" content=\"Tiempo de lectura\" \/>\n\t<meta name=\"twitter:data1\" content=\"5 minutos\" \/>\n<script type=\"application\/ld+json\" class=\"yoast-schema-graph\">{\"@context\":\"https:\/\/schema.org\",\"@graph\":[{\"@type\":\"WebPage\",\"@id\":\"https:\/\/www.contraloriameta.gov.co\/?page_id=1002\",\"url\":\"https:\/\/www.contraloriameta.gov.co\/?page_id=1002\",\"name\":\"Directorio - Contralor\u00eda Departamental del Meta\",\"isPartOf\":{\"@id\":\"https:\/\/www.contraloriameta.gov.co\/#website\"},\"datePublished\":\"2016-12-02T23:14:43+00:00\",\"dateModified\":\"2024-08-14T20:50:52+00:00\",\"breadcrumb\":{\"@id\":\"https:\/\/www.contraloriameta.gov.co\/?page_id=1002#breadcrumb\"},\"inLanguage\":\"es\",\"potentialAction\":[{\"@type\":\"ReadAction\",\"target\":[\"https:\/\/www.contraloriameta.gov.co\/?page_id=1002\"]}]},{\"@type\":\"BreadcrumbList\",\"@id\":\"https:\/\/www.contraloriameta.gov.co\/?page_id=1002#breadcrumb\",\"itemListElement\":[{\"@type\":\"ListItem\",\"position\":1,\"name\":\"Portada\",\"item\":\"https:\/\/www.contraloriameta.gov.co\/\"},{\"@type\":\"ListItem\",\"position\":2,\"name\":\"Nuestra Entidad\",\"item\":\"https:\/\/www.contraloriameta.gov.co\/\"},{\"@type\":\"ListItem\",\"position\":3,\"name\":\"Talento Humano\",\"item\":\"https:\/\/www.contraloriameta.gov.co\/?page_id=723\"},{\"@type\":\"ListItem\",\"position\":4,\"name\":\"Directorio\"}]},{\"@type\":\"WebSite\",\"@id\":\"https:\/\/www.contraloriameta.gov.co\/#website\",\"url\":\"https:\/\/www.contraloriameta.gov.co\/\",\"name\":\"Contralor\u00eda Departamental del Meta\",\"description\":\"\",\"publisher\":{\"@id\":\"https:\/\/www.contraloriameta.gov.co\/#organization\"},\"potentialAction\":[{\"@type\":\"SearchAction\",\"target\":{\"@type\":\"EntryPoint\",\"urlTemplate\":\"https:\/\/www.contraloriameta.gov.co\/?s={search_term_string}\"},\"query-input\":{\"@type\":\"PropertyValueSpecification\",\"valueRequired\":true,\"valueName\":\"search_term_string\"}}],\"inLanguage\":\"es\"},{\"@type\":\"Organization\",\"@id\":\"https:\/\/www.contraloriameta.gov.co\/#organization\",\"name\":\"Contralor\u00eda Departamental del Meta\",\"url\":\"https:\/\/www.contraloriameta.gov.co\/\",\"logo\":{\"@type\":\"ImageObject\",\"inLanguage\":\"es\",\"@id\":\"https:\/\/www.contraloriameta.gov.co\/#\/schema\/logo\/image\/\",\"url\":\"https:\/\/www.contraloriameta.gov.co\/wp-content\/uploads\/LOGO_CDM_01.jpg\",\"contentUrl\":\"https:\/\/www.contraloriameta.gov.co\/wp-content\/uploads\/LOGO_CDM_01.jpg\",\"width\":2372,\"height\":876,\"caption\":\"Contralor\u00eda Departamental del Meta\"},\"image\":{\"@id\":\"https:\/\/www.contraloriameta.gov.co\/#\/schema\/logo\/image\/\"},\"sameAs\":[\"https:\/\/www.facebook.com\/ContraloriaMeta\",\"https:\/\/x.com\/ContraloriaMeta\",\"https:\/\/instagram.com\/contraloria.meta\"]}]}<\/script>\n<!-- \/ Yoast SEO plugin. -->","yoast_head_json":{"title":"Directorio - Contralor\u00eda Departamental del Meta","robots":{"index":"index","follow":"follow","max-snippet":"max-snippet:-1","max-image-preview":"max-image-preview:large","max-video-preview":"max-video-preview:-1"},"canonical":"https:\/\/www.contraloriameta.gov.co\/?page_id=1002","og_locale":"es_ES","og_type":"article","og_title":"Directorio - Contralor\u00eda Departamental del Meta","og_description":"Directorio telef\u00f3nico de funcionarios \u00a0 NOMBRES N\u00daMERO DIRECCION CORREOS\u00a0 Almac\u00e9n Contralor\u00eda Departamental del Meta 6086704119 Carrera 34 No. 35 &#8211; 38 Barzal Bajo almacen@contraloriameta.gov.co Ana Cecilia Velandia Herrera 6086704119 Carrera 34 No. 35 &#8211; 38 Barzal Bajo ana.velandia@contraloriameta.gov.co Ana Mar\u00eda Pulido Moreno 6086704119 Carrera 34 No. 35 &#8211; 38 Barzal Bajo ana.pulido@contraloriameta.gov.co Andr\u00e9s Leonardo Jim\u00e9nez [&hellip;]","og_url":"https:\/\/www.contraloriameta.gov.co\/?page_id=1002","og_site_name":"Contralor\u00eda Departamental del Meta","article_publisher":"https:\/\/www.facebook.com\/ContraloriaMeta","article_modified_time":"2024-08-14T20:50:52+00:00","twitter_card":"summary_large_image","twitter_site":"@ContraloriaMeta","twitter_misc":{"Tiempo de lectura":"5 minutos"},"schema":{"@context":"https:\/\/schema.org","@graph":[{"@type":"WebPage","@id":"https:\/\/www.contraloriameta.gov.co\/?page_id=1002","url":"https:\/\/www.contraloriameta.gov.co\/?page_id=1002","name":"Directorio - Contralor\u00eda Departamental del Meta","isPartOf":{"@id":"https:\/\/www.contraloriameta.gov.co\/#website"},"datePublished":"2016-12-02T23:14:43+00:00","dateModified":"2024-08-14T20:50:52+00:00","breadcrumb":{"@id":"https:\/\/www.contraloriameta.gov.co\/?page_id=1002#breadcrumb"},"inLanguage":"es","potentialAction":[{"@type":"ReadAction","target":["https:\/\/www.contraloriameta.gov.co\/?page_id=1002"]}]},{"@type":"BreadcrumbList","@id":"https:\/\/www.contraloriameta.gov.co\/?page_id=1002#breadcrumb","itemListElement":[{"@type":"ListItem","position":1,"name":"Portada","item":"https:\/\/www.contraloriameta.gov.co\/"},{"@type":"ListItem","position":2,"name":"Nuestra Entidad","item":"https:\/\/www.contraloriameta.gov.co\/"},{"@type":"ListItem","position":3,"name":"Talento Humano","item":"https:\/\/www.contraloriameta.gov.co\/?page_id=723"},{"@type":"ListItem","position":4,"name":"Directorio"}]},{"@type":"WebSite","@id":"https:\/\/www.contraloriameta.gov.co\/#website","url":"https:\/\/www.contraloriameta.gov.co\/","name":"Contralor\u00eda Departamental del Meta","description":"","publisher":{"@id":"https:\/\/www.contraloriameta.gov.co\/#organization"},"potentialAction":[{"@type":"SearchAction","target":{"@type":"EntryPoint","urlTemplate":"https:\/\/www.contraloriameta.gov.co\/?s={search_term_string}"},"query-input":{"@type":"PropertyValueSpecification","valueRequired":true,"valueName":"search_term_string"}}],"inLanguage":"es"},{"@type":"Organization","@id":"https:\/\/www.contraloriameta.gov.co\/#organization","name":"Contralor\u00eda Departamental del Meta","url":"https:\/\/www.contraloriameta.gov.co\/","logo":{"@type":"ImageObject","inLanguage":"es","@id":"https:\/\/www.contraloriameta.gov.co\/#\/schema\/logo\/image\/","url":"https:\/\/www.contraloriameta.gov.co\/wp-content\/uploads\/LOGO_CDM_01.jpg","contentUrl":"https:\/\/www.contraloriameta.gov.co\/wp-content\/uploads\/LOGO_CDM_01.jpg","width":2372,"height":876,"caption":"Contralor\u00eda Departamental del Meta"},"image":{"@id":"https:\/\/www.contraloriameta.gov.co\/#\/schema\/logo\/image\/"},"sameAs":["https:\/\/www.facebook.com\/ContraloriaMeta","https:\/\/x.com\/ContraloriaMeta","https:\/\/instagram.com\/contraloria.meta"]}]}},"_links":{"self":[{"href":"https:\/\/www.contraloriameta.gov.co\/index.php?rest_route=\/wp\/v2\/pages\/1002","targetHints":{"allow":["GET"]}}],"collection":[{"href":"https:\/\/www.contraloriameta.gov.co\/index.php?rest_route=\/wp\/v2\/pages"}],"about":[{"href":"https:\/\/www.contraloriameta.gov.co\/index.php?rest_route=\/wp\/v2\/types\/page"}],"author":[{"embeddable":true,"href":"https:\/\/www.contraloriameta.gov.co\/index.php?rest_route=\/wp\/v2\/users\/6"}],"replies":[{"embeddable":true,"href":"https:\/\/www.contraloriameta.gov.co\/index.php?rest_route=%2Fwp%2Fv2%2Fcomments&post=1002"}],"version-history":[{"count":25,"href":"https:\/\/www.contraloriameta.gov.co\/index.php?rest_route=\/wp\/v2\/pages\/1002\/revisions"}],"predecessor-version":[{"id":43292,"href":"https:\/\/www.contraloriameta.gov.co\/index.php?rest_route=\/wp\/v2\/pages\/1002\/revisions\/43292"}],"up":[{"embeddable":true,"href":"https:\/\/www.contraloriameta.gov.co\/index.php?rest_route=\/wp\/v2\/pages\/723"}],"wp:attachment":[{"href":"https:\/\/www.contraloriameta.gov.co\/index.php?rest_route=%2Fwp%2Fv2%2Fmedia&parent=1002"}],"curies":[{"name":"wp","href":"https:\/\/api.w.org\/{rel}","templated":true}]}}